{"id":11235,"date":"2024-05-07T12:58:56","date_gmt":"2024-05-07T16:58:56","guid":{"rendered":"https:\/\/asulf.org\/?page_id=11235"},"modified":"2024-05-09T18:35:00","modified_gmt":"2024-05-09T22:35:00","slug":"shq-asulf-2020","status":"publish","type":"page","link":"https:\/\/asulf.org\/?page_id=11235","title":{"rendered":"SHQ &#8211; Asulf 2020"},"content":{"rendered":"\n<h1 class=\"wp-block-heading\"><\/h1>\n\n\n\n<p>Une bourse de 100 $ a \u00e9t\u00e9 offerte par l\u2019Asulf (Association pour le soutien et l\u2019usage de la langue fran\u00e7aise) pour r\u00e9compenser le texte qui s\u2019est d\u00e9marqu\u00e9 par la qualit\u00e9 de la langue fran\u00e7aise dans le cadre du concours d\u2019\u00e9criture historique de la Soci\u00e9t\u00e9 historique de Qu\u00e9bec.<\/p>\n\n\n\n<p>Cette ann\u00e9e, le texte de Madame Annabelle Dussault,<em>  <a href=\"https:\/\/asulf.org\/wp-content\/uploads\/2024\/05\/2020-Annedda.pdf\" target=\"_blank\" rel=\"noreferrer noopener\">Annedda<\/a><\/em>, a remport\u00e9 le Prix de l\u2019Asulf.<\/p>\n","protected":false},"excerpt":{"rendered":"<p>Une bourse de 100 $ a \u00e9t\u00e9 offerte par l\u2019Asulf (Association pour le soutien et l\u2019usage de la langue fran\u00e7aise) pour r\u00e9compenser le texte qui s\u2019est d\u00e9marqu\u00e9 par la qualit\u00e9 de la langue fran\u00e7aise dans le cadre du concours d\u2019\u00e9criture historique de la Soci\u00e9t\u00e9 historique de Qu\u00e9bec. Cette ann\u00e9e, le texte de Madame Annabelle Dussault,&#8230;<\/p>\n","protected":false},"author":12,"featured_media":0,"parent":0,"menu_order":0,"comment_status":"closed","ping_status":"closed","template":"","meta":{"footnotes":""},"class_list":["post-11235","page","type-page","status-publish","hentry"],"yoast_head":"<!-- This site is optimized with the Yoast SEO plugin v27.5 - https:\/\/yoast.com\/product\/yoast-seo-wordpress\/ -->\n<title>SHQ - Asulf 2020 -<\/title>\n<meta name=\"robots\" content=\"index, follow, max-snippet:-1, max-image-preview:large, max-video-preview:-1\" \/>\n<link rel=\"canonical\" href=\"https:\/\/asulf.org\/shq-asulf-2020\/\" \/>\n<meta property=\"og:locale\" content=\"fr_FR\" \/>\n<meta property=\"og:type\" content=\"article\" \/>\n<meta property=\"og:title\" content=\"SHQ - Asulf 2020 -\" \/>\n<meta property=\"og:description\" content=\"Une bourse de 100 $ a \u00e9t\u00e9 offerte par l\u2019Asulf (Association pour le soutien et l\u2019usage de la langue fran\u00e7aise) pour r\u00e9compenser le texte qui s\u2019est d\u00e9marqu\u00e9 par la qualit\u00e9 de la langue fran\u00e7aise dans le cadre du concours d\u2019\u00e9criture historique de la Soci\u00e9t\u00e9 historique de Qu\u00e9bec. Cette ann\u00e9e, le texte de Madame Annabelle Dussault,...\" \/>\n<meta property=\"og:url\" content=\"https:\/\/asulf.org\/shq-asulf-2020\/\" \/>\n<meta property=\"article:publisher\" content=\"https:\/\/www.facebook.com\/Association-pour-le-soutien-et-lusage-de-la-langue-fran%c3%a7aise-ASULF-1702235186671805\" \/>\n<meta property=\"article:modified_time\" content=\"2024-05-09T22:35:00+00:00\" \/>\n<meta name=\"twitter:card\" content=\"summary_large_image\" \/>\n<meta name=\"twitter:label1\" content=\"Dur\u00e9e de lecture estim\u00e9e\" \/>\n\t<meta name=\"twitter:data1\" content=\"1 minute\" \/>\n<script type=\"application\/ld+json\" class=\"yoast-schema-graph\">{\"@context\":\"https:\\\/\\\/schema.org\",\"@graph\":[{\"@type\":\"WebPage\",\"@id\":\"https:\\\/\\\/asulf.org\\\/shq-asulf-2020\\\/\",\"url\":\"https:\\\/\\\/asulf.org\\\/shq-asulf-2020\\\/\",\"name\":\"SHQ - Asulf 2020 -\",\"isPartOf\":{\"@id\":\"https:\\\/\\\/asulf.org\\\/#website\"},\"datePublished\":\"2024-05-07T16:58:56+00:00\",\"dateModified\":\"2024-05-09T22:35:00+00:00\",\"breadcrumb\":{\"@id\":\"https:\\\/\\\/asulf.org\\\/shq-asulf-2020\\\/#breadcrumb\"},\"inLanguage\":\"fr-FR\",\"potentialAction\":[{\"@type\":\"ReadAction\",\"target\":[\"https:\\\/\\\/asulf.org\\\/shq-asulf-2020\\\/\"]}]},{\"@type\":\"BreadcrumbList\",\"@id\":\"https:\\\/\\\/asulf.org\\\/shq-asulf-2020\\\/#breadcrumb\",\"itemListElement\":[{\"@type\":\"ListItem\",\"position\":1,\"name\":\"Accueil\",\"item\":\"https:\\\/\\\/asulf.org\\\/\"},{\"@type\":\"ListItem\",\"position\":2,\"name\":\"SHQ &#8211; Asulf 2020\"}]},{\"@type\":\"WebSite\",\"@id\":\"https:\\\/\\\/asulf.org\\\/#website\",\"url\":\"https:\\\/\\\/asulf.org\\\/\",\"name\":\"\",\"description\":\"Association pour le soutien et l\u2019usage de la langue fran\u00e7aise\",\"publisher\":{\"@id\":\"https:\\\/\\\/asulf.org\\\/#organization\"},\"potentialAction\":[{\"@type\":\"SearchAction\",\"target\":{\"@type\":\"EntryPoint\",\"urlTemplate\":\"https:\\\/\\\/asulf.org\\\/?s={search_term_string}\"},\"query-input\":{\"@type\":\"PropertyValueSpecification\",\"valueRequired\":true,\"valueName\":\"search_term_string\"}}],\"inLanguage\":\"fr-FR\"},{\"@type\":\"Organization\",\"@id\":\"https:\\\/\\\/asulf.org\\\/#organization\",\"name\":\"ASULF\",\"url\":\"https:\\\/\\\/asulf.org\\\/\",\"logo\":{\"@type\":\"ImageObject\",\"inLanguage\":\"fr-FR\",\"@id\":\"https:\\\/\\\/asulf.org\\\/#\\\/schema\\\/logo\\\/image\\\/\",\"url\":\"https:\\\/\\\/asulf.org\\\/wp-content\\\/uploads\\\/2021\\\/03\\\/cropped-asulf-logo-png-2.png\",\"contentUrl\":\"https:\\\/\\\/asulf.org\\\/wp-content\\\/uploads\\\/2021\\\/03\\\/cropped-asulf-logo-png-2.png\",\"width\":2068,\"height\":1086,\"caption\":\"ASULF\"},\"image\":{\"@id\":\"https:\\\/\\\/asulf.org\\\/#\\\/schema\\\/logo\\\/image\\\/\"},\"sameAs\":[\"https:\\\/\\\/www.facebook.com\\\/Association-pour-le-soutien-et-lusage-de-la-langue-fran\u00e7aise-ASULF-1702235186671805\"]}]}<\/script>\n<!-- \/ Yoast SEO plugin. -->","yoast_head_json":{"title":"SHQ - Asulf 2020 -","robots":{"index":"index","follow":"follow","max-snippet":"max-snippet:-1","max-image-preview":"max-image-preview:large","max-video-preview":"max-video-preview:-1"},"canonical":"https:\/\/asulf.org\/shq-asulf-2020\/","og_locale":"fr_FR","og_type":"article","og_title":"SHQ - Asulf 2020 -","og_description":"Une bourse de 100 $ a \u00e9t\u00e9 offerte par l\u2019Asulf (Association pour le soutien et l\u2019usage de la langue fran\u00e7aise) pour r\u00e9compenser le texte qui s\u2019est d\u00e9marqu\u00e9 par la qualit\u00e9 de la langue fran\u00e7aise dans le cadre du concours d\u2019\u00e9criture historique de la Soci\u00e9t\u00e9 historique de Qu\u00e9bec. Cette ann\u00e9e, le texte de Madame Annabelle Dussault,...","og_url":"https:\/\/asulf.org\/shq-asulf-2020\/","article_publisher":"https:\/\/www.facebook.com\/Association-pour-le-soutien-et-lusage-de-la-langue-fran%c3%a7aise-ASULF-1702235186671805","article_modified_time":"2024-05-09T22:35:00+00:00","twitter_card":"summary_large_image","twitter_misc":{"Dur\u00e9e de lecture estim\u00e9e":"1 minute"},"schema":{"@context":"https:\/\/schema.org","@graph":[{"@type":"WebPage","@id":"https:\/\/asulf.org\/shq-asulf-2020\/","url":"https:\/\/asulf.org\/shq-asulf-2020\/","name":"SHQ - Asulf 2020 -","isPartOf":{"@id":"https:\/\/asulf.org\/#website"},"datePublished":"2024-05-07T16:58:56+00:00","dateModified":"2024-05-09T22:35:00+00:00","breadcrumb":{"@id":"https:\/\/asulf.org\/shq-asulf-2020\/#breadcrumb"},"inLanguage":"fr-FR","potentialAction":[{"@type":"ReadAction","target":["https:\/\/asulf.org\/shq-asulf-2020\/"]}]},{"@type":"BreadcrumbList","@id":"https:\/\/asulf.org\/shq-asulf-2020\/#breadcrumb","itemListElement":[{"@type":"ListItem","position":1,"name":"Accueil","item":"https:\/\/asulf.org\/"},{"@type":"ListItem","position":2,"name":"SHQ &#8211; Asulf 2020"}]},{"@type":"WebSite","@id":"https:\/\/asulf.org\/#website","url":"https:\/\/asulf.org\/","name":"","description":"Association pour le soutien et l\u2019usage de la langue fran\u00e7aise","publisher":{"@id":"https:\/\/asulf.org\/#organization"},"potentialAction":[{"@type":"SearchAction","target":{"@type":"EntryPoint","urlTemplate":"https:\/\/asulf.org\/?s={search_term_string}"},"query-input":{"@type":"PropertyValueSpecification","valueRequired":true,"valueName":"search_term_string"}}],"inLanguage":"fr-FR"},{"@type":"Organization","@id":"https:\/\/asulf.org\/#organization","name":"ASULF","url":"https:\/\/asulf.org\/","logo":{"@type":"ImageObject","inLanguage":"fr-FR","@id":"https:\/\/asulf.org\/#\/schema\/logo\/image\/","url":"https:\/\/asulf.org\/wp-content\/uploads\/2021\/03\/cropped-asulf-logo-png-2.png","contentUrl":"https:\/\/asulf.org\/wp-content\/uploads\/2021\/03\/cropped-asulf-logo-png-2.png","width":2068,"height":1086,"caption":"ASULF"},"image":{"@id":"https:\/\/asulf.org\/#\/schema\/logo\/image\/"},"sameAs":["https:\/\/www.facebook.com\/Association-pour-le-soutien-et-lusage-de-la-langue-fran\u00e7aise-ASULF-1702235186671805"]}]}},"_links":{"self":[{"href":"https:\/\/asulf.org\/index.php?rest_route=\/wp\/v2\/pages\/11235","targetHints":{"allow":["GET"]}}],"collection":[{"href":"https:\/\/asulf.org\/index.php?rest_route=\/wp\/v2\/pages"}],"about":[{"href":"https:\/\/asulf.org\/index.php?rest_route=\/wp\/v2\/types\/page"}],"author":[{"embeddable":true,"href":"https:\/\/asulf.org\/index.php?rest_route=\/wp\/v2\/users\/12"}],"replies":[{"embeddable":true,"href":"https:\/\/asulf.org\/index.php?rest_route=%2Fwp%2Fv2%2Fcomments&post=11235"}],"version-history":[{"count":5,"href":"https:\/\/asulf.org\/index.php?rest_route=\/wp\/v2\/pages\/11235\/revisions"}],"predecessor-version":[{"id":11261,"href":"https:\/\/asulf.org\/index.php?rest_route=\/wp\/v2\/pages\/11235\/revisions\/11261"}],"wp:attachment":[{"href":"https:\/\/asulf.org\/index.php?rest_route=%2Fwp%2Fv2%2Fmedia&parent=11235"}],"curies":[{"name":"wp","href":"https:\/\/api.w.org\/{rel}","templated":true}]}}