{"id":11340,"date":"2024-05-15T15:38:29","date_gmt":"2024-05-15T19:38:29","guid":{"rendered":"https:\/\/asulf.org\/?page_id=11340"},"modified":"2025-04-30T10:06:06","modified_gmt":"2025-04-30T14:06:06","slug":"shq-asulf-2024","status":"publish","type":"page","link":"https:\/\/asulf.org\/?page_id=11340","title":{"rendered":"SHQ &#8211; Asulf 2024"},"content":{"rendered":"<p><span style=\"color: #242424; font-family: 'Segoe UI', 'Segoe UI Web (West European)', 'Segoe UI', -apple-system, BlinkMacSystemFont, Roboto, 'Helvetica Neue', sans-serif; font-size: 15px; white-space-collapse: collapse;\">Le Prix Pierrette-Vachon-L&rsquo;Heureux 2024 a \u00e9t\u00e9 d\u00e9cern\u00e9 \u00e0 \u00c8ve Stastny de l&rsquo;\u00c9cole Cardinal-Roy le 5 mai.<\/span><\/p>\n<div style=\"border: 0px; font-variant-numeric: inherit; font-variant-east-asian: inherit; font-variant-alternates: inherit; font-variant-position: inherit; font-stretch: inherit; font-size: 15px; line-height: inherit; font-family: 'Segoe UI', 'Segoe UI Web (West European)', 'Segoe UI', -apple-system, BlinkMacSystemFont, Roboto, 'Helvetica Neue', sans-serif; font-optical-sizing: inherit; font-kerning: inherit; font-feature-settings: inherit; font-variation-settings: inherit; margin: 0px; padding: 0px; vertical-align: baseline; color: #242424; white-space-collapse: collapse;\">Le\u00a0<span class=\"markjpg0hntj7\" style=\"border: 0px; font: inherit; margin: 0px; padding: 0px; vertical-align: baseline; color: inherit;\" data-markjs=\"true\" data-ogac=\"\" data-ogab=\"\" data-ogsc=\"\" data-ogsb=\"\">texte<\/span>, intitul\u00e9 <a href=\"https:\/\/asulf.org\/wp-content\/uploads\/2024\/05\/2024-Dune-rive-a-lautre.pdf\" target=\"_blank\" rel=\"noopener\"><em>D&rsquo;une rive \u00e0 l&rsquo;autre<\/em><\/a>, a \u00e9t\u00e9 couronn\u00e9 \u00e0 la fois par l\u00a0\u00bbAsulf, en raison de la qualit\u00e9 de l&rsquo;\u00e9criture, et par la SHQ, en raison de sa valeur historique.<\/div>\n","protected":false},"excerpt":{"rendered":"<p>Le Prix Pierrette-Vachon-L&rsquo;Heureux 2024 a \u00e9t\u00e9 d\u00e9cern\u00e9 \u00e0 \u00c8ve Stastny de l&rsquo;\u00c9cole Cardinal-Roy le 5 mai. Le\u00a0texte, intitul\u00e9 D&rsquo;une rive \u00e0 l&rsquo;autre, a \u00e9t\u00e9 couronn\u00e9 \u00e0 la fois par l\u00a0\u00bbAsulf, en raison de la qualit\u00e9 de l&rsquo;\u00e9criture, et par la SHQ, en raison de sa valeur historique.<\/p>\n","protected":false},"author":12,"featured_media":0,"parent":0,"menu_order":0,"comment_status":"closed","ping_status":"closed","template":"","meta":{"footnotes":""},"class_list":["post-11340","page","type-page","status-publish","hentry"],"yoast_head":"<!-- This site is optimized with the Yoast SEO plugin v27.5 - https:\/\/yoast.com\/product\/yoast-seo-wordpress\/ -->\n<title>SHQ - Asulf 2024 -<\/title>\n<meta name=\"robots\" content=\"index, follow, max-snippet:-1, max-image-preview:large, max-video-preview:-1\" \/>\n<link rel=\"canonical\" href=\"https:\/\/asulf.org\/shq-asulf-2024\/\" \/>\n<meta property=\"og:locale\" content=\"fr_FR\" \/>\n<meta property=\"og:type\" content=\"article\" \/>\n<meta property=\"og:title\" content=\"SHQ - Asulf 2024 -\" \/>\n<meta property=\"og:description\" content=\"Le Prix Pierrette-Vachon-L&rsquo;Heureux 2024 a \u00e9t\u00e9 d\u00e9cern\u00e9 \u00e0 \u00c8ve Stastny de l&rsquo;\u00c9cole Cardinal-Roy le 5 mai. Le\u00a0texte, intitul\u00e9 D&rsquo;une rive \u00e0 l&rsquo;autre, a \u00e9t\u00e9 couronn\u00e9 \u00e0 la fois par l\u00a0\u00bbAsulf, en raison de la qualit\u00e9 de l&rsquo;\u00e9criture, et par la SHQ, en raison de sa valeur historique.\" \/>\n<meta property=\"og:url\" content=\"https:\/\/asulf.org\/shq-asulf-2024\/\" \/>\n<meta property=\"article:publisher\" content=\"https:\/\/www.facebook.com\/Association-pour-le-soutien-et-lusage-de-la-langue-fran%c3%a7aise-ASULF-1702235186671805\" \/>\n<meta property=\"article:modified_time\" content=\"2025-04-30T14:06:06+00:00\" \/>\n<meta name=\"twitter:card\" content=\"summary_large_image\" \/>\n<meta name=\"twitter:label1\" content=\"Dur\u00e9e de lecture estim\u00e9e\" \/>\n\t<meta name=\"twitter:data1\" content=\"1 minute\" \/>\n<script type=\"application\/ld+json\" class=\"yoast-schema-graph\">{\"@context\":\"https:\\\/\\\/schema.org\",\"@graph\":[{\"@type\":\"WebPage\",\"@id\":\"https:\\\/\\\/asulf.org\\\/shq-asulf-2024\\\/\",\"url\":\"https:\\\/\\\/asulf.org\\\/shq-asulf-2024\\\/\",\"name\":\"SHQ - Asulf 2024 -\",\"isPartOf\":{\"@id\":\"https:\\\/\\\/asulf.org\\\/#website\"},\"datePublished\":\"2024-05-15T19:38:29+00:00\",\"dateModified\":\"2025-04-30T14:06:06+00:00\",\"breadcrumb\":{\"@id\":\"https:\\\/\\\/asulf.org\\\/shq-asulf-2024\\\/#breadcrumb\"},\"inLanguage\":\"fr-FR\",\"potentialAction\":[{\"@type\":\"ReadAction\",\"target\":[\"https:\\\/\\\/asulf.org\\\/shq-asulf-2024\\\/\"]}]},{\"@type\":\"BreadcrumbList\",\"@id\":\"https:\\\/\\\/asulf.org\\\/shq-asulf-2024\\\/#breadcrumb\",\"itemListElement\":[{\"@type\":\"ListItem\",\"position\":1,\"name\":\"Accueil\",\"item\":\"https:\\\/\\\/asulf.org\\\/\"},{\"@type\":\"ListItem\",\"position\":2,\"name\":\"SHQ &#8211; Asulf 2024\"}]},{\"@type\":\"WebSite\",\"@id\":\"https:\\\/\\\/asulf.org\\\/#website\",\"url\":\"https:\\\/\\\/asulf.org\\\/\",\"name\":\"\",\"description\":\"Association pour le soutien et l\u2019usage de la langue fran\u00e7aise\",\"publisher\":{\"@id\":\"https:\\\/\\\/asulf.org\\\/#organization\"},\"potentialAction\":[{\"@type\":\"SearchAction\",\"target\":{\"@type\":\"EntryPoint\",\"urlTemplate\":\"https:\\\/\\\/asulf.org\\\/?s={search_term_string}\"},\"query-input\":{\"@type\":\"PropertyValueSpecification\",\"valueRequired\":true,\"valueName\":\"search_term_string\"}}],\"inLanguage\":\"fr-FR\"},{\"@type\":\"Organization\",\"@id\":\"https:\\\/\\\/asulf.org\\\/#organization\",\"name\":\"ASULF\",\"url\":\"https:\\\/\\\/asulf.org\\\/\",\"logo\":{\"@type\":\"ImageObject\",\"inLanguage\":\"fr-FR\",\"@id\":\"https:\\\/\\\/asulf.org\\\/#\\\/schema\\\/logo\\\/image\\\/\",\"url\":\"https:\\\/\\\/asulf.org\\\/wp-content\\\/uploads\\\/2021\\\/03\\\/cropped-asulf-logo-png-2.png\",\"contentUrl\":\"https:\\\/\\\/asulf.org\\\/wp-content\\\/uploads\\\/2021\\\/03\\\/cropped-asulf-logo-png-2.png\",\"width\":2068,\"height\":1086,\"caption\":\"ASULF\"},\"image\":{\"@id\":\"https:\\\/\\\/asulf.org\\\/#\\\/schema\\\/logo\\\/image\\\/\"},\"sameAs\":[\"https:\\\/\\\/www.facebook.com\\\/Association-pour-le-soutien-et-lusage-de-la-langue-fran\u00e7aise-ASULF-1702235186671805\"]}]}<\/script>\n<!-- \/ Yoast SEO plugin. -->","yoast_head_json":{"title":"SHQ - Asulf 2024 -","robots":{"index":"index","follow":"follow","max-snippet":"max-snippet:-1","max-image-preview":"max-image-preview:large","max-video-preview":"max-video-preview:-1"},"canonical":"https:\/\/asulf.org\/shq-asulf-2024\/","og_locale":"fr_FR","og_type":"article","og_title":"SHQ - Asulf 2024 -","og_description":"Le Prix Pierrette-Vachon-L&rsquo;Heureux 2024 a \u00e9t\u00e9 d\u00e9cern\u00e9 \u00e0 \u00c8ve Stastny de l&rsquo;\u00c9cole Cardinal-Roy le 5 mai. Le\u00a0texte, intitul\u00e9 D&rsquo;une rive \u00e0 l&rsquo;autre, a \u00e9t\u00e9 couronn\u00e9 \u00e0 la fois par l\u00a0\u00bbAsulf, en raison de la qualit\u00e9 de l&rsquo;\u00e9criture, et par la SHQ, en raison de sa valeur historique.","og_url":"https:\/\/asulf.org\/shq-asulf-2024\/","article_publisher":"https:\/\/www.facebook.com\/Association-pour-le-soutien-et-lusage-de-la-langue-fran%c3%a7aise-ASULF-1702235186671805","article_modified_time":"2025-04-30T14:06:06+00:00","twitter_card":"summary_large_image","twitter_misc":{"Dur\u00e9e de lecture estim\u00e9e":"1 minute"},"schema":{"@context":"https:\/\/schema.org","@graph":[{"@type":"WebPage","@id":"https:\/\/asulf.org\/shq-asulf-2024\/","url":"https:\/\/asulf.org\/shq-asulf-2024\/","name":"SHQ - Asulf 2024 -","isPartOf":{"@id":"https:\/\/asulf.org\/#website"},"datePublished":"2024-05-15T19:38:29+00:00","dateModified":"2025-04-30T14:06:06+00:00","breadcrumb":{"@id":"https:\/\/asulf.org\/shq-asulf-2024\/#breadcrumb"},"inLanguage":"fr-FR","potentialAction":[{"@type":"ReadAction","target":["https:\/\/asulf.org\/shq-asulf-2024\/"]}]},{"@type":"BreadcrumbList","@id":"https:\/\/asulf.org\/shq-asulf-2024\/#breadcrumb","itemListElement":[{"@type":"ListItem","position":1,"name":"Accueil","item":"https:\/\/asulf.org\/"},{"@type":"ListItem","position":2,"name":"SHQ &#8211; Asulf 2024"}]},{"@type":"WebSite","@id":"https:\/\/asulf.org\/#website","url":"https:\/\/asulf.org\/","name":"","description":"Association pour le soutien et l\u2019usage de la langue fran\u00e7aise","publisher":{"@id":"https:\/\/asulf.org\/#organization"},"potentialAction":[{"@type":"SearchAction","target":{"@type":"EntryPoint","urlTemplate":"https:\/\/asulf.org\/?s={search_term_string}"},"query-input":{"@type":"PropertyValueSpecification","valueRequired":true,"valueName":"search_term_string"}}],"inLanguage":"fr-FR"},{"@type":"Organization","@id":"https:\/\/asulf.org\/#organization","name":"ASULF","url":"https:\/\/asulf.org\/","logo":{"@type":"ImageObject","inLanguage":"fr-FR","@id":"https:\/\/asulf.org\/#\/schema\/logo\/image\/","url":"https:\/\/asulf.org\/wp-content\/uploads\/2021\/03\/cropped-asulf-logo-png-2.png","contentUrl":"https:\/\/asulf.org\/wp-content\/uploads\/2021\/03\/cropped-asulf-logo-png-2.png","width":2068,"height":1086,"caption":"ASULF"},"image":{"@id":"https:\/\/asulf.org\/#\/schema\/logo\/image\/"},"sameAs":["https:\/\/www.facebook.com\/Association-pour-le-soutien-et-lusage-de-la-langue-fran\u00e7aise-ASULF-1702235186671805"]}]}},"_links":{"self":[{"href":"https:\/\/asulf.org\/index.php?rest_route=\/wp\/v2\/pages\/11340","targetHints":{"allow":["GET"]}}],"collection":[{"href":"https:\/\/asulf.org\/index.php?rest_route=\/wp\/v2\/pages"}],"about":[{"href":"https:\/\/asulf.org\/index.php?rest_route=\/wp\/v2\/types\/page"}],"author":[{"embeddable":true,"href":"https:\/\/asulf.org\/index.php?rest_route=\/wp\/v2\/users\/12"}],"replies":[{"embeddable":true,"href":"https:\/\/asulf.org\/index.php?rest_route=%2Fwp%2Fv2%2Fcomments&post=11340"}],"version-history":[{"count":4,"href":"https:\/\/asulf.org\/index.php?rest_route=\/wp\/v2\/pages\/11340\/revisions"}],"predecessor-version":[{"id":12196,"href":"https:\/\/asulf.org\/index.php?rest_route=\/wp\/v2\/pages\/11340\/revisions\/12196"}],"wp:attachment":[{"href":"https:\/\/asulf.org\/index.php?rest_route=%2Fwp%2Fv2%2Fmedia&parent=11340"}],"curies":[{"name":"wp","href":"https:\/\/api.w.org\/{rel}","templated":true}]}}