{"id":12197,"date":"2025-04-30T10:12:51","date_gmt":"2025-04-30T14:12:51","guid":{"rendered":"https:\/\/asulf.org\/?page_id=12197"},"modified":"2025-05-07T08:56:47","modified_gmt":"2025-05-07T12:56:47","slug":"shq-asulf-2025","status":"publish","type":"page","link":"https:\/\/asulf.org\/?page_id=12197","title":{"rendered":"SHQ &#8211; Asulf 2025"},"content":{"rendered":"\n<p>Le Prix Pierrette-Vachon-L\u2019Heureux 2025 a \u00e9t\u00e9 d\u00e9cern\u00e9 \u00e0 C\u00e9dric Gagn\u00e9 du Coll\u00e8ge des Compagnons le 27 avril.<\/p>\n\n\n\n<p>Le\u00a0texte, intitul\u00e9\u00a0<em><a href=\"https:\/\/asulf.org\/wp-content\/uploads\/2025\/05\/2025-texte-gagnant-le-quatorzieme-Etat-2.pdf\" target=\"_blank\" rel=\"noreferrer noopener\">Le quatorzi\u00e8me \u00c9ta<\/a><a href=\"https:\/\/asulf.org\/wp-content\/uploads\/2025\/05\/2025-texte-gagnant-le-quatorzieme-Etat-2.pdf\">t<\/a><\/em> a \u00e9t\u00e9 couronn\u00e9 \u00e0 la fois par l\u00a0&lsquo;Asulf, en raison de la qualit\u00e9 de l\u2019\u00e9criture, et par la SHQ, en raison de sa valeur historique.<\/p>\n\n\n\n<p><\/p>\n","protected":false},"excerpt":{"rendered":"<p>Le Prix Pierrette-Vachon-L\u2019Heureux 2025 a \u00e9t\u00e9 d\u00e9cern\u00e9 \u00e0 C\u00e9dric Gagn\u00e9 du Coll\u00e8ge des Compagnons le 27 avril. Le\u00a0texte, intitul\u00e9\u00a0Le quatorzi\u00e8me \u00c9tat a \u00e9t\u00e9 couronn\u00e9 \u00e0 la fois par l\u00a0&lsquo;Asulf, en raison de la qualit\u00e9 de l\u2019\u00e9criture, et par la SHQ, en raison de sa valeur historique.<\/p>\n","protected":false},"author":12,"featured_media":12232,"parent":0,"menu_order":0,"comment_status":"closed","ping_status":"closed","template":"","meta":{"footnotes":""},"class_list":["post-12197","page","type-page","status-publish","has-post-thumbnail","hentry"],"yoast_head":"<!-- This site is optimized with the Yoast SEO plugin v27.5 - https:\/\/yoast.com\/product\/yoast-seo-wordpress\/ -->\n<title>SHQ - Asulf 2025 -<\/title>\n<meta name=\"robots\" content=\"index, follow, max-snippet:-1, max-image-preview:large, max-video-preview:-1\" \/>\n<link rel=\"canonical\" href=\"https:\/\/asulf.org\/shq-asulf-2025\/\" \/>\n<meta property=\"og:locale\" content=\"fr_FR\" \/>\n<meta property=\"og:type\" content=\"article\" \/>\n<meta property=\"og:title\" content=\"SHQ - Asulf 2025 -\" \/>\n<meta property=\"og:description\" content=\"Le Prix Pierrette-Vachon-L\u2019Heureux 2025 a \u00e9t\u00e9 d\u00e9cern\u00e9 \u00e0 C\u00e9dric Gagn\u00e9 du Coll\u00e8ge des Compagnons le 27 avril. Le\u00a0texte, intitul\u00e9\u00a0Le quatorzi\u00e8me \u00c9tat a \u00e9t\u00e9 couronn\u00e9 \u00e0 la fois par l\u00a0&lsquo;Asulf, en raison de la qualit\u00e9 de l\u2019\u00e9criture, et par la SHQ, en raison de sa valeur historique.\" \/>\n<meta property=\"og:url\" content=\"https:\/\/asulf.org\/shq-asulf-2025\/\" \/>\n<meta property=\"article:publisher\" content=\"https:\/\/www.facebook.com\/Association-pour-le-soutien-et-lusage-de-la-langue-fran%c3%a7aise-ASULF-1702235186671805\" \/>\n<meta property=\"article:modified_time\" content=\"2025-05-07T12:56:47+00:00\" \/>\n<meta property=\"og:image\" content=\"https:\/\/asulf.org\/wp-content\/uploads\/2025\/05\/Prix-Asulf-2025.jpg\" \/>\n\t<meta property=\"og:image:width\" content=\"1655\" \/>\n\t<meta property=\"og:image:height\" content=\"1076\" \/>\n\t<meta property=\"og:image:type\" content=\"image\/jpeg\" \/>\n<meta name=\"twitter:card\" content=\"summary_large_image\" \/>\n<meta name=\"twitter:label1\" content=\"Dur\u00e9e de lecture estim\u00e9e\" \/>\n\t<meta name=\"twitter:data1\" content=\"1 minute\" \/>\n<script type=\"application\/ld+json\" class=\"yoast-schema-graph\">{\"@context\":\"https:\\\/\\\/schema.org\",\"@graph\":[{\"@type\":\"WebPage\",\"@id\":\"https:\\\/\\\/asulf.org\\\/shq-asulf-2025\\\/\",\"url\":\"https:\\\/\\\/asulf.org\\\/shq-asulf-2025\\\/\",\"name\":\"SHQ - Asulf 2025 -\",\"isPartOf\":{\"@id\":\"https:\\\/\\\/asulf.org\\\/#website\"},\"primaryImageOfPage\":{\"@id\":\"https:\\\/\\\/asulf.org\\\/shq-asulf-2025\\\/#primaryimage\"},\"image\":{\"@id\":\"https:\\\/\\\/asulf.org\\\/shq-asulf-2025\\\/#primaryimage\"},\"thumbnailUrl\":\"https:\\\/\\\/asulf.org\\\/wp-content\\\/uploads\\\/2025\\\/05\\\/Prix-Asulf-2025.jpg\",\"datePublished\":\"2025-04-30T14:12:51+00:00\",\"dateModified\":\"2025-05-07T12:56:47+00:00\",\"breadcrumb\":{\"@id\":\"https:\\\/\\\/asulf.org\\\/shq-asulf-2025\\\/#breadcrumb\"},\"inLanguage\":\"fr-FR\",\"potentialAction\":[{\"@type\":\"ReadAction\",\"target\":[\"https:\\\/\\\/asulf.org\\\/shq-asulf-2025\\\/\"]}]},{\"@type\":\"ImageObject\",\"inLanguage\":\"fr-FR\",\"@id\":\"https:\\\/\\\/asulf.org\\\/shq-asulf-2025\\\/#primaryimage\",\"url\":\"https:\\\/\\\/asulf.org\\\/wp-content\\\/uploads\\\/2025\\\/05\\\/Prix-Asulf-2025.jpg\",\"contentUrl\":\"https:\\\/\\\/asulf.org\\\/wp-content\\\/uploads\\\/2025\\\/05\\\/Prix-Asulf-2025.jpg\",\"width\":1655,\"height\":1076},{\"@type\":\"BreadcrumbList\",\"@id\":\"https:\\\/\\\/asulf.org\\\/shq-asulf-2025\\\/#breadcrumb\",\"itemListElement\":[{\"@type\":\"ListItem\",\"position\":1,\"name\":\"Accueil\",\"item\":\"https:\\\/\\\/asulf.org\\\/\"},{\"@type\":\"ListItem\",\"position\":2,\"name\":\"SHQ &#8211; Asulf 2025\"}]},{\"@type\":\"WebSite\",\"@id\":\"https:\\\/\\\/asulf.org\\\/#website\",\"url\":\"https:\\\/\\\/asulf.org\\\/\",\"name\":\"\",\"description\":\"Association pour le soutien et l\u2019usage de la langue fran\u00e7aise\",\"publisher\":{\"@id\":\"https:\\\/\\\/asulf.org\\\/#organization\"},\"potentialAction\":[{\"@type\":\"SearchAction\",\"target\":{\"@type\":\"EntryPoint\",\"urlTemplate\":\"https:\\\/\\\/asulf.org\\\/?s={search_term_string}\"},\"query-input\":{\"@type\":\"PropertyValueSpecification\",\"valueRequired\":true,\"valueName\":\"search_term_string\"}}],\"inLanguage\":\"fr-FR\"},{\"@type\":\"Organization\",\"@id\":\"https:\\\/\\\/asulf.org\\\/#organization\",\"name\":\"ASULF\",\"url\":\"https:\\\/\\\/asulf.org\\\/\",\"logo\":{\"@type\":\"ImageObject\",\"inLanguage\":\"fr-FR\",\"@id\":\"https:\\\/\\\/asulf.org\\\/#\\\/schema\\\/logo\\\/image\\\/\",\"url\":\"https:\\\/\\\/asulf.org\\\/wp-content\\\/uploads\\\/2021\\\/03\\\/cropped-asulf-logo-png-2.png\",\"contentUrl\":\"https:\\\/\\\/asulf.org\\\/wp-content\\\/uploads\\\/2021\\\/03\\\/cropped-asulf-logo-png-2.png\",\"width\":2068,\"height\":1086,\"caption\":\"ASULF\"},\"image\":{\"@id\":\"https:\\\/\\\/asulf.org\\\/#\\\/schema\\\/logo\\\/image\\\/\"},\"sameAs\":[\"https:\\\/\\\/www.facebook.com\\\/Association-pour-le-soutien-et-lusage-de-la-langue-fran\u00e7aise-ASULF-1702235186671805\"]}]}<\/script>\n<!-- \/ Yoast SEO plugin. -->","yoast_head_json":{"title":"SHQ - Asulf 2025 -","robots":{"index":"index","follow":"follow","max-snippet":"max-snippet:-1","max-image-preview":"max-image-preview:large","max-video-preview":"max-video-preview:-1"},"canonical":"https:\/\/asulf.org\/shq-asulf-2025\/","og_locale":"fr_FR","og_type":"article","og_title":"SHQ - Asulf 2025 -","og_description":"Le Prix Pierrette-Vachon-L\u2019Heureux 2025 a \u00e9t\u00e9 d\u00e9cern\u00e9 \u00e0 C\u00e9dric Gagn\u00e9 du Coll\u00e8ge des Compagnons le 27 avril. Le\u00a0texte, intitul\u00e9\u00a0Le quatorzi\u00e8me \u00c9tat a \u00e9t\u00e9 couronn\u00e9 \u00e0 la fois par l\u00a0&lsquo;Asulf, en raison de la qualit\u00e9 de l\u2019\u00e9criture, et par la SHQ, en raison de sa valeur historique.","og_url":"https:\/\/asulf.org\/shq-asulf-2025\/","article_publisher":"https:\/\/www.facebook.com\/Association-pour-le-soutien-et-lusage-de-la-langue-fran%c3%a7aise-ASULF-1702235186671805","article_modified_time":"2025-05-07T12:56:47+00:00","og_image":[{"width":1655,"height":1076,"url":"https:\/\/asulf.org\/wp-content\/uploads\/2025\/05\/Prix-Asulf-2025.jpg","type":"image\/jpeg"}],"twitter_card":"summary_large_image","twitter_misc":{"Dur\u00e9e de lecture estim\u00e9e":"1 minute"},"schema":{"@context":"https:\/\/schema.org","@graph":[{"@type":"WebPage","@id":"https:\/\/asulf.org\/shq-asulf-2025\/","url":"https:\/\/asulf.org\/shq-asulf-2025\/","name":"SHQ - Asulf 2025 -","isPartOf":{"@id":"https:\/\/asulf.org\/#website"},"primaryImageOfPage":{"@id":"https:\/\/asulf.org\/shq-asulf-2025\/#primaryimage"},"image":{"@id":"https:\/\/asulf.org\/shq-asulf-2025\/#primaryimage"},"thumbnailUrl":"https:\/\/asulf.org\/wp-content\/uploads\/2025\/05\/Prix-Asulf-2025.jpg","datePublished":"2025-04-30T14:12:51+00:00","dateModified":"2025-05-07T12:56:47+00:00","breadcrumb":{"@id":"https:\/\/asulf.org\/shq-asulf-2025\/#breadcrumb"},"inLanguage":"fr-FR","potentialAction":[{"@type":"ReadAction","target":["https:\/\/asulf.org\/shq-asulf-2025\/"]}]},{"@type":"ImageObject","inLanguage":"fr-FR","@id":"https:\/\/asulf.org\/shq-asulf-2025\/#primaryimage","url":"https:\/\/asulf.org\/wp-content\/uploads\/2025\/05\/Prix-Asulf-2025.jpg","contentUrl":"https:\/\/asulf.org\/wp-content\/uploads\/2025\/05\/Prix-Asulf-2025.jpg","width":1655,"height":1076},{"@type":"BreadcrumbList","@id":"https:\/\/asulf.org\/shq-asulf-2025\/#breadcrumb","itemListElement":[{"@type":"ListItem","position":1,"name":"Accueil","item":"https:\/\/asulf.org\/"},{"@type":"ListItem","position":2,"name":"SHQ &#8211; Asulf 2025"}]},{"@type":"WebSite","@id":"https:\/\/asulf.org\/#website","url":"https:\/\/asulf.org\/","name":"","description":"Association pour le soutien et l\u2019usage de la langue fran\u00e7aise","publisher":{"@id":"https:\/\/asulf.org\/#organization"},"potentialAction":[{"@type":"SearchAction","target":{"@type":"EntryPoint","urlTemplate":"https:\/\/asulf.org\/?s={search_term_string}"},"query-input":{"@type":"PropertyValueSpecification","valueRequired":true,"valueName":"search_term_string"}}],"inLanguage":"fr-FR"},{"@type":"Organization","@id":"https:\/\/asulf.org\/#organization","name":"ASULF","url":"https:\/\/asulf.org\/","logo":{"@type":"ImageObject","inLanguage":"fr-FR","@id":"https:\/\/asulf.org\/#\/schema\/logo\/image\/","url":"https:\/\/asulf.org\/wp-content\/uploads\/2021\/03\/cropped-asulf-logo-png-2.png","contentUrl":"https:\/\/asulf.org\/wp-content\/uploads\/2021\/03\/cropped-asulf-logo-png-2.png","width":2068,"height":1086,"caption":"ASULF"},"image":{"@id":"https:\/\/asulf.org\/#\/schema\/logo\/image\/"},"sameAs":["https:\/\/www.facebook.com\/Association-pour-le-soutien-et-lusage-de-la-langue-fran\u00e7aise-ASULF-1702235186671805"]}]}},"_links":{"self":[{"href":"https:\/\/asulf.org\/index.php?rest_route=\/wp\/v2\/pages\/12197","targetHints":{"allow":["GET"]}}],"collection":[{"href":"https:\/\/asulf.org\/index.php?rest_route=\/wp\/v2\/pages"}],"about":[{"href":"https:\/\/asulf.org\/index.php?rest_route=\/wp\/v2\/types\/page"}],"author":[{"embeddable":true,"href":"https:\/\/asulf.org\/index.php?rest_route=\/wp\/v2\/users\/12"}],"replies":[{"embeddable":true,"href":"https:\/\/asulf.org\/index.php?rest_route=%2Fwp%2Fv2%2Fcomments&post=12197"}],"version-history":[{"count":4,"href":"https:\/\/asulf.org\/index.php?rest_route=\/wp\/v2\/pages\/12197\/revisions"}],"predecessor-version":[{"id":12235,"href":"https:\/\/asulf.org\/index.php?rest_route=\/wp\/v2\/pages\/12197\/revisions\/12235"}],"wp:featuredmedia":[{"embeddable":true,"href":"https:\/\/asulf.org\/index.php?rest_route=\/wp\/v2\/media\/12232"}],"wp:attachment":[{"href":"https:\/\/asulf.org\/index.php?rest_route=%2Fwp%2Fv2%2Fmedia&parent=12197"}],"curies":[{"name":"wp","href":"https:\/\/api.w.org\/{rel}","templated":true}]}}