{"id":12851,"date":"2026-05-14T12:48:44","date_gmt":"2026-05-14T16:48:44","guid":{"rendered":"https:\/\/asulf.org\/?page_id=12851"},"modified":"2026-05-14T13:32:38","modified_gmt":"2026-05-14T17:32:38","slug":"shq-asulf-2026","status":"publish","type":"page","link":"https:\/\/asulf.org\/?page_id=12851","title":{"rendered":"\u00a0SHQ &#8211; Asulf 2026"},"content":{"rendered":"\n<figure class=\"wp-block-image size-large is-resized\"><img loading=\"lazy\" decoding=\"async\" width=\"892\" height=\"1030\" src=\"https:\/\/asulf.org\/wp-content\/uploads\/2026\/05\/Trophee-Asulf-892x1030.jpeg\" alt=\"\" class=\"wp-image-12855\" style=\"aspect-ratio:0.8658969231761594;width:284px;height:auto\" srcset=\"https:\/\/asulf.org\/wp-content\/uploads\/2026\/05\/Trophee-Asulf-892x1030.jpeg 892w, https:\/\/asulf.org\/wp-content\/uploads\/2026\/05\/Trophee-Asulf-260x300.jpeg 260w, https:\/\/asulf.org\/wp-content\/uploads\/2026\/05\/Trophee-Asulf-768x887.jpeg 768w, https:\/\/asulf.org\/wp-content\/uploads\/2026\/05\/Trophee-Asulf-1330x1536.jpeg 1330w, https:\/\/asulf.org\/wp-content\/uploads\/2026\/05\/Trophee-Asulf-1774x2048.jpeg 1774w, https:\/\/asulf.org\/wp-content\/uploads\/2026\/05\/Trophee-Asulf-300x346.jpeg 300w, https:\/\/asulf.org\/wp-content\/uploads\/2026\/05\/Trophee-Asulf-850x982.jpeg 850w\" sizes=\"auto, (max-width: 892px) 100vw, 892px\" \/><\/figure>\n\n\n\n<p>Le prix Pierrette-Vachon-L\u2019Heureux 2026 a \u00e9t\u00e9 d\u00e9cern\u00e9 \u00e0 Ma\u00efna Ferron de la polyvalente des Berges (\u00e0 Bergeronnes).<\/p>\n\n\n\n<p>Le&nbsp;texte intitul\u00e9&nbsp;<em>Un quai au gr\u00e9 des mar\u00e9es<\/em>, a \u00e9t\u00e9 couronn\u00e9 \u00e0 la fois par l&nbsp;\u2018Asulf, en raison de la qualit\u00e9 de l\u2019\u00e9criture, et par la SHQ, en raison de sa valeur historique.<\/p>\n\n\n\n<p><br>&nbsp;<\/p>\n","protected":false},"excerpt":{"rendered":"<p>Le prix Pierrette-Vachon-L\u2019Heureux 2026 a \u00e9t\u00e9 d\u00e9cern\u00e9 \u00e0 Ma\u00efna Ferron de la polyvalente des Berges (\u00e0 Bergeronnes). Le&nbsp;texte intitul\u00e9&nbsp;Un quai au gr\u00e9 des mar\u00e9es, a \u00e9t\u00e9 couronn\u00e9 \u00e0 la fois par l&nbsp;\u2018Asulf, en raison de la qualit\u00e9 de l\u2019\u00e9criture, et par la SHQ, en raison de sa valeur historique. &nbsp;<\/p>\n","protected":false},"author":12,"featured_media":0,"parent":0,"menu_order":0,"comment_status":"closed","ping_status":"closed","template":"","meta":{"footnotes":""},"class_list":["post-12851","page","type-page","status-publish","hentry"],"yoast_head":"<!-- This site is optimized with the Yoast SEO plugin v27.6 - https:\/\/yoast.com\/product\/yoast-seo-wordpress\/ -->\n<title>\u00a0SHQ - Asulf 2026 -<\/title>\n<meta name=\"robots\" content=\"index, follow, max-snippet:-1, max-image-preview:large, max-video-preview:-1\" \/>\n<link rel=\"canonical\" href=\"https:\/\/asulf.org\/?page_id=12851\" \/>\n<meta property=\"og:locale\" content=\"fr_FR\" \/>\n<meta property=\"og:type\" content=\"article\" \/>\n<meta property=\"og:title\" content=\"\u00a0SHQ - Asulf 2026 -\" \/>\n<meta property=\"og:description\" content=\"Le prix Pierrette-Vachon-L\u2019Heureux 2026 a \u00e9t\u00e9 d\u00e9cern\u00e9 \u00e0 Ma\u00efna Ferron de la polyvalente des Berges (\u00e0 Bergeronnes). Le&nbsp;texte intitul\u00e9&nbsp;Un quai au gr\u00e9 des mar\u00e9es, a \u00e9t\u00e9 couronn\u00e9 \u00e0 la fois par l&nbsp;\u2018Asulf, en raison de la qualit\u00e9 de l\u2019\u00e9criture, et par la SHQ, en raison de sa valeur historique. &nbsp;\" \/>\n<meta property=\"og:url\" content=\"https:\/\/asulf.org\/?page_id=12851\" \/>\n<meta property=\"article:publisher\" content=\"https:\/\/www.facebook.com\/Association-pour-le-soutien-et-lusage-de-la-langue-fran%c3%a7aise-ASULF-1702235186671805\" \/>\n<meta property=\"article:modified_time\" content=\"2026-05-14T17:32:38+00:00\" \/>\n<meta property=\"og:image\" content=\"https:\/\/asulf.org\/wp-content\/uploads\/2026\/05\/Trophee-Asulf.jpeg\" \/>\n\t<meta property=\"og:image:width\" content=\"2081\" \/>\n\t<meta property=\"og:image:height\" content=\"2403\" \/>\n\t<meta property=\"og:image:type\" content=\"image\/jpeg\" \/>\n<meta name=\"twitter:card\" content=\"summary_large_image\" \/>\n<meta name=\"twitter:label1\" content=\"Dur\u00e9e de lecture estim\u00e9e\" \/>\n\t<meta name=\"twitter:data1\" content=\"1 minute\" \/>\n<script type=\"application\/ld+json\" class=\"yoast-schema-graph\">{\"@context\":\"https:\\\/\\\/schema.org\",\"@graph\":[{\"@type\":\"WebPage\",\"@id\":\"https:\\\/\\\/asulf.org\\\/?page_id=12851\",\"url\":\"https:\\\/\\\/asulf.org\\\/?page_id=12851\",\"name\":\"\u00a0SHQ - Asulf 2026 -\",\"isPartOf\":{\"@id\":\"https:\\\/\\\/asulf.org\\\/#website\"},\"primaryImageOfPage\":{\"@id\":\"https:\\\/\\\/asulf.org\\\/?page_id=12851#primaryimage\"},\"image\":{\"@id\":\"https:\\\/\\\/asulf.org\\\/?page_id=12851#primaryimage\"},\"thumbnailUrl\":\"https:\\\/\\\/asulf.org\\\/wp-content\\\/uploads\\\/2026\\\/05\\\/Trophee-Asulf-892x1030.jpeg\",\"datePublished\":\"2026-05-14T16:48:44+00:00\",\"dateModified\":\"2026-05-14T17:32:38+00:00\",\"breadcrumb\":{\"@id\":\"https:\\\/\\\/asulf.org\\\/?page_id=12851#breadcrumb\"},\"inLanguage\":\"fr-FR\",\"potentialAction\":[{\"@type\":\"ReadAction\",\"target\":[\"https:\\\/\\\/asulf.org\\\/?page_id=12851\"]}]},{\"@type\":\"ImageObject\",\"inLanguage\":\"fr-FR\",\"@id\":\"https:\\\/\\\/asulf.org\\\/?page_id=12851#primaryimage\",\"url\":\"https:\\\/\\\/asulf.org\\\/wp-content\\\/uploads\\\/2026\\\/05\\\/Trophee-Asulf.jpeg\",\"contentUrl\":\"https:\\\/\\\/asulf.org\\\/wp-content\\\/uploads\\\/2026\\\/05\\\/Trophee-Asulf.jpeg\",\"width\":2081,\"height\":2403},{\"@type\":\"BreadcrumbList\",\"@id\":\"https:\\\/\\\/asulf.org\\\/?page_id=12851#breadcrumb\",\"itemListElement\":[{\"@type\":\"ListItem\",\"position\":1,\"name\":\"Accueil\",\"item\":\"https:\\\/\\\/asulf.org\\\/\"},{\"@type\":\"ListItem\",\"position\":2,\"name\":\"\u00a0SHQ &#8211; Asulf 2026\"}]},{\"@type\":\"WebSite\",\"@id\":\"https:\\\/\\\/asulf.org\\\/#website\",\"url\":\"https:\\\/\\\/asulf.org\\\/\",\"name\":\"\",\"description\":\"Association pour le soutien et l\u2019usage de la langue fran\u00e7aise\",\"publisher\":{\"@id\":\"https:\\\/\\\/asulf.org\\\/#organization\"},\"potentialAction\":[{\"@type\":\"SearchAction\",\"target\":{\"@type\":\"EntryPoint\",\"urlTemplate\":\"https:\\\/\\\/asulf.org\\\/?s={search_term_string}\"},\"query-input\":{\"@type\":\"PropertyValueSpecification\",\"valueRequired\":true,\"valueName\":\"search_term_string\"}}],\"inLanguage\":\"fr-FR\"},{\"@type\":\"Organization\",\"@id\":\"https:\\\/\\\/asulf.org\\\/#organization\",\"name\":\"ASULF\",\"url\":\"https:\\\/\\\/asulf.org\\\/\",\"logo\":{\"@type\":\"ImageObject\",\"inLanguage\":\"fr-FR\",\"@id\":\"https:\\\/\\\/asulf.org\\\/#\\\/schema\\\/logo\\\/image\\\/\",\"url\":\"https:\\\/\\\/asulf.org\\\/wp-content\\\/uploads\\\/2021\\\/03\\\/cropped-asulf-logo-png-2.png\",\"contentUrl\":\"https:\\\/\\\/asulf.org\\\/wp-content\\\/uploads\\\/2021\\\/03\\\/cropped-asulf-logo-png-2.png\",\"width\":2068,\"height\":1086,\"caption\":\"ASULF\"},\"image\":{\"@id\":\"https:\\\/\\\/asulf.org\\\/#\\\/schema\\\/logo\\\/image\\\/\"},\"sameAs\":[\"https:\\\/\\\/www.facebook.com\\\/Association-pour-le-soutien-et-lusage-de-la-langue-fran\u00e7aise-ASULF-1702235186671805\"]}]}<\/script>\n<!-- \/ Yoast SEO plugin. -->","yoast_head_json":{"title":"\u00a0SHQ - Asulf 2026 -","robots":{"index":"index","follow":"follow","max-snippet":"max-snippet:-1","max-image-preview":"max-image-preview:large","max-video-preview":"max-video-preview:-1"},"canonical":"https:\/\/asulf.org\/?page_id=12851","og_locale":"fr_FR","og_type":"article","og_title":"\u00a0SHQ - Asulf 2026 -","og_description":"Le prix Pierrette-Vachon-L\u2019Heureux 2026 a \u00e9t\u00e9 d\u00e9cern\u00e9 \u00e0 Ma\u00efna Ferron de la polyvalente des Berges (\u00e0 Bergeronnes). Le&nbsp;texte intitul\u00e9&nbsp;Un quai au gr\u00e9 des mar\u00e9es, a \u00e9t\u00e9 couronn\u00e9 \u00e0 la fois par l&nbsp;\u2018Asulf, en raison de la qualit\u00e9 de l\u2019\u00e9criture, et par la SHQ, en raison de sa valeur historique. &nbsp;","og_url":"https:\/\/asulf.org\/?page_id=12851","article_publisher":"https:\/\/www.facebook.com\/Association-pour-le-soutien-et-lusage-de-la-langue-fran%c3%a7aise-ASULF-1702235186671805","article_modified_time":"2026-05-14T17:32:38+00:00","og_image":[{"width":2081,"height":2403,"url":"https:\/\/asulf.org\/wp-content\/uploads\/2026\/05\/Trophee-Asulf.jpeg","type":"image\/jpeg"}],"twitter_card":"summary_large_image","twitter_misc":{"Dur\u00e9e de lecture estim\u00e9e":"1 minute"},"schema":{"@context":"https:\/\/schema.org","@graph":[{"@type":"WebPage","@id":"https:\/\/asulf.org\/?page_id=12851","url":"https:\/\/asulf.org\/?page_id=12851","name":"\u00a0SHQ - Asulf 2026 -","isPartOf":{"@id":"https:\/\/asulf.org\/#website"},"primaryImageOfPage":{"@id":"https:\/\/asulf.org\/?page_id=12851#primaryimage"},"image":{"@id":"https:\/\/asulf.org\/?page_id=12851#primaryimage"},"thumbnailUrl":"https:\/\/asulf.org\/wp-content\/uploads\/2026\/05\/Trophee-Asulf-892x1030.jpeg","datePublished":"2026-05-14T16:48:44+00:00","dateModified":"2026-05-14T17:32:38+00:00","breadcrumb":{"@id":"https:\/\/asulf.org\/?page_id=12851#breadcrumb"},"inLanguage":"fr-FR","potentialAction":[{"@type":"ReadAction","target":["https:\/\/asulf.org\/?page_id=12851"]}]},{"@type":"ImageObject","inLanguage":"fr-FR","@id":"https:\/\/asulf.org\/?page_id=12851#primaryimage","url":"https:\/\/asulf.org\/wp-content\/uploads\/2026\/05\/Trophee-Asulf.jpeg","contentUrl":"https:\/\/asulf.org\/wp-content\/uploads\/2026\/05\/Trophee-Asulf.jpeg","width":2081,"height":2403},{"@type":"BreadcrumbList","@id":"https:\/\/asulf.org\/?page_id=12851#breadcrumb","itemListElement":[{"@type":"ListItem","position":1,"name":"Accueil","item":"https:\/\/asulf.org\/"},{"@type":"ListItem","position":2,"name":"\u00a0SHQ &#8211; Asulf 2026"}]},{"@type":"WebSite","@id":"https:\/\/asulf.org\/#website","url":"https:\/\/asulf.org\/","name":"","description":"Association pour le soutien et l\u2019usage de la langue fran\u00e7aise","publisher":{"@id":"https:\/\/asulf.org\/#organization"},"potentialAction":[{"@type":"SearchAction","target":{"@type":"EntryPoint","urlTemplate":"https:\/\/asulf.org\/?s={search_term_string}"},"query-input":{"@type":"PropertyValueSpecification","valueRequired":true,"valueName":"search_term_string"}}],"inLanguage":"fr-FR"},{"@type":"Organization","@id":"https:\/\/asulf.org\/#organization","name":"ASULF","url":"https:\/\/asulf.org\/","logo":{"@type":"ImageObject","inLanguage":"fr-FR","@id":"https:\/\/asulf.org\/#\/schema\/logo\/image\/","url":"https:\/\/asulf.org\/wp-content\/uploads\/2021\/03\/cropped-asulf-logo-png-2.png","contentUrl":"https:\/\/asulf.org\/wp-content\/uploads\/2021\/03\/cropped-asulf-logo-png-2.png","width":2068,"height":1086,"caption":"ASULF"},"image":{"@id":"https:\/\/asulf.org\/#\/schema\/logo\/image\/"},"sameAs":["https:\/\/www.facebook.com\/Association-pour-le-soutien-et-lusage-de-la-langue-fran\u00e7aise-ASULF-1702235186671805"]}]}},"_links":{"self":[{"href":"https:\/\/asulf.org\/index.php?rest_route=\/wp\/v2\/pages\/12851","targetHints":{"allow":["GET"]}}],"collection":[{"href":"https:\/\/asulf.org\/index.php?rest_route=\/wp\/v2\/pages"}],"about":[{"href":"https:\/\/asulf.org\/index.php?rest_route=\/wp\/v2\/types\/page"}],"author":[{"embeddable":true,"href":"https:\/\/asulf.org\/index.php?rest_route=\/wp\/v2\/users\/12"}],"replies":[{"embeddable":true,"href":"https:\/\/asulf.org\/index.php?rest_route=%2Fwp%2Fv2%2Fcomments&post=12851"}],"version-history":[{"count":4,"href":"https:\/\/asulf.org\/index.php?rest_route=\/wp\/v2\/pages\/12851\/revisions"}],"predecessor-version":[{"id":12860,"href":"https:\/\/asulf.org\/index.php?rest_route=\/wp\/v2\/pages\/12851\/revisions\/12860"}],"wp:attachment":[{"href":"https:\/\/asulf.org\/index.php?rest_route=%2Fwp%2Fv2%2Fmedia&parent=12851"}],"curies":[{"name":"wp","href":"https:\/\/api.w.org\/{rel}","templated":true}]}}