{"id":3301,"date":"2013-04-01T15:38:05","date_gmt":"2013-04-01T19:38:05","guid":{"rendered":"http:\/\/asulf.ca\/?page_id=3301"},"modified":"2024-02-07T11:06:51","modified_gmt":"2024-02-07T16:06:51","slug":"lassociation","status":"publish","type":"page","link":"https:\/\/asulf.org\/?page_id=3301","title":{"rendered":"L&rsquo;Association"},"content":{"rendered":"<p>Depuis sa mise sur pied, l\u2019action de l\u2019Association porte principalement sur\u00a0les \u00e9l\u00e9ments suivants\u00a0:<\/p>\n<ol>\n<li>les lois, r\u00e8glements, d\u00e9crets et avis publics;<\/li>\n<li>les statuts, r\u00e8glements et textes divers \u00e9manant d\u2019organismes, d\u2019associations ou d\u2019entreprises;<\/li>\n<li>les conventions collectives;<\/li>\n<li>le vocabulaire courant;<\/li>\n<li>les accents diacritiques;<\/li>\n<li>la pr\u00e9sence du fran\u00e7ais dans les ambassades \u00e0 Ottawa;<\/li>\n<li>la prononciation de certains mots ou abr\u00e9viations (Waterloo, Ohio).<\/li>\n<\/ol>\n<p>L\u2019Association concr\u00e9tise son action par des interventions (lettres ou courriels) aux int\u00e9ress\u00e9s. Elle publie un bulletin, <a href=\"http:\/\/asulf.org\/lexpression-juste\/\" target=\"_blank\" rel=\"noopener noreferrer\"><em>L\u2019Expression juste<\/em><\/a>, pour informer les membres de ses d\u00e9marches et leur envoie aussi, \u00e0 l\u2019occasion, des messages particuliers \u00e0 cet effet.<\/p>\n<h3><\/h3>\n<h3>Quelques cibles dans la mire de l\u2019Asulf<\/h3>\n<h5><a href=\"https:\/\/asulf.org\/wp-content\/uploads\/2018\/01\/redj.pdf\" target=\"_blank\" rel=\"noopener\">Document \u00e0 t\u00e9l\u00e9charger<\/a><\/h5>\n<p>Pour faire un don :<input name=\"hosted_button_id\" type=\"hidden\" value=\"JNWK2QM2S6654\" \/><br \/>\n<a href=\"https:\/\/www.zeffy.com\/fr-CA\/donation-form\/70431593-a0fa-41e8-ac2a-a4ce007834f7\" target=\"_blank\" rel=\"noopener\"><input title=\"PayPal - The safer, easier way to pay online!\" alt=\"Bouton Faire un don avec PayPal\" name=\"submit\" src=\"https:\/\/www.paypalobjects.com\/fr_CA\/i\/btn\/btn_donateCC_LG.gif\" type=\"image\" \/><\/a><\/p>\n","protected":false},"excerpt":{"rendered":"<p>Depuis sa mise sur pied, l\u2019action de l\u2019Association porte principalement sur\u00a0les \u00e9l\u00e9ments suivants\u00a0: les lois, r\u00e8glements, d\u00e9crets et avis publics; les statuts, r\u00e8glements et textes divers \u00e9manant d\u2019organismes, d\u2019associations ou d\u2019entreprises; les conventions collectives; le vocabulaire courant; les accents diacritiques; la pr\u00e9sence du fran\u00e7ais dans les ambassades \u00e0 Ottawa; la prononciation de certains mots ou&#8230;<\/p>\n","protected":false},"author":11,"featured_media":0,"parent":0,"menu_order":0,"comment_status":"closed","ping_status":"closed","template":"","meta":{"footnotes":""},"class_list":["post-3301","page","type-page","status-publish","hentry"],"yoast_head":"<!-- This site is optimized with the Yoast SEO plugin v27.5 - https:\/\/yoast.com\/product\/yoast-seo-wordpress\/ -->\n<title>L&#039;Association -<\/title>\n<meta name=\"robots\" content=\"index, follow, max-snippet:-1, max-image-preview:large, max-video-preview:-1\" \/>\n<link rel=\"canonical\" href=\"https:\/\/asulf.org\/?page_id=3301\" \/>\n<meta property=\"og:locale\" content=\"fr_FR\" \/>\n<meta property=\"og:type\" content=\"article\" \/>\n<meta property=\"og:title\" content=\"L&#039;Association -\" \/>\n<meta property=\"og:description\" content=\"Depuis sa mise sur pied, l\u2019action de l\u2019Association porte principalement sur\u00a0les \u00e9l\u00e9ments suivants\u00a0: les lois, r\u00e8glements, d\u00e9crets et avis publics; les statuts, r\u00e8glements et textes divers \u00e9manant d\u2019organismes, d\u2019associations ou d\u2019entreprises; les conventions collectives; le vocabulaire courant; les accents diacritiques; la pr\u00e9sence du fran\u00e7ais dans les ambassades \u00e0 Ottawa; la prononciation de certains mots ou...\" \/>\n<meta property=\"og:url\" content=\"https:\/\/asulf.org\/?page_id=3301\" \/>\n<meta property=\"article:publisher\" content=\"https:\/\/www.facebook.com\/Association-pour-le-soutien-et-lusage-de-la-langue-fran%c3%a7aise-ASULF-1702235186671805\" \/>\n<meta property=\"article:modified_time\" content=\"2024-02-07T16:06:51+00:00\" \/>\n<meta name=\"twitter:card\" content=\"summary_large_image\" \/>\n<meta name=\"twitter:label1\" content=\"Dur\u00e9e de lecture estim\u00e9e\" \/>\n\t<meta name=\"twitter:data1\" content=\"1 minute\" \/>\n<script type=\"application\/ld+json\" class=\"yoast-schema-graph\">{\"@context\":\"https:\\\/\\\/schema.org\",\"@graph\":[{\"@type\":\"WebPage\",\"@id\":\"https:\\\/\\\/asulf.org\\\/?page_id=3301\",\"url\":\"https:\\\/\\\/asulf.org\\\/?page_id=3301\",\"name\":\"L'Association -\",\"isPartOf\":{\"@id\":\"https:\\\/\\\/asulf.org\\\/#website\"},\"datePublished\":\"2013-04-01T19:38:05+00:00\",\"dateModified\":\"2024-02-07T16:06:51+00:00\",\"breadcrumb\":{\"@id\":\"https:\\\/\\\/asulf.org\\\/?page_id=3301#breadcrumb\"},\"inLanguage\":\"fr-FR\",\"potentialAction\":[{\"@type\":\"ReadAction\",\"target\":[\"https:\\\/\\\/asulf.org\\\/?page_id=3301\"]}]},{\"@type\":\"BreadcrumbList\",\"@id\":\"https:\\\/\\\/asulf.org\\\/?page_id=3301#breadcrumb\",\"itemListElement\":[{\"@type\":\"ListItem\",\"position\":1,\"name\":\"Accueil\",\"item\":\"https:\\\/\\\/asulf.org\\\/\"},{\"@type\":\"ListItem\",\"position\":2,\"name\":\"L&rsquo;Association\"}]},{\"@type\":\"WebSite\",\"@id\":\"https:\\\/\\\/asulf.org\\\/#website\",\"url\":\"https:\\\/\\\/asulf.org\\\/\",\"name\":\"\",\"description\":\"Association pour le soutien et l\u2019usage de la langue fran\u00e7aise\",\"publisher\":{\"@id\":\"https:\\\/\\\/asulf.org\\\/#organization\"},\"potentialAction\":[{\"@type\":\"SearchAction\",\"target\":{\"@type\":\"EntryPoint\",\"urlTemplate\":\"https:\\\/\\\/asulf.org\\\/?s={search_term_string}\"},\"query-input\":{\"@type\":\"PropertyValueSpecification\",\"valueRequired\":true,\"valueName\":\"search_term_string\"}}],\"inLanguage\":\"fr-FR\"},{\"@type\":\"Organization\",\"@id\":\"https:\\\/\\\/asulf.org\\\/#organization\",\"name\":\"ASULF\",\"url\":\"https:\\\/\\\/asulf.org\\\/\",\"logo\":{\"@type\":\"ImageObject\",\"inLanguage\":\"fr-FR\",\"@id\":\"https:\\\/\\\/asulf.org\\\/#\\\/schema\\\/logo\\\/image\\\/\",\"url\":\"https:\\\/\\\/asulf.org\\\/wp-content\\\/uploads\\\/2021\\\/03\\\/cropped-asulf-logo-png-2.png\",\"contentUrl\":\"https:\\\/\\\/asulf.org\\\/wp-content\\\/uploads\\\/2021\\\/03\\\/cropped-asulf-logo-png-2.png\",\"width\":2068,\"height\":1086,\"caption\":\"ASULF\"},\"image\":{\"@id\":\"https:\\\/\\\/asulf.org\\\/#\\\/schema\\\/logo\\\/image\\\/\"},\"sameAs\":[\"https:\\\/\\\/www.facebook.com\\\/Association-pour-le-soutien-et-lusage-de-la-langue-fran\u00e7aise-ASULF-1702235186671805\"]}]}<\/script>\n<!-- \/ Yoast SEO plugin. -->","yoast_head_json":{"title":"L'Association -","robots":{"index":"index","follow":"follow","max-snippet":"max-snippet:-1","max-image-preview":"max-image-preview:large","max-video-preview":"max-video-preview:-1"},"canonical":"https:\/\/asulf.org\/?page_id=3301","og_locale":"fr_FR","og_type":"article","og_title":"L'Association -","og_description":"Depuis sa mise sur pied, l\u2019action de l\u2019Association porte principalement sur\u00a0les \u00e9l\u00e9ments suivants\u00a0: les lois, r\u00e8glements, d\u00e9crets et avis publics; les statuts, r\u00e8glements et textes divers \u00e9manant d\u2019organismes, d\u2019associations ou d\u2019entreprises; les conventions collectives; le vocabulaire courant; les accents diacritiques; la pr\u00e9sence du fran\u00e7ais dans les ambassades \u00e0 Ottawa; la prononciation de certains mots ou...","og_url":"https:\/\/asulf.org\/?page_id=3301","article_publisher":"https:\/\/www.facebook.com\/Association-pour-le-soutien-et-lusage-de-la-langue-fran%c3%a7aise-ASULF-1702235186671805","article_modified_time":"2024-02-07T16:06:51+00:00","twitter_card":"summary_large_image","twitter_misc":{"Dur\u00e9e de lecture estim\u00e9e":"1 minute"},"schema":{"@context":"https:\/\/schema.org","@graph":[{"@type":"WebPage","@id":"https:\/\/asulf.org\/?page_id=3301","url":"https:\/\/asulf.org\/?page_id=3301","name":"L'Association -","isPartOf":{"@id":"https:\/\/asulf.org\/#website"},"datePublished":"2013-04-01T19:38:05+00:00","dateModified":"2024-02-07T16:06:51+00:00","breadcrumb":{"@id":"https:\/\/asulf.org\/?page_id=3301#breadcrumb"},"inLanguage":"fr-FR","potentialAction":[{"@type":"ReadAction","target":["https:\/\/asulf.org\/?page_id=3301"]}]},{"@type":"BreadcrumbList","@id":"https:\/\/asulf.org\/?page_id=3301#breadcrumb","itemListElement":[{"@type":"ListItem","position":1,"name":"Accueil","item":"https:\/\/asulf.org\/"},{"@type":"ListItem","position":2,"name":"L&rsquo;Association"}]},{"@type":"WebSite","@id":"https:\/\/asulf.org\/#website","url":"https:\/\/asulf.org\/","name":"","description":"Association pour le soutien et l\u2019usage de la langue fran\u00e7aise","publisher":{"@id":"https:\/\/asulf.org\/#organization"},"potentialAction":[{"@type":"SearchAction","target":{"@type":"EntryPoint","urlTemplate":"https:\/\/asulf.org\/?s={search_term_string}"},"query-input":{"@type":"PropertyValueSpecification","valueRequired":true,"valueName":"search_term_string"}}],"inLanguage":"fr-FR"},{"@type":"Organization","@id":"https:\/\/asulf.org\/#organization","name":"ASULF","url":"https:\/\/asulf.org\/","logo":{"@type":"ImageObject","inLanguage":"fr-FR","@id":"https:\/\/asulf.org\/#\/schema\/logo\/image\/","url":"https:\/\/asulf.org\/wp-content\/uploads\/2021\/03\/cropped-asulf-logo-png-2.png","contentUrl":"https:\/\/asulf.org\/wp-content\/uploads\/2021\/03\/cropped-asulf-logo-png-2.png","width":2068,"height":1086,"caption":"ASULF"},"image":{"@id":"https:\/\/asulf.org\/#\/schema\/logo\/image\/"},"sameAs":["https:\/\/www.facebook.com\/Association-pour-le-soutien-et-lusage-de-la-langue-fran\u00e7aise-ASULF-1702235186671805"]}]}},"_links":{"self":[{"href":"https:\/\/asulf.org\/index.php?rest_route=\/wp\/v2\/pages\/3301","targetHints":{"allow":["GET"]}}],"collection":[{"href":"https:\/\/asulf.org\/index.php?rest_route=\/wp\/v2\/pages"}],"about":[{"href":"https:\/\/asulf.org\/index.php?rest_route=\/wp\/v2\/types\/page"}],"author":[{"embeddable":true,"href":"https:\/\/asulf.org\/index.php?rest_route=\/wp\/v2\/users\/11"}],"replies":[{"embeddable":true,"href":"https:\/\/asulf.org\/index.php?rest_route=%2Fwp%2Fv2%2Fcomments&post=3301"}],"version-history":[{"count":52,"href":"https:\/\/asulf.org\/index.php?rest_route=\/wp\/v2\/pages\/3301\/revisions"}],"predecessor-version":[{"id":10982,"href":"https:\/\/asulf.org\/index.php?rest_route=\/wp\/v2\/pages\/3301\/revisions\/10982"}],"wp:attachment":[{"href":"https:\/\/asulf.org\/index.php?rest_route=%2Fwp%2Fv2%2Fmedia&parent=3301"}],"curies":[{"name":"wp","href":"https:\/\/api.w.org\/{rel}","templated":true}]}}