{"id":3303,"date":"2016-02-12T15:38:05","date_gmt":"2016-02-12T14:38:05","guid":{"rendered":"http:\/\/asulf.ca\/?page_id=3303"},"modified":"2025-12-03T13:03:43","modified_gmt":"2025-12-03T18:03:43","slug":"historique","status":"publish","type":"page","link":"https:\/\/asulf.org\/?page_id=3303","title":{"rendered":"Historique"},"content":{"rendered":"<p>L\u2019Association pour le soutien et l\u2019usage de la langue fran\u00e7aise (Asulf), association sans but lucratif, a \u00e9t\u00e9 fond\u00e9e \u00e0 Qu\u00e9bec le 17 janvier 1986, \u00e0 l\u2019initiative du juge Robert Auclair, et en collaboration avec des personnes qui voulaient que les organismes publics se pr\u00e9occupent davantage de la qualit\u00e9 de la langue. La d\u00e9nomination originale de l\u2019association \u00e9tait alors \u00ab Association des usagers de la langue fran\u00e7aise \u00bb. Elle a \u00e9t\u00e9 modifi\u00e9e en 1998.<\/p>\n<p>Depuis la mise sur pied du groupe, pr\u00e8s de 1\u00a0000 personnes physiques ou morales y ont adh\u00e9r\u00e9 et appuy\u00e9 ses interventions. L\u2019Asulf compte actuellement 400\u00a0membres.<\/p>\n<p>Le Conseil sup\u00e9rieur de la langue fran\u00e7aise a honor\u00e9 l\u2019Asulf le 19 mars\u00a02003 par la remise du Prix du 3\u2011Juillet\u20111608.\u00a0Ce prix comm\u00e9more la fondation de Qu\u00e9bec et rappelle l\u2019importance de cette ville pour les francophones d\u2019Am\u00e9rique. Le\u00a0Conseil a ainsi voulu rendre hommage \u00e0 la pers\u00e9v\u00e9rance, \u00e0 la vitalit\u00e9 et au dynamisme d\u2019un organisme pour les services exceptionnels qu\u2019il a rendus \u00e0 une collectivit\u00e9 de langue fran\u00e7aise et \u00e0 l\u2019ensemble de la francophonie nord-am\u00e9ricaine.<\/p>\n<p>Au nombre de ses r\u00e9alisations, l\u2019Asulf r\u00e9ussit en 1992 \u00e0 faire en sorte que les gouvernements du Qu\u00e9bec et du Canada invitent les Canadiens de langue fran\u00e7aise \u00e0 produire des <strong>d\u00e9clarations de revenus<\/strong> plut\u00f4t que des <em>rapports d\u2019imp\u00f4t<\/em>.\u00a0En 1996, gr\u00e2ce aux interventions de l\u2019Association, l\u2019Universit\u00e9 Laval de Qu\u00e9bec accepte que l\u2019<em>\u00c9cole des Gradu\u00e9s<\/em> devienne la <strong>Facult\u00e9 des \u00e9tudes sup\u00e9rieures<\/strong>.\u00a0Ses nombreuses campagnes ont \u00e9galement favoris\u00e9 l\u2019implantation du mot <strong>courriel<\/strong>.\u00a0En 2008, apr\u00e8s de multiples d\u00e9marches, la <em>Station centrale d\u2019Autobus<\/em> a fait place \u00e0 la <strong>Gare d\u2019autocars de Montr\u00e9al<\/strong>.\u00a0On pourrait allonger la liste. L\u2019Asulf propose des termes fran\u00e7ais justes pour remplacer les anglicismes inutiles ou les barbarismes, et elle pr\u00e9conise le bon usage. Cependant, le statut du fran\u00e7ais au Qu\u00e9bec et en Am\u00e9rique du Nord la pr\u00e9occupe du fait qu\u2019il est un pr\u00e9alable \u00e0 l\u2019am\u00e9lioration de la langue, mais elle s\u2019abstient elle-m\u00eame de s\u2019engager \u00e0 cet \u00e9gard.<\/p>\n<p>L\u2019Association a particip\u00e9 aux travaux de nombreuses commissions parlementaires au cours des ann\u00e9es\u00a0: le\u00a05 mars\u00a01987, le 31\u00a0ao\u00fbt\u00a01988, le 16\u00a0mars\u00a01993, le 29\u00a0ao\u00fbt\u00a01996, le 22 mars 2013, et \u00e0 des commissions gouvernementales telles que la Commission des \u00c9tats g\u00e9n\u00e9raux sur la situation et l\u2019avenir de la langue fran\u00e7aise au Qu\u00e9bec, en 2001 et la Commission Johnson, commission d&rsquo;enqu\u00eate charg\u00e9e d&rsquo;investiguer les causes de l\u2019effondrement d\u2019une partie du viaduc de la Concorde (sic) \u00e0 Laval (Qu\u00e9bec), en 2006. Les conventions collectives constituent un autre champ d&rsquo;intervention de l&rsquo;Asulf. C\u2019est pour ainsi dire le domaine qui a constitu\u00e9 la bougie d\u2019allumage du groupe.<\/p>\n<p>La brochure \u00ab L&rsquo;Asulf au cours des ans, 1986-2011 \u00bb et la chronologie des trois derni\u00e8res d\u00e9cennies sont consultables \u00e0 distance.<\/p>\n\n\n<div data-wp-interactive=\"core\/file\" class=\"wp-block-file\"><object data-wp-bind--hidden=\"!state.hasPdfPreview\" hidden class=\"wp-block-file__embed\" data=\"https:\/\/asulf.org\/wp-content\/uploads\/2025\/12\/Asulf-Chronologie-en-publisher-2025-1.pdf\" type=\"application\/pdf\" style=\"width:100%;height:600px\" aria-label=\"Contenu embarqu\u00e9 Asulf - Chronologie en publisher 2025.\"><\/object><a id=\"wp-block-file--media-f8945c23-8d32-415d-94f4-b4fcccadeb61\" href=\"https:\/\/asulf.org\/wp-content\/uploads\/2025\/12\/Asulf-Chronologie-en-publisher-2025-1.pdf\">Asulf &#8211; Chronologie en publisher 2025<\/a><a href=\"https:\/\/asulf.org\/wp-content\/uploads\/2025\/12\/Asulf-Chronologie-en-publisher-2025-1.pdf\" class=\"wp-block-file__button wp-element-button\" download aria-describedby=\"wp-block-file--media-f8945c23-8d32-415d-94f4-b4fcccadeb61\">T\u00e9l\u00e9charger<\/a><\/div>\n\n\n\n<div data-wp-interactive=\"core\/file\" class=\"wp-block-file\"><object data-wp-bind--hidden=\"!state.hasPdfPreview\" hidden class=\"wp-block-file__embed\" data=\"https:\/\/asulf.org\/wp-content\/uploads\/2018\/02\/ASULF-25e-ann.-brochure2.pdf\" type=\"application\/pdf\" style=\"width:100%;height:600px\" aria-label=\"Contenu embarqu\u00e9 ASULF - 25e ann. - brochure2.\"><\/object><a id=\"wp-block-file--media-42c0b363-ea8e-4f9b-8d97-ca378cd9b8ba\" href=\"https:\/\/asulf.org\/wp-content\/uploads\/2018\/02\/ASULF-25e-ann.-brochure2.pdf\">ASULF &#8211; 25e ann. &#8211; brochure2<\/a><a href=\"https:\/\/asulf.org\/wp-content\/uploads\/2018\/02\/ASULF-25e-ann.-brochure2.pdf\" class=\"wp-block-file__button wp-element-button\" download aria-describedby=\"wp-block-file--media-42c0b363-ea8e-4f9b-8d97-ca378cd9b8ba\">T\u00e9l\u00e9charger<\/a><\/div>\n","protected":false},"excerpt":{"rendered":"<p>L\u2019Association pour le soutien et l\u2019usage de la langue fran\u00e7aise (Asulf), association sans but lucratif, a \u00e9t\u00e9 fond\u00e9e \u00e0 Qu\u00e9bec le 17 janvier 1986, \u00e0 l\u2019initiative du juge Robert Auclair, et en collaboration avec des personnes qui voulaient que les organismes publics se pr\u00e9occupent davantage de la qualit\u00e9 de la langue. La d\u00e9nomination originale de&#8230;<\/p>\n","protected":false},"author":1,"featured_media":0,"parent":0,"menu_order":0,"comment_status":"closed","ping_status":"closed","template":"","meta":{"footnotes":""},"class_list":["post-3303","page","type-page","status-publish","hentry"],"yoast_head":"<!-- This site is optimized with the Yoast SEO plugin v27.5 - https:\/\/yoast.com\/product\/yoast-seo-wordpress\/ -->\n<title>Historique -<\/title>\n<meta name=\"robots\" content=\"index, follow, max-snippet:-1, max-image-preview:large, max-video-preview:-1\" \/>\n<link rel=\"canonical\" href=\"https:\/\/asulf.org\/historique\/\" \/>\n<meta property=\"og:locale\" content=\"fr_FR\" \/>\n<meta property=\"og:type\" content=\"article\" \/>\n<meta property=\"og:title\" content=\"Historique -\" \/>\n<meta property=\"og:description\" content=\"L\u2019Association pour le soutien et l\u2019usage de la langue fran\u00e7aise (Asulf), association sans but lucratif, a \u00e9t\u00e9 fond\u00e9e \u00e0 Qu\u00e9bec le 17 janvier 1986, \u00e0 l\u2019initiative du juge Robert Auclair, et en collaboration avec des personnes qui voulaient que les organismes publics se pr\u00e9occupent davantage de la qualit\u00e9 de la langue. La d\u00e9nomination originale de...\" \/>\n<meta property=\"og:url\" content=\"https:\/\/asulf.org\/historique\/\" \/>\n<meta property=\"article:publisher\" content=\"https:\/\/www.facebook.com\/Association-pour-le-soutien-et-lusage-de-la-langue-fran%c3%a7aise-ASULF-1702235186671805\" \/>\n<meta property=\"article:modified_time\" content=\"2025-12-03T18:03:43+00:00\" \/>\n<meta name=\"twitter:card\" content=\"summary_large_image\" \/>\n<meta name=\"twitter:label1\" content=\"Dur\u00e9e de lecture estim\u00e9e\" \/>\n\t<meta name=\"twitter:data1\" content=\"3 minutes\" \/>\n<script type=\"application\/ld+json\" class=\"yoast-schema-graph\">{\"@context\":\"https:\\\/\\\/schema.org\",\"@graph\":[{\"@type\":\"WebPage\",\"@id\":\"https:\\\/\\\/asulf.org\\\/historique\\\/\",\"url\":\"https:\\\/\\\/asulf.org\\\/historique\\\/\",\"name\":\"Historique -\",\"isPartOf\":{\"@id\":\"https:\\\/\\\/asulf.org\\\/#website\"},\"datePublished\":\"2016-02-12T14:38:05+00:00\",\"dateModified\":\"2025-12-03T18:03:43+00:00\",\"breadcrumb\":{\"@id\":\"https:\\\/\\\/asulf.org\\\/historique\\\/#breadcrumb\"},\"inLanguage\":\"fr-FR\",\"potentialAction\":[{\"@type\":\"ReadAction\",\"target\":[\"https:\\\/\\\/asulf.org\\\/historique\\\/\"]}]},{\"@type\":\"BreadcrumbList\",\"@id\":\"https:\\\/\\\/asulf.org\\\/historique\\\/#breadcrumb\",\"itemListElement\":[{\"@type\":\"ListItem\",\"position\":1,\"name\":\"Accueil\",\"item\":\"https:\\\/\\\/asulf.org\\\/\"},{\"@type\":\"ListItem\",\"position\":2,\"name\":\"Historique\"}]},{\"@type\":\"WebSite\",\"@id\":\"https:\\\/\\\/asulf.org\\\/#website\",\"url\":\"https:\\\/\\\/asulf.org\\\/\",\"name\":\"\",\"description\":\"Association pour le soutien et l\u2019usage de la langue fran\u00e7aise\",\"publisher\":{\"@id\":\"https:\\\/\\\/asulf.org\\\/#organization\"},\"potentialAction\":[{\"@type\":\"SearchAction\",\"target\":{\"@type\":\"EntryPoint\",\"urlTemplate\":\"https:\\\/\\\/asulf.org\\\/?s={search_term_string}\"},\"query-input\":{\"@type\":\"PropertyValueSpecification\",\"valueRequired\":true,\"valueName\":\"search_term_string\"}}],\"inLanguage\":\"fr-FR\"},{\"@type\":\"Organization\",\"@id\":\"https:\\\/\\\/asulf.org\\\/#organization\",\"name\":\"ASULF\",\"url\":\"https:\\\/\\\/asulf.org\\\/\",\"logo\":{\"@type\":\"ImageObject\",\"inLanguage\":\"fr-FR\",\"@id\":\"https:\\\/\\\/asulf.org\\\/#\\\/schema\\\/logo\\\/image\\\/\",\"url\":\"https:\\\/\\\/asulf.org\\\/wp-content\\\/uploads\\\/2021\\\/03\\\/cropped-asulf-logo-png-2.png\",\"contentUrl\":\"https:\\\/\\\/asulf.org\\\/wp-content\\\/uploads\\\/2021\\\/03\\\/cropped-asulf-logo-png-2.png\",\"width\":2068,\"height\":1086,\"caption\":\"ASULF\"},\"image\":{\"@id\":\"https:\\\/\\\/asulf.org\\\/#\\\/schema\\\/logo\\\/image\\\/\"},\"sameAs\":[\"https:\\\/\\\/www.facebook.com\\\/Association-pour-le-soutien-et-lusage-de-la-langue-fran\u00e7aise-ASULF-1702235186671805\"]}]}<\/script>\n<!-- \/ Yoast SEO plugin. -->","yoast_head_json":{"title":"Historique -","robots":{"index":"index","follow":"follow","max-snippet":"max-snippet:-1","max-image-preview":"max-image-preview:large","max-video-preview":"max-video-preview:-1"},"canonical":"https:\/\/asulf.org\/historique\/","og_locale":"fr_FR","og_type":"article","og_title":"Historique -","og_description":"L\u2019Association pour le soutien et l\u2019usage de la langue fran\u00e7aise (Asulf), association sans but lucratif, a \u00e9t\u00e9 fond\u00e9e \u00e0 Qu\u00e9bec le 17 janvier 1986, \u00e0 l\u2019initiative du juge Robert Auclair, et en collaboration avec des personnes qui voulaient que les organismes publics se pr\u00e9occupent davantage de la qualit\u00e9 de la langue. La d\u00e9nomination originale de...","og_url":"https:\/\/asulf.org\/historique\/","article_publisher":"https:\/\/www.facebook.com\/Association-pour-le-soutien-et-lusage-de-la-langue-fran%c3%a7aise-ASULF-1702235186671805","article_modified_time":"2025-12-03T18:03:43+00:00","twitter_card":"summary_large_image","twitter_misc":{"Dur\u00e9e de lecture estim\u00e9e":"3 minutes"},"schema":{"@context":"https:\/\/schema.org","@graph":[{"@type":"WebPage","@id":"https:\/\/asulf.org\/historique\/","url":"https:\/\/asulf.org\/historique\/","name":"Historique -","isPartOf":{"@id":"https:\/\/asulf.org\/#website"},"datePublished":"2016-02-12T14:38:05+00:00","dateModified":"2025-12-03T18:03:43+00:00","breadcrumb":{"@id":"https:\/\/asulf.org\/historique\/#breadcrumb"},"inLanguage":"fr-FR","potentialAction":[{"@type":"ReadAction","target":["https:\/\/asulf.org\/historique\/"]}]},{"@type":"BreadcrumbList","@id":"https:\/\/asulf.org\/historique\/#breadcrumb","itemListElement":[{"@type":"ListItem","position":1,"name":"Accueil","item":"https:\/\/asulf.org\/"},{"@type":"ListItem","position":2,"name":"Historique"}]},{"@type":"WebSite","@id":"https:\/\/asulf.org\/#website","url":"https:\/\/asulf.org\/","name":"","description":"Association pour le soutien et l\u2019usage de la langue fran\u00e7aise","publisher":{"@id":"https:\/\/asulf.org\/#organization"},"potentialAction":[{"@type":"SearchAction","target":{"@type":"EntryPoint","urlTemplate":"https:\/\/asulf.org\/?s={search_term_string}"},"query-input":{"@type":"PropertyValueSpecification","valueRequired":true,"valueName":"search_term_string"}}],"inLanguage":"fr-FR"},{"@type":"Organization","@id":"https:\/\/asulf.org\/#organization","name":"ASULF","url":"https:\/\/asulf.org\/","logo":{"@type":"ImageObject","inLanguage":"fr-FR","@id":"https:\/\/asulf.org\/#\/schema\/logo\/image\/","url":"https:\/\/asulf.org\/wp-content\/uploads\/2021\/03\/cropped-asulf-logo-png-2.png","contentUrl":"https:\/\/asulf.org\/wp-content\/uploads\/2021\/03\/cropped-asulf-logo-png-2.png","width":2068,"height":1086,"caption":"ASULF"},"image":{"@id":"https:\/\/asulf.org\/#\/schema\/logo\/image\/"},"sameAs":["https:\/\/www.facebook.com\/Association-pour-le-soutien-et-lusage-de-la-langue-fran\u00e7aise-ASULF-1702235186671805"]}]}},"_links":{"self":[{"href":"https:\/\/asulf.org\/index.php?rest_route=\/wp\/v2\/pages\/3303","targetHints":{"allow":["GET"]}}],"collection":[{"href":"https:\/\/asulf.org\/index.php?rest_route=\/wp\/v2\/pages"}],"about":[{"href":"https:\/\/asulf.org\/index.php?rest_route=\/wp\/v2\/types\/page"}],"author":[{"embeddable":true,"href":"https:\/\/asulf.org\/index.php?rest_route=\/wp\/v2\/users\/1"}],"replies":[{"embeddable":true,"href":"https:\/\/asulf.org\/index.php?rest_route=%2Fwp%2Fv2%2Fcomments&post=3303"}],"version-history":[{"count":36,"href":"https:\/\/asulf.org\/index.php?rest_route=\/wp\/v2\/pages\/3303\/revisions"}],"predecessor-version":[{"id":12649,"href":"https:\/\/asulf.org\/index.php?rest_route=\/wp\/v2\/pages\/3303\/revisions\/12649"}],"wp:attachment":[{"href":"https:\/\/asulf.org\/index.php?rest_route=%2Fwp%2Fv2%2Fmedia&parent=3303"}],"curies":[{"name":"wp","href":"https:\/\/api.w.org\/{rel}","templated":true}]}}