{"id":3307,"date":"2012-04-12T15:38:05","date_gmt":"2012-04-12T19:38:05","guid":{"rendered":"http:\/\/asulf.ca\/?page_id=3307"},"modified":"2025-05-12T21:51:32","modified_gmt":"2025-05-13T01:51:32","slug":"capsules-linguistiques","status":"publish","type":"page","link":"https:\/\/asulf.org\/?page_id=3307","title":{"rendered":"Capsules linguistiques"},"content":{"rendered":"<p>Les premi\u00e8res capsules linguistiques paraissent dans le site Web de l\u2019Asulf au d\u00e9but des ann\u00e9es 2000 sous le nom d\u2019\u00ab interventions \u00bb. Puis, quelques ann\u00e9es plus tard, elles sont rebaptis\u00e9es sous leur nom actuel. Les capsules sont alors relativement courtes ne comprenant que le terme fautif, un bref commentaire et le terme juste. Leur contenu porte sur une impropri\u00e9t\u00e9, un anglicisme, un barbarisme ou un emploi erron\u00e9 du genre du mot, par exemple. En 2011, le site compte d\u00e9j\u00e0 34 capsules. On proc\u00e8de \u00e0 l\u2019uniformisation de leur pr\u00e9sentation.<\/p>\n<p>Puis, en 2013, les capsules sont enti\u00e8rement revues et bonifi\u00e9es. Si le contenu demeure sensiblement le m\u00eame, en revanche, la pr\u00e9sentation fait l\u2019objet d\u2019importantes modifications. Dor\u00e9navant, en consultant une capsule, on verra d\u2019abord une br\u00e8ve description du terme retenu, puis deux colonnes o\u00f9 sont regroup\u00e9s, \u00e0 gauche, les emplois fautifs et, \u00e0 droite, les emplois corrects du mot ou de l\u2019expression en question. Suivent la liste des sources et la date de cr\u00e9ation ou de modification de la capsule. Sans \u00eatre exhaustif, le contenu renferme l\u2019essentiel de l\u2019information utile.\u00a0<\/p>\n<p>Au fil du temps, certaines cibles et documents de l\u2019Asulf sont transform\u00e9s en capsules. La collection ne cesse de s\u2019enrichir, au rythme de plusieurs ajouts par mois. Le site compte actuellement plus de cent capsules.\u00a0<\/p>\n<p>*** Fiche contenant une version imprimable<\/p>\n\n\n<p><\/p>\n\n\n\n<figure class=\"wp-block-table\"><table class=\"has-fixed-layout\"><tbody><tr><td><strong><a rel=\"noreferrer noopener\" href=\"http:\/\/asulf.org\/abuser-abus\/\" target=\"_blank\">Abuser \/ Abus<\/a><\/strong><br><strong><a rel=\"noreferrer noopener\" href=\"http:\/\/asulf.org\/academique\/\" target=\"_blank\">Acad\u00e9mique<\/a><\/strong><br><strong><a href=\"https:\/\/asulf.org\/accommoder\/\" target=\"_blank\" rel=\"noreferrer noopener\">Accommoder<\/a><\/strong>  ***<\/td><td><strong><a rel=\"noreferrer noopener\" href=\"http:\/\/asulf.org\/confortable\/\" target=\"_blank\">Confortable<\/a><\/strong><br><strong><a href=\"https:\/\/asulf.org\/corporatif-2\/\" target=\"_blank\" rel=\"noreferrer noopener\">Corporatif<\/a><\/strong><br><strong><a href=\"https:\/\/asulf.org\/couper\/\" target=\"_blank\" rel=\"noreferrer noopener\">Couper<\/a><\/strong>  ***<\/td><td>\u00ab <strong><a href=\"https:\/\/asulf.org\/lousse\/\" target=\"_blank\" rel=\"noreferrer noopener\">Lousse<\/a><\/strong> \u00bb  ***<br><strong><a href=\"http:\/\/asulf.org\/mature\/\" target=\"_blank\" rel=\"noreferrer noopener\">Mature<\/a><\/strong><br><strong><a href=\"http:\/\/asulf.org\/memo\/\" target=\"_blank\" rel=\"noreferrer noopener\">M\u00e9mo<\/a><\/strong><\/td><td><strong><a href=\"https:\/\/asulf.org\/sauver\/\" target=\"_blank\" rel=\"noreferrer noopener\">Sauver<\/a><\/strong>  ***<br><strong><a href=\"http:\/\/asulf.org\/session\/\" target=\"_blank\" rel=\"noreferrer noopener\">Session<\/a><\/strong><br><strong><a href=\"https:\/\/asulf.org\/severe\/\" target=\"_blank\" rel=\"noreferrer noopener\">S\u00e9v\u00e8re<\/a><\/strong>  ***<\/td><\/tr><tr><td><strong><a rel=\"noreferrer noopener\" href=\"http:\/\/asulf.org\/admission\/\" target=\"_blank\">Admission<\/a><\/strong><br><strong><a rel=\"noreferrer noopener\" href=\"http:\/\/asulf.org\/adresser-2\/\" target=\"_blank\">Adresser<\/a><\/strong><br><strong><a rel=\"noreferrer noopener\" href=\"http:\/\/asulf.org\/agenda\/\" target=\"_blank\">Agenda<\/a><\/strong><\/td><td><strong><a href=\"http:\/\/asulf.org\/courtoisie\/\" target=\"_blank\" rel=\"noreferrer noopener\">Courtoisie<\/a><\/strong><br><strong><a href=\"http:\/\/asulf.org\/definitivement\/\" target=\"_blank\" rel=\"noreferrer noopener\">D\u00e9finitivement<\/a><\/strong><br><strong><a href=\"http:\/\/asulf.org\/delai\/\" target=\"_blank\" rel=\"noreferrer noopener\">D\u00e9lai<\/a><\/strong><br><strong><a href=\"http:\/\/asulf.org\/dernier-droit\/\" target=\"_blank\" rel=\"noreferrer noopener\">Dernier droit<\/a><\/strong><\/td><td><strong><a href=\"http:\/\/asulf.org\/monetaire\/\" target=\"_blank\" rel=\"noreferrer noopener\">Mon\u00e9taire<\/a><\/strong><br><strong><a href=\"https:\/\/asulf.org\/monoparental\/\" target=\"_blank\" rel=\"noreferrer noopener\">Monoparental<\/a><\/strong><br><strong><a href=\"http:\/\/asulf.org\/montant\/\" target=\"_blank\" rel=\"noreferrer noopener\">Montant<\/a><\/strong><br><strong><a href=\"http:\/\/asulf.org\/niveau\/\" target=\"_blank\" rel=\"noreferrer noopener\">Niveau<\/a><\/strong><\/td><td><strong><a href=\"https:\/\/asulf.org\/significatif\/\" target=\"_blank\" rel=\"noreferrer noopener\">Significatif<\/a><\/strong>  ***<br><strong><a href=\"https:\/\/asulf.org\/special\/\" target=\"_blank\" rel=\"noreferrer noopener\">Sp\u00e9cial<\/a><\/strong>  ***<br><strong><a href=\"http:\/\/asulf.org\/supporter\/\" target=\"_blank\" rel=\"noreferrer noopener\">Supporter<\/a><\/strong><\/td><\/tr><tr><td><strong><a href=\"https:\/\/asulf.org\/alternative\/\" target=\"_blank\" rel=\"noreferrer noopener\">Alternative<\/a><\/strong>  ***<br><strong><a rel=\"noreferrer noopener\" href=\"http:\/\/asulf.org\/annonces-classees\/\" target=\"_blank\">Annonces class\u00e9es<\/a><\/strong><br><strong><a href=\"https:\/\/asulf.org\/appeler\/\" target=\"_blank\" rel=\"noreferrer noopener\">Appeler<\/a><\/strong>  ***<\/td><td><strong><a href=\"https:\/\/asulf.org\/detour\/\" target=\"_blank\" rel=\"noreferrer noopener\">D\u00e9tour<\/a><\/strong><br><strong><a href=\"https:\/\/asulf.org\/digital\/\" target=\"_blank\" rel=\"noreferrer noopener\">Digital<\/a><\/strong> ***<br><strong><a href=\"http:\/\/asulf.org\/documenter\/\" target=\"_blank\" rel=\"noreferrer noopener\">Documenter<\/a><\/strong><\/td><td><strong><a href=\"http:\/\/asulf.org\/nomine\/\" target=\"_blank\" rel=\"noreferrer noopener\">Nomin\u00e9<\/a><\/strong><br><strong><a href=\"http:\/\/asulf.org\/oeuvrer\/\" target=\"_blank\" rel=\"noreferrer noopener\">\u0152uvrer<\/a><\/strong><br><strong><a href=\"http:\/\/asulf.org\/operer\/\" target=\"_blank\" rel=\"noreferrer noopener\">Op\u00e9rer<\/a><\/strong><\/td><td><strong><a href=\"http:\/\/asulf.org\/surtemps\/\" target=\"_blank\" rel=\"noreferrer noopener\">Surtemps<\/a><\/strong><br><strong><a href=\"https:\/\/asulf.org\/sympathie\/\" target=\"_blank\" rel=\"noreferrer noopener\">Sympathie<\/a><\/strong>  <br><a href=\"https:\/\/asulf.org\/technicalite\/\" target=\"_blank\" rel=\"noreferrer noopener\"><strong>Technicalit\u00e9<\/strong><\/a><\/td><\/tr><tr><td><a rel=\"noreferrer noopener\" href=\"http:\/\/asulf.org\/application-appliquer\/\" target=\"_blank\"><strong>Application\/appliquer<\/strong><\/a><br><strong><a href=\"https:\/\/asulf.org\/assumer\/\" target=\"_blank\" rel=\"noreferrer noopener\">Assumer<\/a><\/strong>  ***<br><strong><a rel=\"noreferrer noopener\" href=\"http:\/\/asulf.org\/autobus-ou-autocar\/\" target=\"_blank\">Autobus (ou autocar)<\/a><\/strong><\/td><td><strong><a href=\"https:\/\/asulf.org\/dramatique\/\" target=\"_blank\" rel=\"noreferrer noopener\">Dramatique<\/a><\/strong>  ***<br><strong><a href=\"https:\/\/asulf.org\/du\/\" target=\"_blank\" rel=\"noreferrer noopener\">D\u00fb<\/a><\/strong>  ***<br><strong><a href=\"http:\/\/asulf.org\/eligible\/\" target=\"_blank\" rel=\"noreferrer noopener\">\u00c9ligible<\/a><\/strong><\/td><td><strong><a href=\"http:\/\/asulf.org\/opportunite\/\" target=\"_blank\" rel=\"noreferrer noopener\">Opportunit\u00e9<\/a><\/strong><br><strong><a href=\"http:\/\/asulf.org\/pamphlet\/\" target=\"_blank\" rel=\"noreferrer noopener\">Pamphlet<\/a><\/strong><br><strong><a href=\"http:\/\/asulf.org\/paramedic\/\" target=\"_blank\" rel=\"noreferrer noopener\">Param\u00e9dic<\/a><\/strong><\/td><td><a href=\"http:\/\/asulf.org\/temperature\/\" target=\"_blank\" rel=\"noreferrer noopener\"><strong>Temp\u00e9rature<\/strong><\/a><br><a href=\"http:\/\/asulf.org\/temps-supplementaire\/\" target=\"_blank\" rel=\"noreferrer noopener\"><strong>Temps suppl\u00e9mentaire<\/strong><\/a><br><strong><a href=\"http:\/\/asulf.org\/terminus\/\" target=\"_blank\" rel=\"noreferrer noopener\">Terminus<\/a><\/strong><br><strong><a href=\"https:\/\/asulf.org\/trafic\/\" target=\"_blank\" rel=\"noreferrer noopener\">Trafic<\/a><\/strong><\/td><\/tr><tr><td><strong><a rel=\"noreferrer noopener\" href=\"http:\/\/asulf.org\/bar-a-salades\/\" target=\"_blank\">Bar \u00e0 salades<\/a><\/strong><br><strong><a href=\"http:\/\/asulf.org\/benefice\/\">B<\/a><a rel=\"noreferrer noopener\" href=\"http:\/\/asulf.org\/benefice\/\" target=\"_blank\">\u00e9n\u00e9fice<\/a><\/strong><br><strong><a rel=\"noreferrer noopener\" href=\"http:\/\/asulf.org\/breuvage\/\" target=\"_blank\">Breuvage<\/a><\/strong><\/td><td><strong><a rel=\"noreferrer noopener\" href=\"http:\/\/asulf.org\/emphase\/\" target=\"_blank\">Emphase<\/a><\/strong><br><strong><a rel=\"noreferrer noopener\" href=\"https:\/\/asulf.org\/entrainer\/\" target=\"_blank\">Entrainer<\/a><\/strong>  ***<br><strong><a rel=\"noreferrer noopener\" href=\"http:\/\/asulf.org\/et-ou\/\" target=\"_blank\">Et\/Ou<\/a><\/strong><\/td><td><strong><a rel=\"noreferrer noopener\" href=\"http:\/\/asulf.org\/partager\/\" target=\"_blank\">Partager<\/a><\/strong><br><strong><a rel=\"noreferrer noopener\" href=\"http:\/\/asulf.org\/partir-en-affaires\/\" target=\"_blank\">Partir en affaires<\/a><\/strong><br><a href=\"https:\/\/asulf.org\/payeur-de-taxes\/\" target=\"_blank\" rel=\"noreferrer noopener\"><strong>Payeur de taxes<\/strong><\/a><\/td><td><a href=\"http:\/\/asulf.org\/valide\/\" target=\"_blank\" rel=\"noreferrer noopener\"><strong>Valide<\/strong><\/a><br><strong><a href=\"http:\/\/asulf.org\/vente\/\" target=\"_blank\" rel=\"noreferrer noopener\">Vente<\/a><\/strong><br><strong><a href=\"https:\/\/asulf.org\/versatile\/\" target=\"_blank\" rel=\"noreferrer noopener\">Versatile<\/a><\/strong>  ***<\/td><\/tr><tr><td><strong><a rel=\"noreferrer noopener\" href=\"http:\/\/asulf.org\/bureau\/\" target=\"_blank\">Bureau<\/a><\/strong><br><strong><a rel=\"noreferrer noopener\" href=\"http:\/\/asulf.org\/cabaret\/\" target=\"_blank\">Cabaret<\/a><\/strong><br><strong><a href=\"https:\/\/asulf.org\/campagne\/\" target=\"_blank\" rel=\"noreferrer noopener\">Campagne<\/a><\/strong>  ***<\/td><td><strong><a href=\"http:\/\/asulf.org\/evenement\/\" target=\"_blank\" rel=\"noreferrer noopener\">\u00c9v\u00e9nement<\/a><\/strong><br><strong><a href=\"https:\/\/asulf.org\/executif\/\" target=\"_blank\" rel=\"noreferrer noopener\">Ex\u00e9cutif<\/a><\/strong>  ***<br><a rel=\"noreferrer noopener\" href=\"http:\/\/asulf.org\/futur-et-avenir\/\" target=\"_blank\"><strong>Futur et avenir<\/strong><\/a><\/td><td><strong><a href=\"http:\/\/asulf.org\/performance\/\" target=\"_blank\" rel=\"noreferrer noopener\">Performance<\/a><\/strong><br><strong><a href=\"http:\/\/asulf.org\/place\/\" target=\"_blank\" rel=\"noreferrer noopener\">Place<\/a><\/strong><br><strong><a href=\"https:\/\/asulf.org\/polariser\/\" target=\"_blank\" rel=\"noreferrer noopener\">Polariser<\/a><\/strong><br><strong><a href=\"http:\/\/asulf.org\/prendre-une-marche\/\" target=\"_blank\" rel=\"noreferrer noopener\">Prendre une marche<\/a><\/strong><\/td><td><strong><a href=\"http:\/\/asulf.org\/veteran\/\" target=\"_blank\" rel=\"noreferrer noopener\">V\u00e9t\u00e9ran<\/a><\/strong><br><strong><a href=\"http:\/\/asulf.org\/via\/\" target=\"_blank\" rel=\"noreferrer noopener\">Via&nbsp;<\/a><\/strong><br><a href=\"http:\/\/asulf.org\/vidanges\/\" target=\"_blank\" rel=\"noreferrer noopener\"><strong>Vidanges<\/strong><\/a><\/td><\/tr><tr><td><strong><a href=\"https:\/\/asulf.org\/capturer\/\" target=\"_blank\" rel=\"noreferrer noopener\">Capturer<\/a><\/strong>  ***<br><a rel=\"noreferrer noopener\" href=\"http:\/\/asulf.ca\/2018\/03\/09\/carte-daffaires\/\" target=\"_blank\"><strong>C<\/strong><\/a><strong><a rel=\"noreferrer noopener\" href=\"http:\/\/asulf.org\/carte-daffaires\/\" target=\"_blank\">arte d&rsquo;affaires<\/a><\/strong><br><strong><a rel=\"noreferrer noopener\" href=\"http:\/\/asulf.org\/certificat\/\" target=\"_blank\">Certificat<\/a><\/strong><\/td><td><strong><a href=\"http:\/\/asulf.org\/historique-2\/\" target=\"_blank\" rel=\"noreferrer noopener\">Historique<\/a><\/strong><br><strong><a href=\"http:\/\/asulf.org\/identifier\/\" target=\"_blank\" rel=\"noreferrer noopener\">Identifie<\/a><\/strong>r<br><strong><strong><a href=\"https:\/\/asulf.org\/imputabilite-imputable\/\" target=\"_blank\" rel=\"noreferrer noopener\">Imputabilit\u00e9<\/a><\/strong><\/strong>  ***<\/td><td><strong><a rel=\"noreferrer noopener\" href=\"http:\/\/asulf.org\/problematique\/\" target=\"_blank\">Probl\u00e9matique<\/a><\/strong><br><strong><a rel=\"noreferrer noopener\" href=\"http:\/\/asulf.org\/qualifications\/\" target=\"_blank\">Qualifications<\/a><\/strong><br><strong><a href=\"https:\/\/asulf.org\/rapport-dimpot\/\" target=\"_blank\" rel=\"noreferrer noopener\">Rapport d&rsquo;imp\u00f4t<\/a><\/strong><\/td><td><\/td><\/tr><tr><td><strong><a rel=\"noreferrer noopener\" href=\"https:\/\/asulf.org\/change\/\" target=\"_blank\">Change<\/a><\/strong>  ***<br><strong><a href=\"https:\/\/asulf.org\/charger\/\" target=\"_blank\" rel=\"noreferrer noopener\">Charger<\/a><\/strong>  ***<br><strong><a href=\"http:\/\/asulf.ca\/2014\/03\/01\/capsule-linguistique-6\/\" target=\"_blank\" rel=\"noreferrer noopener\">C<\/a><a rel=\"noreferrer noopener\" href=\"http:\/\/asulf.org\/circulaire\/\" target=\"_blank\">irculaire<\/a><\/strong><\/td><td><strong><a href=\"http:\/\/asulf.org\/inventaire\/\" target=\"_blank\" rel=\"noreferrer noopener\"><strong>Inventaire<\/strong><\/a><\/strong><br><strong><a href=\"http:\/\/asulf.org\/item\/\" target=\"_blank\" rel=\"noreferrer noopener\">Item<\/a><\/strong><br><strong><a href=\"https:\/\/asulf.org\/juridiction\/\" target=\"_blank\" rel=\"noreferrer noopener\">Juridiction<\/a><\/strong><\/td><td><strong><a href=\"http:\/\/asulf.org\/referer\/\" target=\"_blank\" rel=\"noreferrer noopener\">R\u00e9f\u00e9rer<\/a><\/strong><br><strong><a rel=\"noreferrer noopener\" href=\"http:\/\/asulf.org\/regulier\/\" target=\"_blank\">R\u00e9gulier<\/a><\/strong><br><strong><a href=\"https:\/\/asulf.org\/rencontrer\/\" target=\"_blank\" rel=\"noreferrer noopener\">Rencontrer<\/a><\/strong>  ***<\/td><td><\/td><\/tr><tr><td><strong><a href=\"http:\/\/asulf.org\/civique\/\" target=\"_blank\" rel=\"noreferrer noopener\">Civique<\/a><\/strong><br><strong><a rel=\"noreferrer noopener\" href=\"https:\/\/asulf.org\/completer\/\" target=\"_blank\">Compl\u00e9ter<\/a><\/strong><br><strong><a rel=\"noreferrer noopener\" href=\"http:\/\/asulf.org\/confiant\/\" target=\"_blank\">Confiant<\/a><\/strong><\/td><td><strong><a href=\"http:\/\/asulf.org\/kiosque\/\" target=\"_blank\" rel=\"noreferrer noopener\">Kiosque<\/a><\/strong><br><strong><a href=\"http:\/\/asulf.org\/legal\/\" target=\"_blank\" rel=\"noreferrer noopener\">L\u00e9gal<\/a><\/strong><br><strong><a href=\"http:\/\/asulf.org\/levee-de-fonds\/\" target=\"_blank\" rel=\"noreferrer noopener\">Lev\u00e9e de fonds<\/a><\/strong><\/td><td><strong><a href=\"http:\/\/asulf.org\/representation\/\" target=\"_blank\" rel=\"noreferrer noopener\">Repr\u00e9sentation<\/a><\/strong><br><strong><a href=\"http:\/\/asulf.org\/responsable\/\" target=\"_blank\" rel=\"noreferrer noopener\">Responsable<\/a><\/strong><br><strong><a href=\"http:\/\/asulf.org\/revamper\/\" target=\"_blank\" rel=\"noreferrer noopener\">Revamper<\/a><\/strong><\/td><td><\/td><\/tr><\/tbody><\/table><\/figure>\n","protected":false},"excerpt":{"rendered":"<p>Les premi\u00e8res capsules linguistiques paraissent dans le site Web de l\u2019Asulf au d\u00e9but des ann\u00e9es 2000 sous le nom d\u2019\u00ab interventions \u00bb. Puis, quelques ann\u00e9es plus tard, elles sont rebaptis\u00e9es sous leur nom actuel. Les capsules sont alors relativement courtes ne comprenant que le terme fautif, un bref commentaire et le terme juste. Leur contenu&#8230;<\/p>\n","protected":false},"author":11,"featured_media":0,"parent":0,"menu_order":0,"comment_status":"closed","ping_status":"closed","template":"","meta":{"footnotes":""},"class_list":["post-3307","page","type-page","status-publish","hentry"],"yoast_head":"<!-- This site is optimized with the Yoast SEO plugin v27.5 - https:\/\/yoast.com\/product\/yoast-seo-wordpress\/ -->\n<title>Capsules linguistiques -<\/title>\n<meta name=\"robots\" content=\"index, follow, max-snippet:-1, max-image-preview:large, max-video-preview:-1\" \/>\n<link rel=\"canonical\" href=\"https:\/\/asulf.org\/?page_id=3307\" \/>\n<meta property=\"og:locale\" content=\"fr_FR\" \/>\n<meta property=\"og:type\" content=\"article\" \/>\n<meta property=\"og:title\" content=\"Capsules linguistiques -\" \/>\n<meta property=\"og:description\" content=\"Les premi\u00e8res capsules linguistiques paraissent dans le site Web de l\u2019Asulf au d\u00e9but des ann\u00e9es 2000 sous le nom d\u2019\u00ab interventions \u00bb. Puis, quelques ann\u00e9es plus tard, elles sont rebaptis\u00e9es sous leur nom actuel. Les capsules sont alors relativement courtes ne comprenant que le terme fautif, un bref commentaire et le terme juste. Leur contenu...\" \/>\n<meta property=\"og:url\" content=\"https:\/\/asulf.org\/?page_id=3307\" \/>\n<meta property=\"article:publisher\" content=\"https:\/\/www.facebook.com\/Association-pour-le-soutien-et-lusage-de-la-langue-fran%c3%a7aise-ASULF-1702235186671805\" \/>\n<meta property=\"article:modified_time\" content=\"2025-05-13T01:51:32+00:00\" \/>\n<meta name=\"twitter:card\" content=\"summary_large_image\" \/>\n<meta name=\"twitter:label1\" content=\"Dur\u00e9e de lecture estim\u00e9e\" \/>\n\t<meta name=\"twitter:data1\" content=\"2 minutes\" \/>\n<script type=\"application\/ld+json\" class=\"yoast-schema-graph\">{\"@context\":\"https:\\\/\\\/schema.org\",\"@graph\":[{\"@type\":\"WebPage\",\"@id\":\"https:\\\/\\\/asulf.org\\\/?page_id=3307\",\"url\":\"https:\\\/\\\/asulf.org\\\/?page_id=3307\",\"name\":\"Capsules linguistiques -\",\"isPartOf\":{\"@id\":\"https:\\\/\\\/asulf.org\\\/#website\"},\"datePublished\":\"2012-04-12T19:38:05+00:00\",\"dateModified\":\"2025-05-13T01:51:32+00:00\",\"breadcrumb\":{\"@id\":\"https:\\\/\\\/asulf.org\\\/?page_id=3307#breadcrumb\"},\"inLanguage\":\"fr-FR\",\"potentialAction\":[{\"@type\":\"ReadAction\",\"target\":[\"https:\\\/\\\/asulf.org\\\/?page_id=3307\"]}]},{\"@type\":\"BreadcrumbList\",\"@id\":\"https:\\\/\\\/asulf.org\\\/?page_id=3307#breadcrumb\",\"itemListElement\":[{\"@type\":\"ListItem\",\"position\":1,\"name\":\"Accueil\",\"item\":\"https:\\\/\\\/asulf.org\\\/\"},{\"@type\":\"ListItem\",\"position\":2,\"name\":\"Capsules linguistiques\"}]},{\"@type\":\"WebSite\",\"@id\":\"https:\\\/\\\/asulf.org\\\/#website\",\"url\":\"https:\\\/\\\/asulf.org\\\/\",\"name\":\"\",\"description\":\"Association pour le soutien et l\u2019usage de la langue fran\u00e7aise\",\"publisher\":{\"@id\":\"https:\\\/\\\/asulf.org\\\/#organization\"},\"potentialAction\":[{\"@type\":\"SearchAction\",\"target\":{\"@type\":\"EntryPoint\",\"urlTemplate\":\"https:\\\/\\\/asulf.org\\\/?s={search_term_string}\"},\"query-input\":{\"@type\":\"PropertyValueSpecification\",\"valueRequired\":true,\"valueName\":\"search_term_string\"}}],\"inLanguage\":\"fr-FR\"},{\"@type\":\"Organization\",\"@id\":\"https:\\\/\\\/asulf.org\\\/#organization\",\"name\":\"ASULF\",\"url\":\"https:\\\/\\\/asulf.org\\\/\",\"logo\":{\"@type\":\"ImageObject\",\"inLanguage\":\"fr-FR\",\"@id\":\"https:\\\/\\\/asulf.org\\\/#\\\/schema\\\/logo\\\/image\\\/\",\"url\":\"https:\\\/\\\/asulf.org\\\/wp-content\\\/uploads\\\/2021\\\/03\\\/cropped-asulf-logo-png-2.png\",\"contentUrl\":\"https:\\\/\\\/asulf.org\\\/wp-content\\\/uploads\\\/2021\\\/03\\\/cropped-asulf-logo-png-2.png\",\"width\":2068,\"height\":1086,\"caption\":\"ASULF\"},\"image\":{\"@id\":\"https:\\\/\\\/asulf.org\\\/#\\\/schema\\\/logo\\\/image\\\/\"},\"sameAs\":[\"https:\\\/\\\/www.facebook.com\\\/Association-pour-le-soutien-et-lusage-de-la-langue-fran\u00e7aise-ASULF-1702235186671805\"]}]}<\/script>\n<!-- \/ Yoast SEO plugin. -->","yoast_head_json":{"title":"Capsules linguistiques -","robots":{"index":"index","follow":"follow","max-snippet":"max-snippet:-1","max-image-preview":"max-image-preview:large","max-video-preview":"max-video-preview:-1"},"canonical":"https:\/\/asulf.org\/?page_id=3307","og_locale":"fr_FR","og_type":"article","og_title":"Capsules linguistiques -","og_description":"Les premi\u00e8res capsules linguistiques paraissent dans le site Web de l\u2019Asulf au d\u00e9but des ann\u00e9es 2000 sous le nom d\u2019\u00ab interventions \u00bb. Puis, quelques ann\u00e9es plus tard, elles sont rebaptis\u00e9es sous leur nom actuel. Les capsules sont alors relativement courtes ne comprenant que le terme fautif, un bref commentaire et le terme juste. Leur contenu...","og_url":"https:\/\/asulf.org\/?page_id=3307","article_publisher":"https:\/\/www.facebook.com\/Association-pour-le-soutien-et-lusage-de-la-langue-fran%c3%a7aise-ASULF-1702235186671805","article_modified_time":"2025-05-13T01:51:32+00:00","twitter_card":"summary_large_image","twitter_misc":{"Dur\u00e9e de lecture estim\u00e9e":"2 minutes"},"schema":{"@context":"https:\/\/schema.org","@graph":[{"@type":"WebPage","@id":"https:\/\/asulf.org\/?page_id=3307","url":"https:\/\/asulf.org\/?page_id=3307","name":"Capsules linguistiques -","isPartOf":{"@id":"https:\/\/asulf.org\/#website"},"datePublished":"2012-04-12T19:38:05+00:00","dateModified":"2025-05-13T01:51:32+00:00","breadcrumb":{"@id":"https:\/\/asulf.org\/?page_id=3307#breadcrumb"},"inLanguage":"fr-FR","potentialAction":[{"@type":"ReadAction","target":["https:\/\/asulf.org\/?page_id=3307"]}]},{"@type":"BreadcrumbList","@id":"https:\/\/asulf.org\/?page_id=3307#breadcrumb","itemListElement":[{"@type":"ListItem","position":1,"name":"Accueil","item":"https:\/\/asulf.org\/"},{"@type":"ListItem","position":2,"name":"Capsules linguistiques"}]},{"@type":"WebSite","@id":"https:\/\/asulf.org\/#website","url":"https:\/\/asulf.org\/","name":"","description":"Association pour le soutien et l\u2019usage de la langue fran\u00e7aise","publisher":{"@id":"https:\/\/asulf.org\/#organization"},"potentialAction":[{"@type":"SearchAction","target":{"@type":"EntryPoint","urlTemplate":"https:\/\/asulf.org\/?s={search_term_string}"},"query-input":{"@type":"PropertyValueSpecification","valueRequired":true,"valueName":"search_term_string"}}],"inLanguage":"fr-FR"},{"@type":"Organization","@id":"https:\/\/asulf.org\/#organization","name":"ASULF","url":"https:\/\/asulf.org\/","logo":{"@type":"ImageObject","inLanguage":"fr-FR","@id":"https:\/\/asulf.org\/#\/schema\/logo\/image\/","url":"https:\/\/asulf.org\/wp-content\/uploads\/2021\/03\/cropped-asulf-logo-png-2.png","contentUrl":"https:\/\/asulf.org\/wp-content\/uploads\/2021\/03\/cropped-asulf-logo-png-2.png","width":2068,"height":1086,"caption":"ASULF"},"image":{"@id":"https:\/\/asulf.org\/#\/schema\/logo\/image\/"},"sameAs":["https:\/\/www.facebook.com\/Association-pour-le-soutien-et-lusage-de-la-langue-fran\u00e7aise-ASULF-1702235186671805"]}]}},"_links":{"self":[{"href":"https:\/\/asulf.org\/index.php?rest_route=\/wp\/v2\/pages\/3307","targetHints":{"allow":["GET"]}}],"collection":[{"href":"https:\/\/asulf.org\/index.php?rest_route=\/wp\/v2\/pages"}],"about":[{"href":"https:\/\/asulf.org\/index.php?rest_route=\/wp\/v2\/types\/page"}],"author":[{"embeddable":true,"href":"https:\/\/asulf.org\/index.php?rest_route=\/wp\/v2\/users\/11"}],"replies":[{"embeddable":true,"href":"https:\/\/asulf.org\/index.php?rest_route=%2Fwp%2Fv2%2Fcomments&post=3307"}],"version-history":[{"count":329,"href":"https:\/\/asulf.org\/index.php?rest_route=\/wp\/v2\/pages\/3307\/revisions"}],"predecessor-version":[{"id":12256,"href":"https:\/\/asulf.org\/index.php?rest_route=\/wp\/v2\/pages\/3307\/revisions\/12256"}],"wp:attachment":[{"href":"https:\/\/asulf.org\/index.php?rest_route=%2Fwp%2Fv2%2Fmedia&parent=3307"}],"curies":[{"name":"wp","href":"https:\/\/api.w.org\/{rel}","templated":true}]}}