{"id":3642,"date":"2016-04-06T08:38:18","date_gmt":"2016-04-06T12:38:18","guid":{"rendered":"http:\/\/asulf.ca\/?page_id=3642"},"modified":"2023-07-07T14:49:41","modified_gmt":"2023-07-07T18:49:41","slug":"mission","status":"publish","type":"page","link":"https:\/\/asulf.org\/?page_id=3642","title":{"rendered":"Mission"},"content":{"rendered":"<p>L\u2019Association travaille \u00e0 l\u2019am\u00e9lioration de la qualit\u00e9 de la langue publique, c\u2019est-\u00e0-dire celle du l\u00e9gislateur, de l\u2019Administration, des m\u00e9dias, des entreprises, des associations et des publicitaires.<\/p>\n<p><strong>Qualit\u00e9 de la langue<\/strong><\/p>\n<p>\u00ab Un texte est \u00e9crit en fran\u00e7ais lorsqu&rsquo;il est conforme aux r\u00e8gles de l&rsquo;orthographe, de la grammaire, de la syntaxe ainsi qu&rsquo;aux donn\u00e9es portant sur le vocabulaire g\u00e9n\u00e9ral et technique contenues dans les grammaires\u00a0fran\u00e7aises courantes et les dictionnaires g\u00e9n\u00e9raux du fran\u00e7ais \u00bb. (Assembl\u00e9e g\u00e9n\u00e9rale, 23 mai 2022).<\/p>\n<p>Le bon usage du fran\u00e7ais se caract\u00e9rise par quelques traits :<\/p>\n<ul>\n<li>connaissance du lexique du fran\u00e7ais de r\u00e9f\u00e9rence;<\/li>\n<li>l&#8217;emploi de n\u00e9ologismes form\u00e9s selon les r\u00e8gles du fran\u00e7ais;<\/li>\n<li>prononciation soign\u00e9e des mots du lexique et la prononciation francis\u00e9e des mots d\u2019origine \u00e9trang\u00e8re;<\/li>\n<li>int\u00e9gration et naturalisation des mots \u00e9trangers indispensables et rejet des doublons, lesquels peuvent cependant servir \u00e0 illustrer une r\u00e9alit\u00e9 \u00e9trang\u00e8re;<\/li>\n<li>abandon des calques inutiles et mise \u00e0 l\u2019\u00e9cart des expressions joualisantes, franglaises ou incompr\u00e9hensibles;<\/li>\n<li>absence de verrues ou d\u2019impuret\u00e9s langagi\u00e8res : impropri\u00e9t\u00e9s, barbarismes, glissements de sens, mots utilis\u00e9s pour d\u2019autres, fautes grammaticales, anglicismes inutiles, familiarit\u00e9s de mauvais go\u00fbt;<\/li>\n<li>abus des abr\u00e9viations et du style t\u00e9l\u00e9graphique; dislocation des interrogations.<\/li>\n<\/ul>\n<p>L\u2019engagement en faveur de la qualit\u00e9 de la langue est inscrit \u00e0 l\u2019article trois des\u00a0statuts de l&rsquo;ASULF.<\/p>\n\n\n<div data-wp-interactive=\"core\/file\" class=\"wp-block-file\"><object data-wp-bind--hidden=\"!state.hasPdfPreview\" hidden class=\"wp-block-file__embed\" data=\"https:\/\/asulf.org\/wp-content\/uploads\/2023\/06\/ASULF-STATUTS-2017.pdf\" type=\"application\/pdf\" style=\"width:100%;height:600px\" aria-label=\"Contenu embarqu\u00e9 ASULF - STATUTS 2017.\"><\/object><a id=\"wp-block-file--media-54844525-a82d-4514-b60a-2d2ba83a0c36\" href=\"https:\/\/asulf.org\/wp-content\/uploads\/2023\/06\/ASULF-STATUTS-2017.pdf\">ASULF &#8211; STATUTS 2017<\/a><a href=\"https:\/\/asulf.org\/wp-content\/uploads\/2023\/06\/ASULF-STATUTS-2017.pdf\" class=\"wp-block-file__button wp-element-button\" download aria-describedby=\"wp-block-file--media-54844525-a82d-4514-b60a-2d2ba83a0c36\">T\u00e9l\u00e9charger<\/a><\/div>\n","protected":false},"excerpt":{"rendered":"<p>L\u2019Association travaille \u00e0 l\u2019am\u00e9lioration de la qualit\u00e9 de la langue publique, c\u2019est-\u00e0-dire celle du l\u00e9gislateur, de l\u2019Administration, des m\u00e9dias, des entreprises, des associations et des publicitaires. Qualit\u00e9 de la langue \u00ab Un texte est \u00e9crit en fran\u00e7ais lorsqu&rsquo;il est conforme aux r\u00e8gles de l&rsquo;orthographe, de la grammaire, de la syntaxe ainsi qu&rsquo;aux donn\u00e9es portant sur&#8230;<\/p>\n","protected":false},"author":1,"featured_media":0,"parent":3301,"menu_order":0,"comment_status":"closed","ping_status":"closed","template":"","meta":{"footnotes":""},"class_list":["post-3642","page","type-page","status-publish","hentry"],"yoast_head":"<!-- This site is optimized with the Yoast SEO plugin v27.5 - https:\/\/yoast.com\/product\/yoast-seo-wordpress\/ -->\n<title>Mission -<\/title>\n<meta name=\"robots\" content=\"index, follow, max-snippet:-1, max-image-preview:large, max-video-preview:-1\" \/>\n<link rel=\"canonical\" href=\"https:\/\/asulf.org\/lassociation\/mission\/\" \/>\n<meta property=\"og:locale\" content=\"fr_FR\" \/>\n<meta property=\"og:type\" content=\"article\" \/>\n<meta property=\"og:title\" content=\"Mission -\" \/>\n<meta property=\"og:description\" content=\"L\u2019Association travaille \u00e0 l\u2019am\u00e9lioration de la qualit\u00e9 de la langue publique, c\u2019est-\u00e0-dire celle du l\u00e9gislateur, de l\u2019Administration, des m\u00e9dias, des entreprises, des associations et des publicitaires. Qualit\u00e9 de la langue \u00ab Un texte est \u00e9crit en fran\u00e7ais lorsqu&rsquo;il est conforme aux r\u00e8gles de l&rsquo;orthographe, de la grammaire, de la syntaxe ainsi qu&rsquo;aux donn\u00e9es portant sur...\" \/>\n<meta property=\"og:url\" content=\"https:\/\/asulf.org\/lassociation\/mission\/\" \/>\n<meta property=\"article:publisher\" content=\"https:\/\/www.facebook.com\/Association-pour-le-soutien-et-lusage-de-la-langue-fran%c3%a7aise-ASULF-1702235186671805\" \/>\n<meta property=\"article:modified_time\" content=\"2023-07-07T18:49:41+00:00\" \/>\n<meta name=\"twitter:card\" content=\"summary_large_image\" \/>\n<meta name=\"twitter:label1\" content=\"Dur\u00e9e de lecture estim\u00e9e\" \/>\n\t<meta name=\"twitter:data1\" content=\"2 minutes\" \/>\n<script type=\"application\/ld+json\" class=\"yoast-schema-graph\">{\"@context\":\"https:\\\/\\\/schema.org\",\"@graph\":[{\"@type\":\"WebPage\",\"@id\":\"https:\\\/\\\/asulf.org\\\/lassociation\\\/mission\\\/\",\"url\":\"https:\\\/\\\/asulf.org\\\/lassociation\\\/mission\\\/\",\"name\":\"Mission -\",\"isPartOf\":{\"@id\":\"https:\\\/\\\/asulf.org\\\/#website\"},\"datePublished\":\"2016-04-06T12:38:18+00:00\",\"dateModified\":\"2023-07-07T18:49:41+00:00\",\"breadcrumb\":{\"@id\":\"https:\\\/\\\/asulf.org\\\/lassociation\\\/mission\\\/#breadcrumb\"},\"inLanguage\":\"fr-FR\",\"potentialAction\":[{\"@type\":\"ReadAction\",\"target\":[\"https:\\\/\\\/asulf.org\\\/lassociation\\\/mission\\\/\"]}]},{\"@type\":\"BreadcrumbList\",\"@id\":\"https:\\\/\\\/asulf.org\\\/lassociation\\\/mission\\\/#breadcrumb\",\"itemListElement\":[{\"@type\":\"ListItem\",\"position\":1,\"name\":\"Accueil\",\"item\":\"https:\\\/\\\/asulf.org\\\/\"},{\"@type\":\"ListItem\",\"position\":2,\"name\":\"L&#8217;Association\",\"item\":\"https:\\\/\\\/asulf.org\\\/lassociation\\\/\"},{\"@type\":\"ListItem\",\"position\":3,\"name\":\"Mission\"}]},{\"@type\":\"WebSite\",\"@id\":\"https:\\\/\\\/asulf.org\\\/#website\",\"url\":\"https:\\\/\\\/asulf.org\\\/\",\"name\":\"\",\"description\":\"Association pour le soutien et l\u2019usage de la langue fran\u00e7aise\",\"publisher\":{\"@id\":\"https:\\\/\\\/asulf.org\\\/#organization\"},\"potentialAction\":[{\"@type\":\"SearchAction\",\"target\":{\"@type\":\"EntryPoint\",\"urlTemplate\":\"https:\\\/\\\/asulf.org\\\/?s={search_term_string}\"},\"query-input\":{\"@type\":\"PropertyValueSpecification\",\"valueRequired\":true,\"valueName\":\"search_term_string\"}}],\"inLanguage\":\"fr-FR\"},{\"@type\":\"Organization\",\"@id\":\"https:\\\/\\\/asulf.org\\\/#organization\",\"name\":\"ASULF\",\"url\":\"https:\\\/\\\/asulf.org\\\/\",\"logo\":{\"@type\":\"ImageObject\",\"inLanguage\":\"fr-FR\",\"@id\":\"https:\\\/\\\/asulf.org\\\/#\\\/schema\\\/logo\\\/image\\\/\",\"url\":\"https:\\\/\\\/asulf.org\\\/wp-content\\\/uploads\\\/2021\\\/03\\\/cropped-asulf-logo-png-2.png\",\"contentUrl\":\"https:\\\/\\\/asulf.org\\\/wp-content\\\/uploads\\\/2021\\\/03\\\/cropped-asulf-logo-png-2.png\",\"width\":2068,\"height\":1086,\"caption\":\"ASULF\"},\"image\":{\"@id\":\"https:\\\/\\\/asulf.org\\\/#\\\/schema\\\/logo\\\/image\\\/\"},\"sameAs\":[\"https:\\\/\\\/www.facebook.com\\\/Association-pour-le-soutien-et-lusage-de-la-langue-fran\u00e7aise-ASULF-1702235186671805\"]}]}<\/script>\n<!-- \/ Yoast SEO plugin. -->","yoast_head_json":{"title":"Mission -","robots":{"index":"index","follow":"follow","max-snippet":"max-snippet:-1","max-image-preview":"max-image-preview:large","max-video-preview":"max-video-preview:-1"},"canonical":"https:\/\/asulf.org\/lassociation\/mission\/","og_locale":"fr_FR","og_type":"article","og_title":"Mission -","og_description":"L\u2019Association travaille \u00e0 l\u2019am\u00e9lioration de la qualit\u00e9 de la langue publique, c\u2019est-\u00e0-dire celle du l\u00e9gislateur, de l\u2019Administration, des m\u00e9dias, des entreprises, des associations et des publicitaires. Qualit\u00e9 de la langue \u00ab Un texte est \u00e9crit en fran\u00e7ais lorsqu&rsquo;il est conforme aux r\u00e8gles de l&rsquo;orthographe, de la grammaire, de la syntaxe ainsi qu&rsquo;aux donn\u00e9es portant sur...","og_url":"https:\/\/asulf.org\/lassociation\/mission\/","article_publisher":"https:\/\/www.facebook.com\/Association-pour-le-soutien-et-lusage-de-la-langue-fran%c3%a7aise-ASULF-1702235186671805","article_modified_time":"2023-07-07T18:49:41+00:00","twitter_card":"summary_large_image","twitter_misc":{"Dur\u00e9e de lecture estim\u00e9e":"2 minutes"},"schema":{"@context":"https:\/\/schema.org","@graph":[{"@type":"WebPage","@id":"https:\/\/asulf.org\/lassociation\/mission\/","url":"https:\/\/asulf.org\/lassociation\/mission\/","name":"Mission -","isPartOf":{"@id":"https:\/\/asulf.org\/#website"},"datePublished":"2016-04-06T12:38:18+00:00","dateModified":"2023-07-07T18:49:41+00:00","breadcrumb":{"@id":"https:\/\/asulf.org\/lassociation\/mission\/#breadcrumb"},"inLanguage":"fr-FR","potentialAction":[{"@type":"ReadAction","target":["https:\/\/asulf.org\/lassociation\/mission\/"]}]},{"@type":"BreadcrumbList","@id":"https:\/\/asulf.org\/lassociation\/mission\/#breadcrumb","itemListElement":[{"@type":"ListItem","position":1,"name":"Accueil","item":"https:\/\/asulf.org\/"},{"@type":"ListItem","position":2,"name":"L&#8217;Association","item":"https:\/\/asulf.org\/lassociation\/"},{"@type":"ListItem","position":3,"name":"Mission"}]},{"@type":"WebSite","@id":"https:\/\/asulf.org\/#website","url":"https:\/\/asulf.org\/","name":"","description":"Association pour le soutien et l\u2019usage de la langue fran\u00e7aise","publisher":{"@id":"https:\/\/asulf.org\/#organization"},"potentialAction":[{"@type":"SearchAction","target":{"@type":"EntryPoint","urlTemplate":"https:\/\/asulf.org\/?s={search_term_string}"},"query-input":{"@type":"PropertyValueSpecification","valueRequired":true,"valueName":"search_term_string"}}],"inLanguage":"fr-FR"},{"@type":"Organization","@id":"https:\/\/asulf.org\/#organization","name":"ASULF","url":"https:\/\/asulf.org\/","logo":{"@type":"ImageObject","inLanguage":"fr-FR","@id":"https:\/\/asulf.org\/#\/schema\/logo\/image\/","url":"https:\/\/asulf.org\/wp-content\/uploads\/2021\/03\/cropped-asulf-logo-png-2.png","contentUrl":"https:\/\/asulf.org\/wp-content\/uploads\/2021\/03\/cropped-asulf-logo-png-2.png","width":2068,"height":1086,"caption":"ASULF"},"image":{"@id":"https:\/\/asulf.org\/#\/schema\/logo\/image\/"},"sameAs":["https:\/\/www.facebook.com\/Association-pour-le-soutien-et-lusage-de-la-langue-fran\u00e7aise-ASULF-1702235186671805"]}]}},"_links":{"self":[{"href":"https:\/\/asulf.org\/index.php?rest_route=\/wp\/v2\/pages\/3642","targetHints":{"allow":["GET"]}}],"collection":[{"href":"https:\/\/asulf.org\/index.php?rest_route=\/wp\/v2\/pages"}],"about":[{"href":"https:\/\/asulf.org\/index.php?rest_route=\/wp\/v2\/types\/page"}],"author":[{"embeddable":true,"href":"https:\/\/asulf.org\/index.php?rest_route=\/wp\/v2\/users\/1"}],"replies":[{"embeddable":true,"href":"https:\/\/asulf.org\/index.php?rest_route=%2Fwp%2Fv2%2Fcomments&post=3642"}],"version-history":[{"count":12,"href":"https:\/\/asulf.org\/index.php?rest_route=\/wp\/v2\/pages\/3642\/revisions"}],"predecessor-version":[{"id":10630,"href":"https:\/\/asulf.org\/index.php?rest_route=\/wp\/v2\/pages\/3642\/revisions\/10630"}],"up":[{"embeddable":true,"href":"https:\/\/asulf.org\/index.php?rest_route=\/wp\/v2\/pages\/3301"}],"wp:attachment":[{"href":"https:\/\/asulf.org\/index.php?rest_route=%2Fwp%2Fv2%2Fmedia&parent=3642"}],"curies":[{"name":"wp","href":"https:\/\/api.w.org\/{rel}","templated":true}]}}