{"id":3644,"date":"2016-04-06T08:38:35","date_gmt":"2016-04-06T12:38:35","guid":{"rendered":"http:\/\/asulf.ca\/?page_id=3644"},"modified":"2026-02-18T13:22:16","modified_gmt":"2026-02-18T18:22:16","slug":"membres","status":"publish","type":"page","link":"https:\/\/asulf.org\/?page_id=3644","title":{"rendered":"Membres"},"content":{"rendered":"<h4><strong>Comit\u00e9 d\u2019honneur :<\/strong><\/h4>\n<ul>\n<li>M<sup>me<\/sup> H\u00e9l\u00e8ne Cajolet-Lagani\u00e8re, professeure associ\u00e9e \u00e0 l&rsquo;Universit\u00e9 de Sherbrooke, auteure du\u00a0<i>Fran\u00e7ais au bureau<\/i>\u00a0d&rsquo;abord publi\u00e9 une premi\u00e8re fois en 1977 et co-auteure du dictionnaire Usito.<\/li>\n<li>M. Jean Forest, professeur retrait\u00e9 de l&rsquo;Universit\u00e9 de Sherbrooke et auteur de nombreux ouvrages correctifs normatifs portant sur le fran\u00e7ais;<\/li>\n<li>M. Raymond Gagnier, ex-enseignant et remarqueur \u00e9m\u00e9rite au cours des deux premi\u00e8res d\u00e9cennies du si\u00e8cle;<\/li>\n<li>M.\u00a0Pierre Martel, ex-pr\u00e9sident du Conseil de la langue fran\u00e7aise, co-directeur du projet\u00a0<em>Franqus <\/em>et du dictionnaire<em> Usito;<\/em><\/li>\n<li>M<sup>me<\/sup> Marie-\u00c9va de Villers, auteure et \u00e9ditrice, depuis 1988, du Multidictionnaire de la langue fran\u00e7aise.<\/li>\n<\/ul>\n<h5>\u00a0 \u00a0 \u00a0 Membres d\u00e9c\u00e9d\u00e9s :<\/h5>\n<ul>\n<li>Jean-Claude Corbeil (1932-2022), professeur de fran\u00e7ais, directeur de la terminologie \u00e0 l&rsquo;OQLF et lexicographe chez Qu\u00e9bec Am\u00e9rique;<\/li>\n<li>Fernand Daoust (1926-2020), s<span data-olk-copy-source=\"MessageBody\">ecr\u00e9taire g\u00e9n\u00e9ral (1969-1991) et pr\u00e9sident (1991-1993) de la F\u00e9d\u00e9ration des travailleurs du Qu\u00e9bec<\/span>;<\/li>\n<li>Robert Dubuc (1930-2023), ancien professeur de terminologie et ex-directeur des Services linguistiques de Radio-Canada;<\/li>\n<li>Aim\u00e9 Gagn\u00e9 (1919-2020), ex-vice-pr\u00e9sident charg\u00e9 des relations ext\u00e9rieures de la Soci\u00e9t\u00e9 Alcan;<\/li>\n<li>Jean-Denis Gendron (1925-2025), ex-professeur de linguistique \u00e0 l\u2019Universit\u00e9 Laval et pr\u00e9sident de la Commission d\u2019enqu\u00eate sur la situation de la langue fran\u00e7aise (1968-1972);<\/li>\n<li>Guy Rocher (1924-2025), sociologue et professeur \u00e9m\u00e9rite \u00e0 la Facult\u00e9 de droit de l&rsquo;Universit\u00e9 de Montr\u00e9al;<\/li>\n<li>Madeleine Sauv\u00e9 (1925-2022), grammairienne \u00e9m\u00e9rite de l\u2019Universit\u00e9 de Montr\u00e9al (1972-1991).<\/li>\n<\/ul>\n<h4><strong>Conseil d&rsquo;administration<\/strong> (notice biographique en cliquant sur le nom) :<\/h4>\n<ul>\n<li><a href=\"https:\/\/asulf.org\/andre-breton-3\/\" target=\"_blank\" rel=\"noopener\">Monsieur Andr\u00e9 Breton, pr\u00e9sident int\u00e9rimaire;<\/a><\/li>\n<li><a href=\"http:\/\/asulf.org\/robert-mackay\/\" target=\"_blank\" rel=\"noopener noreferrer\">Monsieur Robert MacKay, tr\u00e9sorier;<\/a><\/li>\n<li><a href=\"http:\/\/asulf.org\/warou-igor-anate\/\" target=\"_blank\" rel=\"noopener noreferrer\">Monsieur Warou Igor Anate, secr\u00e9taire;<\/a><\/li>\n<li><a href=\"https:\/\/asulf.org\/jean-auclair\/\" target=\"_blank\" rel=\"noopener\">Monsieur Jean Auclair, administrateur;<\/a><\/li>\n<li><a href=\"https:\/\/asulf.org\/diane-lambert-tesolin\/\" target=\"_blank\" rel=\"noopener\">Madame Diane Lambert-Tesolin, administratrice;<\/a><\/li>\n<li><a href=\"https:\/\/asulf.org\/louise-laurence-lariviere\/\" target=\"_blank\" rel=\"noopener\">Madame Louise-Laurence Larivi\u00e8re, administratrice;<\/a><\/li>\n<li><a href=\"http:\/\/asulf.org\/jean-guy-lavigne\/\" target=\"_blank\" rel=\"noopener noreferrer\">Monsieur Jean-Guy Lavigne, administrateur;<\/a><\/li>\n<li><a href=\"https:\/\/asulf.org\/madame-francine-morency-administratrice\/\" target=\"_blank\" rel=\"noopener\">Madame Francine Morency, administratrice;<\/a><\/li>\n<li><a href=\"http:\/\/asulf.org\/henri-rallon\/\" target=\"_blank\" rel=\"noopener noreferrer\">Monsieur Henri Rallon, administrateur;<\/a><\/li>\n<li><a href=\"http:\/\/asulf.org\/sophie-tremblay\/\" target=\"_blank\" rel=\"noopener noreferrer\">Madame Sophie Tremblay, administratrice;<\/a><\/li>\n<li><a href=\"http:\/\/asulf.org\/gaston-bernier\/\" target=\"_blank\" rel=\"noopener noreferrer\">Monsieur Gaston Bernier, secr\u00e9taire g\u00e9n\u00e9ral;<\/a><\/li>\n<li><a href=\"http:\/\/asulf.org\/robert-auclair-2\/\" target=\"_blank\" rel=\"noopener noreferrer\">Monsieur Robert Auclair, pr\u00e9sident honoraire.<\/a><\/li>\n<\/ul>\n<h4><strong>Membres \u00e0 vie :<\/strong><\/h4>\n<ul>\n<li>Monsieur Jules Allard;<\/li>\n<li>Monsieur Jacques Archambault;<\/li>\n<li>Monsieur Robert Ascah;<\/li>\n<li>Monsieur Normand Auclair;<\/li>\n<li>Monsieur Robert Auclair;<\/li>\n<li>Madame Jos\u00e9e Baril;<\/li>\n<li>Andr\u00e9 Beaulieu (1936-2024);<\/li>\n<li>Monsieur Yvan B\u00e9dard;<\/li>\n<li>Monsieur Gaston Bernier;<\/li>\n<li>Madame Jacinthe Blais;<\/li>\n<li>Monsieur Yv Bonnier Viger;<\/li>\n<li>Madame Augustine Bussi\u00e8re;<\/li>\n<li>Monsieur Louis B. Courtemanche;<\/li>\n<li>Madame Danie Daigle;<\/li>\n<li>Monsieur Jean de Lavaltrie;<\/li>\n<li>Madame Nicole Dionne-Renaud;<\/li>\n<li>Monsieur Jean-Marie Dubois<\/li>\n<li>Monsieur Ga\u00e9tan Dugal;<\/li>\n<li>Monsieur Marcel Fourcaudot;<\/li>\n<li>Monsieur Louis Fournier;<\/li>\n<li>Monsieur Raymond Gagnier;<\/li>\n<li>Madame Danielle Gagnon Le Borgne;<\/li>\n<li>Monsieur Gilles Gendron;<\/li>\n<li>Jean-Denis Gendron (1925-2025);<\/li>\n<li>Monsieur Guillaume Gilbert;<\/li>\n<li>Monsieur Fran\u00e7ois Godbout;<\/li>\n<li>Monsieur Christian H\u00e9bert;<\/li>\n<li>Madame Diane Laboissonni\u00e8re;<\/li>\n<li>Madame Lise Lagac\u00e9;<\/li>\n<li>Monsieur Alain Landry;<\/li>\n<li>Monsieur Pierre Landry;<\/li>\n<li>Madame C\u00e9line Larouche;<\/li>\n<li>Monsieur Jean-Guy Lavigne;<\/li>\n<li>Monsieur Joseph Lebeuf;<\/li>\n<li>Monsieur Louis Le Borgne;<\/li>\n<li>Monsieur Denis Leclerc;<\/li>\n<li>Madame Mich\u00e8le Lenoble-Pinson;<\/li>\n<li>Madame Lucie Michaud;<\/li>\n<li>Monsieur St\u00e9phane Michaud;<\/li>\n<li>Monsieur R\u00e9al Mireault;<\/li>\n<li>Monsieur Jean Morissette;<\/li>\n<li>Madame Aur\u00e9lie Petetin;<\/li>\n<li>Madame Anita Poulin;<\/li>\n<li>Monsieur Gilles Renaud;<\/li>\n<li>Monsieur Paul Rivard;<\/li>\n<li>Monsieur Pierre Rivard;<\/li>\n<li>Madame Th\u00e9r\u00e8se Rivard;<\/li>\n<li>Monsieur Carl Robitaille;<\/li>\n<li>Monsieur Ren\u00e9 Roy (F\u00e9d\u00e9ration des travailleurs du Qu\u00e9bec &#8211; Montr\u00e9al);<\/li>\n<li>Jean-Louis Tass\u00e9 (1932-2024);<\/li>\n<li>Antonio Thibault (1931-2024);<\/li>\n<li>Madame Lyse Thibault;<\/li>\n<li>Gilles Tittley (1928-2025);<\/li>\n<li>Monsieur Beno\u00eet Thouin;<\/li>\n<li>Pierrette Vachon-L&rsquo;Heureux (1941-2022);<\/li>\n<li>Monsieur Roch Veilleux;<\/li>\n<li>Monsieur Paul V\u00e9zina.<\/li>\n<\/ul>\n","protected":false},"excerpt":{"rendered":"<p>Comit\u00e9 d\u2019honneur : Mme H\u00e9l\u00e8ne Cajolet-Lagani\u00e8re, professeure associ\u00e9e \u00e0 l&rsquo;Universit\u00e9 de Sherbrooke, auteure du\u00a0Fran\u00e7ais au bureau\u00a0d&rsquo;abord publi\u00e9 une premi\u00e8re fois en 1977 et co-auteure du dictionnaire Usito. M. Jean Forest, professeur retrait\u00e9 de l&rsquo;Universit\u00e9 de Sherbrooke et auteur de nombreux ouvrages correctifs normatifs portant sur le fran\u00e7ais; M. Raymond Gagnier, ex-enseignant et remarqueur \u00e9m\u00e9rite au&#8230;<\/p>\n","protected":false},"author":1,"featured_media":0,"parent":3301,"menu_order":0,"comment_status":"closed","ping_status":"closed","template":"","meta":{"footnotes":""},"class_list":["post-3644","page","type-page","status-publish","hentry"],"yoast_head":"<!-- This site is optimized with the Yoast SEO plugin v27.5 - https:\/\/yoast.com\/product\/yoast-seo-wordpress\/ -->\n<title>Membres -<\/title>\n<meta name=\"robots\" content=\"index, follow, max-snippet:-1, max-image-preview:large, max-video-preview:-1\" \/>\n<link rel=\"canonical\" href=\"https:\/\/asulf.org\/lassociation\/membres\/\" \/>\n<meta property=\"og:locale\" content=\"fr_FR\" \/>\n<meta property=\"og:type\" content=\"article\" \/>\n<meta property=\"og:title\" content=\"Membres -\" \/>\n<meta property=\"og:description\" content=\"Comit\u00e9 d\u2019honneur : Mme H\u00e9l\u00e8ne Cajolet-Lagani\u00e8re, professeure associ\u00e9e \u00e0 l&rsquo;Universit\u00e9 de Sherbrooke, auteure du\u00a0Fran\u00e7ais au bureau\u00a0d&rsquo;abord publi\u00e9 une premi\u00e8re fois en 1977 et co-auteure du dictionnaire Usito. M. Jean Forest, professeur retrait\u00e9 de l&rsquo;Universit\u00e9 de Sherbrooke et auteur de nombreux ouvrages correctifs normatifs portant sur le fran\u00e7ais; M. Raymond Gagnier, ex-enseignant et remarqueur \u00e9m\u00e9rite au...\" \/>\n<meta property=\"og:url\" content=\"https:\/\/asulf.org\/lassociation\/membres\/\" \/>\n<meta property=\"article:publisher\" content=\"https:\/\/www.facebook.com\/Association-pour-le-soutien-et-lusage-de-la-langue-fran%c3%a7aise-ASULF-1702235186671805\" \/>\n<meta property=\"article:modified_time\" content=\"2026-02-18T18:22:16+00:00\" \/>\n<meta name=\"twitter:card\" content=\"summary_large_image\" \/>\n<meta name=\"twitter:label1\" content=\"Dur\u00e9e de lecture estim\u00e9e\" \/>\n\t<meta name=\"twitter:data1\" content=\"3 minutes\" \/>\n<script type=\"application\/ld+json\" class=\"yoast-schema-graph\">{\"@context\":\"https:\\\/\\\/schema.org\",\"@graph\":[{\"@type\":\"WebPage\",\"@id\":\"https:\\\/\\\/asulf.org\\\/lassociation\\\/membres\\\/\",\"url\":\"https:\\\/\\\/asulf.org\\\/lassociation\\\/membres\\\/\",\"name\":\"Membres -\",\"isPartOf\":{\"@id\":\"https:\\\/\\\/asulf.org\\\/#website\"},\"datePublished\":\"2016-04-06T12:38:35+00:00\",\"dateModified\":\"2026-02-18T18:22:16+00:00\",\"breadcrumb\":{\"@id\":\"https:\\\/\\\/asulf.org\\\/lassociation\\\/membres\\\/#breadcrumb\"},\"inLanguage\":\"fr-FR\",\"potentialAction\":[{\"@type\":\"ReadAction\",\"target\":[\"https:\\\/\\\/asulf.org\\\/lassociation\\\/membres\\\/\"]}]},{\"@type\":\"BreadcrumbList\",\"@id\":\"https:\\\/\\\/asulf.org\\\/lassociation\\\/membres\\\/#breadcrumb\",\"itemListElement\":[{\"@type\":\"ListItem\",\"position\":1,\"name\":\"Accueil\",\"item\":\"https:\\\/\\\/asulf.org\\\/\"},{\"@type\":\"ListItem\",\"position\":2,\"name\":\"L&#8217;Association\",\"item\":\"https:\\\/\\\/asulf.org\\\/lassociation\\\/\"},{\"@type\":\"ListItem\",\"position\":3,\"name\":\"Membres\"}]},{\"@type\":\"WebSite\",\"@id\":\"https:\\\/\\\/asulf.org\\\/#website\",\"url\":\"https:\\\/\\\/asulf.org\\\/\",\"name\":\"\",\"description\":\"Association pour le soutien et l\u2019usage de la langue fran\u00e7aise\",\"publisher\":{\"@id\":\"https:\\\/\\\/asulf.org\\\/#organization\"},\"potentialAction\":[{\"@type\":\"SearchAction\",\"target\":{\"@type\":\"EntryPoint\",\"urlTemplate\":\"https:\\\/\\\/asulf.org\\\/?s={search_term_string}\"},\"query-input\":{\"@type\":\"PropertyValueSpecification\",\"valueRequired\":true,\"valueName\":\"search_term_string\"}}],\"inLanguage\":\"fr-FR\"},{\"@type\":\"Organization\",\"@id\":\"https:\\\/\\\/asulf.org\\\/#organization\",\"name\":\"ASULF\",\"url\":\"https:\\\/\\\/asulf.org\\\/\",\"logo\":{\"@type\":\"ImageObject\",\"inLanguage\":\"fr-FR\",\"@id\":\"https:\\\/\\\/asulf.org\\\/#\\\/schema\\\/logo\\\/image\\\/\",\"url\":\"https:\\\/\\\/asulf.org\\\/wp-content\\\/uploads\\\/2021\\\/03\\\/cropped-asulf-logo-png-2.png\",\"contentUrl\":\"https:\\\/\\\/asulf.org\\\/wp-content\\\/uploads\\\/2021\\\/03\\\/cropped-asulf-logo-png-2.png\",\"width\":2068,\"height\":1086,\"caption\":\"ASULF\"},\"image\":{\"@id\":\"https:\\\/\\\/asulf.org\\\/#\\\/schema\\\/logo\\\/image\\\/\"},\"sameAs\":[\"https:\\\/\\\/www.facebook.com\\\/Association-pour-le-soutien-et-lusage-de-la-langue-fran\u00e7aise-ASULF-1702235186671805\"]}]}<\/script>\n<!-- \/ Yoast SEO plugin. -->","yoast_head_json":{"title":"Membres -","robots":{"index":"index","follow":"follow","max-snippet":"max-snippet:-1","max-image-preview":"max-image-preview:large","max-video-preview":"max-video-preview:-1"},"canonical":"https:\/\/asulf.org\/lassociation\/membres\/","og_locale":"fr_FR","og_type":"article","og_title":"Membres -","og_description":"Comit\u00e9 d\u2019honneur : Mme H\u00e9l\u00e8ne Cajolet-Lagani\u00e8re, professeure associ\u00e9e \u00e0 l&rsquo;Universit\u00e9 de Sherbrooke, auteure du\u00a0Fran\u00e7ais au bureau\u00a0d&rsquo;abord publi\u00e9 une premi\u00e8re fois en 1977 et co-auteure du dictionnaire Usito. M. Jean Forest, professeur retrait\u00e9 de l&rsquo;Universit\u00e9 de Sherbrooke et auteur de nombreux ouvrages correctifs normatifs portant sur le fran\u00e7ais; M. Raymond Gagnier, ex-enseignant et remarqueur \u00e9m\u00e9rite au...","og_url":"https:\/\/asulf.org\/lassociation\/membres\/","article_publisher":"https:\/\/www.facebook.com\/Association-pour-le-soutien-et-lusage-de-la-langue-fran%c3%a7aise-ASULF-1702235186671805","article_modified_time":"2026-02-18T18:22:16+00:00","twitter_card":"summary_large_image","twitter_misc":{"Dur\u00e9e de lecture estim\u00e9e":"3 minutes"},"schema":{"@context":"https:\/\/schema.org","@graph":[{"@type":"WebPage","@id":"https:\/\/asulf.org\/lassociation\/membres\/","url":"https:\/\/asulf.org\/lassociation\/membres\/","name":"Membres -","isPartOf":{"@id":"https:\/\/asulf.org\/#website"},"datePublished":"2016-04-06T12:38:35+00:00","dateModified":"2026-02-18T18:22:16+00:00","breadcrumb":{"@id":"https:\/\/asulf.org\/lassociation\/membres\/#breadcrumb"},"inLanguage":"fr-FR","potentialAction":[{"@type":"ReadAction","target":["https:\/\/asulf.org\/lassociation\/membres\/"]}]},{"@type":"BreadcrumbList","@id":"https:\/\/asulf.org\/lassociation\/membres\/#breadcrumb","itemListElement":[{"@type":"ListItem","position":1,"name":"Accueil","item":"https:\/\/asulf.org\/"},{"@type":"ListItem","position":2,"name":"L&#8217;Association","item":"https:\/\/asulf.org\/lassociation\/"},{"@type":"ListItem","position":3,"name":"Membres"}]},{"@type":"WebSite","@id":"https:\/\/asulf.org\/#website","url":"https:\/\/asulf.org\/","name":"","description":"Association pour le soutien et l\u2019usage de la langue fran\u00e7aise","publisher":{"@id":"https:\/\/asulf.org\/#organization"},"potentialAction":[{"@type":"SearchAction","target":{"@type":"EntryPoint","urlTemplate":"https:\/\/asulf.org\/?s={search_term_string}"},"query-input":{"@type":"PropertyValueSpecification","valueRequired":true,"valueName":"search_term_string"}}],"inLanguage":"fr-FR"},{"@type":"Organization","@id":"https:\/\/asulf.org\/#organization","name":"ASULF","url":"https:\/\/asulf.org\/","logo":{"@type":"ImageObject","inLanguage":"fr-FR","@id":"https:\/\/asulf.org\/#\/schema\/logo\/image\/","url":"https:\/\/asulf.org\/wp-content\/uploads\/2021\/03\/cropped-asulf-logo-png-2.png","contentUrl":"https:\/\/asulf.org\/wp-content\/uploads\/2021\/03\/cropped-asulf-logo-png-2.png","width":2068,"height":1086,"caption":"ASULF"},"image":{"@id":"https:\/\/asulf.org\/#\/schema\/logo\/image\/"},"sameAs":["https:\/\/www.facebook.com\/Association-pour-le-soutien-et-lusage-de-la-langue-fran\u00e7aise-ASULF-1702235186671805"]}]}},"_links":{"self":[{"href":"https:\/\/asulf.org\/index.php?rest_route=\/wp\/v2\/pages\/3644","targetHints":{"allow":["GET"]}}],"collection":[{"href":"https:\/\/asulf.org\/index.php?rest_route=\/wp\/v2\/pages"}],"about":[{"href":"https:\/\/asulf.org\/index.php?rest_route=\/wp\/v2\/types\/page"}],"author":[{"embeddable":true,"href":"https:\/\/asulf.org\/index.php?rest_route=\/wp\/v2\/users\/1"}],"replies":[{"embeddable":true,"href":"https:\/\/asulf.org\/index.php?rest_route=%2Fwp%2Fv2%2Fcomments&post=3644"}],"version-history":[{"count":120,"href":"https:\/\/asulf.org\/index.php?rest_route=\/wp\/v2\/pages\/3644\/revisions"}],"predecessor-version":[{"id":12741,"href":"https:\/\/asulf.org\/index.php?rest_route=\/wp\/v2\/pages\/3644\/revisions\/12741"}],"up":[{"embeddable":true,"href":"https:\/\/asulf.org\/index.php?rest_route=\/wp\/v2\/pages\/3301"}],"wp:attachment":[{"href":"https:\/\/asulf.org\/index.php?rest_route=%2Fwp%2Fv2%2Fmedia&parent=3644"}],"curies":[{"name":"wp","href":"https:\/\/api.w.org\/{rel}","templated":true}]}}