{"id":4028,"date":"2018-01-15T12:32:57","date_gmt":"2018-01-15T17:32:57","guid":{"rendered":"http:\/\/asulf.ca\/?page_id=4028"},"modified":"2022-05-29T08:18:07","modified_gmt":"2022-05-29T12:18:07","slug":"depliants","status":"publish","type":"page","link":"https:\/\/asulf.org\/?page_id=4028","title":{"rendered":"Formes fautives"},"content":{"rendered":"\n<figure class=\"wp-block-table\"><table class=\"has-fixed-layout\"><tbody><tr><td><a href=\"http:\/\/asulf.org\/wp-content\/uploads\/2019\/11\/Fiche-abreuvoir.pdf\" target=\"_blank\" rel=\"noreferrer noopener\">Abreuvoir<\/a><\/td><td><a href=\"http:\/\/asulf.org\/wp-content\/uploads\/2018\/11\/Fiche-Dat%C3%A9-etc.pdf\" target=\"_blank\" rel=\"noreferrer noopener\">Dat\u00e9<\/a><\/td><td><a href=\"http:\/\/asulf.org\/wp-content\/uploads\/2018\/12\/Fiche-Parler-des-deux-cotes.pdf\" target=\"_blank\" rel=\"noreferrer noopener\">Parler des deux c\u00f4t\u00e9s de la bouche<\/a><\/td><\/tr><tr><td><a href=\"https:\/\/asulf.org\/wp-content\/uploads\/2022\/01\/Ajouter-linsulte.pdf\" target=\"_blank\" rel=\"noreferrer noopener\">Ajouter l&rsquo;insulte \u00e0 l&rsquo;injure<\/a><\/td><td><a href=\"http:\/\/asulf.org\/wp-content\/uploads\/2018\/11\/Fiche-2e-meilleur.pdf\" target=\"_blank\" rel=\"noreferrer noopener\">Deuxi\u00e8me meilleur<\/a><\/td><td><a href=\"http:\/\/asulf.org\/wp-content\/uploads\/2020\/09\/Fiche-Payeurs-de-taxes.pdf\" target=\"_blank\" rel=\"noreferrer noopener\">Payeurs de taxes<\/a><br><a href=\"https:\/\/asulf.org\/wp-content\/uploads\/2022\/01\/Petit-Champlain-1.pdf\" target=\"_blank\" rel=\"noreferrer noopener\">Petit Champlain<\/a><\/td><\/tr><tr><td><a href=\"https:\/\/asulf.org\/wp-content\/uploads\/2021\/06\/Au-final.pdf\" target=\"_blank\" rel=\"noreferrer noopener\">Au final<\/a><\/td><td><a href=\"http:\/\/asulf.org\/wp-content\/uploads\/2018\/11\/Fiche-2e-meilleur-formulation.pdf\" target=\"_blank\" rel=\"noreferrer noopener\">Deuxi\u00e8me meilleur (formulation)<\/a><\/td><td><a href=\"https:\/\/asulf.org\/wp-content\/uploads\/2022\/02\/Polarisation.pdf\" target=\"_blank\" rel=\"noreferrer noopener\">Polarisation<\/a><br><a href=\"http:\/\/asulf.org\/wp-content\/uploads\/2020\/09\/Aide-soignant-texte.pdf\" target=\"_blank\" rel=\"noreferrer noopener\">Pr\u00e9pos\u00e9 aux b\u00e9n\u00e9ficiaires<\/a><\/td><\/tr><tr><td><a href=\"http:\/\/asulf.org\/wp-content\/uploads\/2021\/02\/Banlieues-ou-banlieue.pdf\" target=\"_blank\" rel=\"noreferrer noopener\">Banlieues ou banlieue ?<\/a><\/td><td><a href=\"http:\/\/asulf.org\/wp-content\/uploads\/2020\/02\/Fiche-Develop-immob.pdf\" target=\"_blank\" rel=\"noreferrer noopener\">D\u00e9veloppement immobilier ou r\u00e9sidentiel<\/a><\/td><td><a href=\"https:\/\/asulf.org\/la-preuve-est-dans-le-poudingou-pudding\/\" target=\"_blank\" rel=\"noreferrer noopener\">Preuve (la) est dans le pouding<\/a><br><a href=\"http:\/\/asulf.org\/wp-content\/uploads\/2020\/10\/Fiche-Prime-de-depart.pdf\" target=\"_blank\" rel=\"noreferrer noopener\">Prime de d\u00e9part<\/a><\/td><\/tr><tr><td><a href=\"http:\/\/asulf.org\/wp-content\/uploads\/2018\/11\/Fiche-Bon-matin.pdf\" target=\"_blank\" rel=\"noreferrer noopener\">Bon matin<\/a><\/td><td><a href=\"http:\/\/asulf.org\/wp-content\/uploads\/2020\/02\/Fiche-Executif.pdf\" target=\"_blank\" rel=\"noreferrer noopener\">Ex\u00e9cutif<\/a><\/td><td><a href=\"http:\/\/asulf.org\/wp-content\/uploads\/2020\/10\/Fiche-Puis-je-vous-aider.pdf\" target=\"_blank\" rel=\"noreferrer noopener\">Puis-je vous aider<\/a><\/td><\/tr><tr><td><a href=\"http:\/\/asulf.org\/wp-content\/uploads\/2020\/02\/Fiche-Boxing-Day.pdf\" target=\"_blank\" rel=\"noreferrer noopener\">Boxing Day<\/a><\/td><td><a href=\"http:\/\/asulf.org\/wp-content\/uploads\/2018\/11\/Fiche-Fabricant.pdf\" target=\"_blank\" rel=\"noreferrer noopener\">Fabricant<\/a><\/td><td><a href=\"http:\/\/asulf.org\/wp-content\/uploads\/2020\/02\/Fiche-R%C3%A9f%C3%A9rence.pdf\" target=\"_blank\" rel=\"noreferrer noopener\">R\u00e9f\u00e9rence<\/a><\/td><\/tr><tr><td><a href=\"http:\/\/asulf.org\/wp-content\/uploads\/2020\/02\/CAMPIVALLENSIEN.pdf\" target=\"_blank\" rel=\"noreferrer noopener\">Campivallensien<\/a><\/td><td><a href=\"http:\/\/asulf.org\/wp-content\/uploads\/2020\/02\/Fiche-Facture.pdf\" target=\"_blank\" rel=\"noreferrer noopener\">Facture<\/a><\/td><td><a href=\"https:\/\/asulf.org\/wp-content\/uploads\/2022\/05\/Fiche-Referer-2.pdf\" target=\"_blank\" rel=\"noreferrer noopener\">R\u00e9f\u00e9rer<\/a><\/td><\/tr><tr><td><a href=\"http:\/\/asulf.org\/wp-content\/uploads\/2020\/02\/Fiche-CERT_Cadeau.pdf\" target=\"_blank\" rel=\"noreferrer noopener\">Certificat-cadeau<\/a><\/td><td><a href=\"http:\/\/asulf.org\/wp-content\/uploads\/2020\/09\/Fiche-Fait-a.pdf\" target=\"_blank\" rel=\"noreferrer noopener\">Fait \u00e0<\/a><\/td><td><a href=\"http:\/\/asulf.org\/wp-content\/uploads\/2020\/02\/Fiche-Regie-interne.pdf\" target=\"_blank\" rel=\"noreferrer noopener\">R\u00e9gie interne<\/a><\/td><\/tr><tr><td><a href=\"http:\/\/asulf.org\/wp-content\/uploads\/2020\/02\/Fiche-Chef-executif.pdf\" target=\"_blank\" rel=\"noreferrer noopener\">Chef ex\u00e9cutif<\/a><\/td><td><a href=\"https:\/\/asulf.org\/wp-content\/uploads\/2022\/01\/Fake-news.pdf\" target=\"_blank\" rel=\"noreferrer noopener\">Fake news<\/a><\/td><td><a href=\"http:\/\/asulf.org\/wp-content\/uploads\/2018\/11\/Fiche-Regulier.pdf\" target=\"_blank\" rel=\"noreferrer noopener\">R\u00e9gulier<\/a><\/td><\/tr><tr><td><a href=\"https:\/\/asulf.org\/wp-content\/uploads\/2022\/01\/Distinguer-ciment-et-beton.pdf\" target=\"_blank\" rel=\"noreferrer noopener\">Ciment<\/a><br><a href=\"http:\/\/asulf.org\/wp-content\/uploads\/2018\/10\/Fiche-Circulaire.pdf\" target=\"_blank\" rel=\"noreferrer noopener\">Circulaire<\/a><\/td><td><a href=\"https:\/\/asulf.org\/wp-content\/uploads\/2022\/01\/Fatbike.pdf\" target=\"_blank\" rel=\"noreferrer noopener\">Fatbike<\/a><br><a href=\"http:\/\/asulf.org\/wp-content\/uploads\/2018\/11\/Fiche-Final.pdf\" target=\"_blank\" rel=\"noreferrer noopener\">Final<\/a><\/td><td><a href=\"http:\/\/asulf.org\/wp-content\/uploads\/2018\/11\/Fiche-Representations-sur-sentence.pdf\" target=\"_blank\" rel=\"noreferrer noopener\">Repr\u00e9sentations sur sentence<\/a><\/td><\/tr><tr><td><a href=\"http:\/\/asulf.org\/wp-content\/uploads\/2018\/11\/Fiche-Civique.pdf\" target=\"_blank\" rel=\"noreferrer noopener\">Civique<\/a><\/td><td><a href=\"http:\/\/asulf.org\/wp-content\/uploads\/2018\/11\/Fiche-Juridiction.pdf\" target=\"_blank\" rel=\"noreferrer noopener\">Juridiction<\/a><\/td><td><a href=\"http:\/\/asulf.org\/wp-content\/uploads\/2020\/02\/Fiche-Retroactivite.pdf\" target=\"_blank\" rel=\"noreferrer noopener\">R\u00e9troactivit\u00e9<\/a><\/td><\/tr><tr><td><a href=\"http:\/\/asulf.org\/wp-content\/uploads\/2018\/11\/Fiche-Clause-gr-pere-1.pdf\" target=\"_blank\" rel=\"noreferrer noopener\">Clause grand-p\u00e8re<\/a><\/td><td><a href=\"http:\/\/asulf.org\/wp-content\/uploads\/2020\/09\/Fiche-Manufacturier.pdf\" target=\"_blank\" rel=\"noreferrer noopener\">Manufacturier<\/a><\/td><td><a href=\"https:\/\/asulf.org\/wp-content\/uploads\/2022\/01\/Soi-disant.pdf\" target=\"_blank\" rel=\"noreferrer noopener\">Soi-disant<\/a><\/td><\/tr><tr><td><a href=\"http:\/\/asulf.org\/wp-content\/uploads\/2018\/11\/Fiche-Clause-nonobstant.pdf\" target=\"_blank\" rel=\"noreferrer noopener\">Clause nonobstant<\/a><\/td><td><a href=\"https:\/\/asulf.org\/wp-content\/uploads\/2022\/01\/Medecin-de-famille.pdf\" target=\"_blank\" rel=\"noreferrer noopener\">M\u00e9decin de famille<\/a><br><a href=\"http:\/\/asulf.org\/wp-content\/uploads\/2018\/11\/Fiche-Mettre-lepaule.pdf\" target=\"_blank\" rel=\"noreferrer noopener\">Mettre l&rsquo;\u00e9paule \u00e0 la roue<\/a><\/td><td><a href=\"http:\/\/asulf.org\/wp-content\/uploads\/2020\/02\/Fiche-Unite-de-logement.pdf\" target=\"_blank\" rel=\"noreferrer noopener\">Unit\u00e9 de logement<\/a><\/td><\/tr><tr><td><a href=\"http:\/\/asulf.org\/wp-content\/uploads\/2020\/02\/Fiche-Clause-orphelin.pdf\" target=\"_blank\" rel=\"noreferrer noopener\">Clause orphelin<\/a><\/td><td><a href=\"http:\/\/asulf.org\/wp-content\/uploads\/2018\/11\/Fiche-Oeuvrer.pdf\" target=\"_blank\" rel=\"noreferrer noopener\">\u0152uvrer<\/a><\/td><td><a href=\"http:\/\/asulf.org\/wp-content\/uploads\/2020\/02\/Fiche-Valleyfield.pdf\" target=\"_blank\" rel=\"noreferrer noopener\">Valleyfield<\/a><\/td><\/tr><tr><td><a href=\"http:\/\/asulf.org\/wp-content\/uploads\/2019\/07\/Collision.pdf\" target=\"_blank\" rel=\"noreferrer noopener\">Collision<\/a><\/td><td><a href=\"http:\/\/asulf.org\/wp-content\/uploads\/2020\/09\/Fiche-Ohio.pdf\" target=\"_blank\" rel=\"noreferrer noopener\">Ohio<\/a><\/td><td><a href=\"http:\/\/asulf.org\/wp-content\/uploads\/2018\/11\/Fiche-Vente.pdf\" target=\"_blank\" rel=\"noreferrer noopener\">Vente ou grande vente<\/a><\/td><\/tr><tr><td><a href=\"http:\/\/asulf.org\/wp-content\/uploads\/2020\/02\/Fiche-Comit%C3%A9-executif.pdf\" target=\"_blank\" rel=\"noreferrer noopener\">Comit\u00e9 ex\u00e9cutif<\/a><\/td><td><a href=\"https:\/\/asulf.org\/wp-content\/uploads\/2021\/04\/ASULF-Fiche-Ovation.pdf\" target=\"_blank\" rel=\"noreferrer noopener\">Ovation<\/a><\/td><td><a href=\"https:\/\/asulf.org\/wp-content\/uploads\/2022\/01\/Vidanges-OK.pdf\" target=\"_blank\" rel=\"noreferrer noopener\">Vidanges<\/a><\/td><\/tr><tr><td><a href=\"http:\/\/asulf.org\/wp-content\/uploads\/2018\/11\/Fiche-Completer.pdf\" target=\"_blank\" rel=\"noreferrer noopener\">Compl\u00e9ter<\/a><\/td><td><\/td><td><a href=\"http:\/\/asulf.org\/wp-content\/uploads\/2020\/11\/Fiche-Waterloo.pdf\" target=\"_blank\" rel=\"noreferrer noopener\">Waterloo<\/a><\/td><\/tr><\/tbody><\/table><\/figure>\n\n\n\n<p><\/p>\n","protected":false},"excerpt":{"rendered":"<p>Abreuvoir Dat\u00e9 Parler des deux c\u00f4t\u00e9s de la bouche Ajouter l&rsquo;insulte \u00e0 l&rsquo;injure Deuxi\u00e8me meilleur Payeurs de taxesPetit Champlain Au final Deuxi\u00e8me meilleur (formulation) PolarisationPr\u00e9pos\u00e9 aux b\u00e9n\u00e9ficiaires Banlieues ou banlieue ? D\u00e9veloppement immobilier ou r\u00e9sidentiel Preuve (la) est dans le poudingPrime de d\u00e9part Bon matin Ex\u00e9cutif Puis-je vous aider Boxing Day Fabricant R\u00e9f\u00e9rence Campivallensien Facture&#8230;<\/p>\n","protected":false},"author":11,"featured_media":0,"parent":0,"menu_order":0,"comment_status":"closed","ping_status":"closed","template":"template-fullwidth.php","meta":{"footnotes":""},"class_list":["post-4028","page","type-page","status-publish","hentry"],"yoast_head":"<!-- This site is optimized with the Yoast SEO plugin v27.5 - https:\/\/yoast.com\/product\/yoast-seo-wordpress\/ -->\n<title>Formes fautives -<\/title>\n<meta name=\"robots\" content=\"index, follow, max-snippet:-1, max-image-preview:large, max-video-preview:-1\" \/>\n<link rel=\"canonical\" href=\"https:\/\/asulf.org\/depliants\/\" \/>\n<meta property=\"og:locale\" content=\"fr_FR\" \/>\n<meta property=\"og:type\" content=\"article\" \/>\n<meta property=\"og:title\" content=\"Formes fautives -\" \/>\n<meta property=\"og:description\" content=\"Abreuvoir Dat\u00e9 Parler des deux c\u00f4t\u00e9s de la bouche Ajouter l&rsquo;insulte \u00e0 l&rsquo;injure Deuxi\u00e8me meilleur Payeurs de taxesPetit Champlain Au final Deuxi\u00e8me meilleur (formulation) PolarisationPr\u00e9pos\u00e9 aux b\u00e9n\u00e9ficiaires Banlieues ou banlieue ? D\u00e9veloppement immobilier ou r\u00e9sidentiel Preuve (la) est dans le poudingPrime de d\u00e9part Bon matin Ex\u00e9cutif Puis-je vous aider Boxing Day Fabricant R\u00e9f\u00e9rence Campivallensien Facture...\" \/>\n<meta property=\"og:url\" content=\"https:\/\/asulf.org\/depliants\/\" \/>\n<meta property=\"article:publisher\" content=\"https:\/\/www.facebook.com\/Association-pour-le-soutien-et-lusage-de-la-langue-fran%c3%a7aise-ASULF-1702235186671805\" \/>\n<meta property=\"article:modified_time\" content=\"2022-05-29T12:18:07+00:00\" \/>\n<meta name=\"twitter:card\" content=\"summary_large_image\" \/>\n<meta name=\"twitter:label1\" content=\"Dur\u00e9e de lecture estim\u00e9e\" \/>\n\t<meta name=\"twitter:data1\" content=\"1 minute\" \/>\n<script type=\"application\/ld+json\" class=\"yoast-schema-graph\">{\"@context\":\"https:\\\/\\\/schema.org\",\"@graph\":[{\"@type\":\"WebPage\",\"@id\":\"https:\\\/\\\/asulf.org\\\/depliants\\\/\",\"url\":\"https:\\\/\\\/asulf.org\\\/depliants\\\/\",\"name\":\"Formes fautives -\",\"isPartOf\":{\"@id\":\"https:\\\/\\\/asulf.org\\\/#website\"},\"datePublished\":\"2018-01-15T17:32:57+00:00\",\"dateModified\":\"2022-05-29T12:18:07+00:00\",\"breadcrumb\":{\"@id\":\"https:\\\/\\\/asulf.org\\\/depliants\\\/#breadcrumb\"},\"inLanguage\":\"fr-FR\",\"potentialAction\":[{\"@type\":\"ReadAction\",\"target\":[\"https:\\\/\\\/asulf.org\\\/depliants\\\/\"]}]},{\"@type\":\"BreadcrumbList\",\"@id\":\"https:\\\/\\\/asulf.org\\\/depliants\\\/#breadcrumb\",\"itemListElement\":[{\"@type\":\"ListItem\",\"position\":1,\"name\":\"Accueil\",\"item\":\"https:\\\/\\\/asulf.org\\\/\"},{\"@type\":\"ListItem\",\"position\":2,\"name\":\"Formes fautives\"}]},{\"@type\":\"WebSite\",\"@id\":\"https:\\\/\\\/asulf.org\\\/#website\",\"url\":\"https:\\\/\\\/asulf.org\\\/\",\"name\":\"\",\"description\":\"Association pour le soutien et l\u2019usage de la langue fran\u00e7aise\",\"publisher\":{\"@id\":\"https:\\\/\\\/asulf.org\\\/#organization\"},\"potentialAction\":[{\"@type\":\"SearchAction\",\"target\":{\"@type\":\"EntryPoint\",\"urlTemplate\":\"https:\\\/\\\/asulf.org\\\/?s={search_term_string}\"},\"query-input\":{\"@type\":\"PropertyValueSpecification\",\"valueRequired\":true,\"valueName\":\"search_term_string\"}}],\"inLanguage\":\"fr-FR\"},{\"@type\":\"Organization\",\"@id\":\"https:\\\/\\\/asulf.org\\\/#organization\",\"name\":\"ASULF\",\"url\":\"https:\\\/\\\/asulf.org\\\/\",\"logo\":{\"@type\":\"ImageObject\",\"inLanguage\":\"fr-FR\",\"@id\":\"https:\\\/\\\/asulf.org\\\/#\\\/schema\\\/logo\\\/image\\\/\",\"url\":\"https:\\\/\\\/asulf.org\\\/wp-content\\\/uploads\\\/2021\\\/03\\\/cropped-asulf-logo-png-2.png\",\"contentUrl\":\"https:\\\/\\\/asulf.org\\\/wp-content\\\/uploads\\\/2021\\\/03\\\/cropped-asulf-logo-png-2.png\",\"width\":2068,\"height\":1086,\"caption\":\"ASULF\"},\"image\":{\"@id\":\"https:\\\/\\\/asulf.org\\\/#\\\/schema\\\/logo\\\/image\\\/\"},\"sameAs\":[\"https:\\\/\\\/www.facebook.com\\\/Association-pour-le-soutien-et-lusage-de-la-langue-fran\u00e7aise-ASULF-1702235186671805\"]}]}<\/script>\n<!-- \/ Yoast SEO plugin. -->","yoast_head_json":{"title":"Formes fautives -","robots":{"index":"index","follow":"follow","max-snippet":"max-snippet:-1","max-image-preview":"max-image-preview:large","max-video-preview":"max-video-preview:-1"},"canonical":"https:\/\/asulf.org\/depliants\/","og_locale":"fr_FR","og_type":"article","og_title":"Formes fautives -","og_description":"Abreuvoir Dat\u00e9 Parler des deux c\u00f4t\u00e9s de la bouche Ajouter l&rsquo;insulte \u00e0 l&rsquo;injure Deuxi\u00e8me meilleur Payeurs de taxesPetit Champlain Au final Deuxi\u00e8me meilleur (formulation) PolarisationPr\u00e9pos\u00e9 aux b\u00e9n\u00e9ficiaires Banlieues ou banlieue ? D\u00e9veloppement immobilier ou r\u00e9sidentiel Preuve (la) est dans le poudingPrime de d\u00e9part Bon matin Ex\u00e9cutif Puis-je vous aider Boxing Day Fabricant R\u00e9f\u00e9rence Campivallensien Facture...","og_url":"https:\/\/asulf.org\/depliants\/","article_publisher":"https:\/\/www.facebook.com\/Association-pour-le-soutien-et-lusage-de-la-langue-fran%c3%a7aise-ASULF-1702235186671805","article_modified_time":"2022-05-29T12:18:07+00:00","twitter_card":"summary_large_image","twitter_misc":{"Dur\u00e9e de lecture estim\u00e9e":"1 minute"},"schema":{"@context":"https:\/\/schema.org","@graph":[{"@type":"WebPage","@id":"https:\/\/asulf.org\/depliants\/","url":"https:\/\/asulf.org\/depliants\/","name":"Formes fautives -","isPartOf":{"@id":"https:\/\/asulf.org\/#website"},"datePublished":"2018-01-15T17:32:57+00:00","dateModified":"2022-05-29T12:18:07+00:00","breadcrumb":{"@id":"https:\/\/asulf.org\/depliants\/#breadcrumb"},"inLanguage":"fr-FR","potentialAction":[{"@type":"ReadAction","target":["https:\/\/asulf.org\/depliants\/"]}]},{"@type":"BreadcrumbList","@id":"https:\/\/asulf.org\/depliants\/#breadcrumb","itemListElement":[{"@type":"ListItem","position":1,"name":"Accueil","item":"https:\/\/asulf.org\/"},{"@type":"ListItem","position":2,"name":"Formes fautives"}]},{"@type":"WebSite","@id":"https:\/\/asulf.org\/#website","url":"https:\/\/asulf.org\/","name":"","description":"Association pour le soutien et l\u2019usage de la langue fran\u00e7aise","publisher":{"@id":"https:\/\/asulf.org\/#organization"},"potentialAction":[{"@type":"SearchAction","target":{"@type":"EntryPoint","urlTemplate":"https:\/\/asulf.org\/?s={search_term_string}"},"query-input":{"@type":"PropertyValueSpecification","valueRequired":true,"valueName":"search_term_string"}}],"inLanguage":"fr-FR"},{"@type":"Organization","@id":"https:\/\/asulf.org\/#organization","name":"ASULF","url":"https:\/\/asulf.org\/","logo":{"@type":"ImageObject","inLanguage":"fr-FR","@id":"https:\/\/asulf.org\/#\/schema\/logo\/image\/","url":"https:\/\/asulf.org\/wp-content\/uploads\/2021\/03\/cropped-asulf-logo-png-2.png","contentUrl":"https:\/\/asulf.org\/wp-content\/uploads\/2021\/03\/cropped-asulf-logo-png-2.png","width":2068,"height":1086,"caption":"ASULF"},"image":{"@id":"https:\/\/asulf.org\/#\/schema\/logo\/image\/"},"sameAs":["https:\/\/www.facebook.com\/Association-pour-le-soutien-et-lusage-de-la-langue-fran\u00e7aise-ASULF-1702235186671805"]}]}},"_links":{"self":[{"href":"https:\/\/asulf.org\/index.php?rest_route=\/wp\/v2\/pages\/4028","targetHints":{"allow":["GET"]}}],"collection":[{"href":"https:\/\/asulf.org\/index.php?rest_route=\/wp\/v2\/pages"}],"about":[{"href":"https:\/\/asulf.org\/index.php?rest_route=\/wp\/v2\/types\/page"}],"author":[{"embeddable":true,"href":"https:\/\/asulf.org\/index.php?rest_route=\/wp\/v2\/users\/11"}],"replies":[{"embeddable":true,"href":"https:\/\/asulf.org\/index.php?rest_route=%2Fwp%2Fv2%2Fcomments&post=4028"}],"version-history":[{"count":131,"href":"https:\/\/asulf.org\/index.php?rest_route=\/wp\/v2\/pages\/4028\/revisions"}],"predecessor-version":[{"id":9510,"href":"https:\/\/asulf.org\/index.php?rest_route=\/wp\/v2\/pages\/4028\/revisions\/9510"}],"wp:attachment":[{"href":"https:\/\/asulf.org\/index.php?rest_route=%2Fwp%2Fv2%2Fmedia&parent=4028"}],"curies":[{"name":"wp","href":"https:\/\/api.w.org\/{rel}","templated":true}]}}