{"id":4030,"date":"2018-01-15T12:33:09","date_gmt":"2018-01-15T17:33:09","guid":{"rendered":"http:\/\/asulf.ca\/?page_id=4030"},"modified":"2024-11-07T20:00:26","modified_gmt":"2024-11-08T01:00:26","slug":"entrevues","status":"publish","type":"page","link":"https:\/\/asulf.org\/?page_id=4030","title":{"rendered":"Chroniques, entrevues"},"content":{"rendered":"<p><strong>Auclair, Robert<\/strong><br \/>\u00abQuestion de langue; Gaston Bernier interroge le juge Robert Auclair sur la qualit\u00e9 de la langue de l\u2019\u00c9tat\u00bb, Bulletin de l\u2019Amicale des anciens parlementaires du Qu\u00e9bec, volume 10, num\u00e9ro 2, Automne-Hiver 2009-2010, p. 24-27.<\/p>\n<p><a href=\"http:\/\/www.assnat.qc.ca\/fra\/amicale\/fra\/publications\/documents\/V10N2.pdf\" target=\"_blank\" rel=\"noopener noreferrer\"><strong>Voir pages 24-27<\/strong><\/a><\/p>\n<p><strong>___________________________________________________________________________<\/strong><\/p>\n<h5>Le mot juste &#8211; \u00c9couter les capsules audio avec Pierrette Vachon-L&rsquo;Heureux enregistr\u00e9es en 2017 et toujours d&rsquo;actualit\u00e9.<\/h5>\n<\/p>\n\n\n<figure class=\"wp-block-embed is-type-rich is-provider-soundcloud wp-block-embed-soundcloud\"><div class=\"wp-block-embed__wrapper\">\n<iframe loading=\"lazy\" title=\"LE MOT JUSTE - La lettre A by asulf\" width=\"640\" height=\"400\" scrolling=\"no\" frameborder=\"no\" src=\"https:\/\/w.soundcloud.com\/player\/?visual=true&#038;url=https%3A%2F%2Fapi.soundcloud.com%2Ftracks%2F415283757&#038;show_artwork=true&#038;maxheight=960&#038;maxwidth=640\"><\/iframe>\n<\/div><\/figure>\n\n\n\n<figure class=\"wp-block-table\"><table><tbody><tr><td><a href=\"https:\/\/soundcloud.com\/asulf\/le-mot-juste-la-lettre-a?utm_source=clipboard&amp;utm_medium=text&amp;utm_campaign=social_sharing\" target=\"_blank\" rel=\"noreferrer noopener\">Lettre A<\/a><\/td><td><a href=\"https:\/\/soundcloud.com\/asulf\/le-mot-juste-la-lettre-b?utm_source=clipboard&amp;utm_medium=text&amp;utm_campaign=social_sharing\" target=\"_blank\" rel=\"noreferrer noopener\">Lettre B<\/a><\/td><td><a href=\"https:\/\/soundcloud.com\/asulf\/le-mot-juste-la-lettre-c?utm_source=clipboard&amp;utm_medium=text&amp;utm_campaign=social_sharing\" target=\"_blank\" rel=\"noreferrer noopener\">Lettre C<\/a><\/td><td><a href=\"https:\/\/soundcloud.com\/asulf\/le-mot-juste-lettre-d?utm_source=clipboard&amp;utm_medium=text&amp;utm_campaign=social_sharing\" target=\"_blank\" rel=\"noreferrer noopener\">Lettre D<\/a><\/td><td><a href=\"https:\/\/soundcloud.com\/asulf\/le-mot-juste-la-lettre-e?utm_source=clipboard&amp;utm_medium=text&amp;utm_campaign=social_sharing\" target=\"_blank\" rel=\"noreferrer noopener\">Lettre E<\/a><\/td><td><a href=\"https:\/\/soundcloud.com\/asulf\/le-mot-juste-la-lettre-f?utm_source=clipboard&amp;utm_medium=text&amp;utm_campaign=social_sharing\" target=\"_blank\" rel=\"noreferrer noopener\">Lettre F<\/a><\/td><td><a href=\"https:\/\/soundcloud.com\/asulf\/le-mot-juste-la-lettre-g?utm_source=clipboard&amp;utm_medium=text&amp;utm_campaign=social_sharing\" target=\"_blank\" rel=\"noreferrer noopener\">Lettre G<\/a><\/td><td><a href=\"https:\/\/soundcloud.com\/asulf\/le-mot-juste-la-lettre-h?utm_source=clipboard&amp;utm_medium=text&amp;utm_campaign=social_sharing\" target=\"_blank\" rel=\"noreferrer noopener\">Lettre H<\/a><\/td><\/tr><tr><td><a href=\"https:\/\/soundcloud.com\/asulf\/le-mot-juste-la-lettre-i?utm_source=clipboard&amp;utm_medium=text&amp;utm_campaign=social_sharing\" target=\"_blank\" rel=\"noreferrer noopener\">Lettre I<\/a><\/td><td><a href=\"https:\/\/soundcloud.com\/asulf\/le-mot-juste-la-lettre-j?utm_source=clipboard&amp;utm_medium=text&amp;utm_campaign=social_sharing\" target=\"_blank\" rel=\"noreferrer noopener\">Lettre J<\/a><\/td><td><a href=\"https:\/\/soundcloud.com\/asulf\/le-mot-juste-la-lettre-l?utm_source=clipboard&amp;utm_medium=text&amp;utm_campaign=social_sharing\" target=\"_blank\" rel=\"noreferrer noopener\">Lettre L<\/a><\/td><td><a href=\"https:\/\/soundcloud.com\/asulf\/le-mot-juste-la-lettre-m?utm_source=clipboard&amp;utm_medium=text&amp;utm_campaign=social_sharing\" target=\"_blank\" rel=\"noreferrer noopener\">Lettre M<\/a><\/td><td><a href=\"https:\/\/soundcloud.com\/asulf\/le-mot-juste-la-lettre-n?utm_source=clipboard&amp;utm_medium=text&amp;utm_campaign=social_sharing\" target=\"_blank\" rel=\"noreferrer noopener\">Lettre N<\/a><\/td><td><a href=\"https:\/\/soundcloud.com\/asulf\/le-mot-juste-la-lettre-o?utm_source=clipboard&amp;utm_medium=text&amp;utm_campaign=social_sharing\" target=\"_blank\" rel=\"noreferrer noopener\">Lettre O<\/a><\/td><td><a href=\"https:\/\/soundcloud.com\/asulf\/le-mot-juste-lecriture-inclusive-et-la-lettre-p-debut?utm_source=clipboard&amp;utm_medium=text&amp;utm_campaign=social_sharing\" target=\"_blank\" rel=\"noreferrer noopener\">Lettre P-1<\/a><\/td><td><a href=\"https:\/\/soundcloud.com\/asulf\/le-mot-juste-la-lettre-p-suite?utm_source=clipboard&amp;utm_medium=text&amp;utm_campaign=social_sharing\" target=\"_blank\" rel=\"noreferrer noopener\">Lettre P-2<\/a><\/td><\/tr><tr><td><a href=\"https:\/\/soundcloud.com\/asulf\/le-mot-juste-la-lettre-r?utm_source=clipboard&amp;utm_medium=text&amp;utm_campaign=social_sharing\" target=\"_blank\" rel=\"noreferrer noopener\">Lettre R<\/a><\/td><td><a href=\"https:\/\/soundcloud.com\/asulf\/le-mot-juste-la-vente?utm_source=clipboard&amp;utm_medium=text&amp;utm_campaign=social_sharing\" target=\"_blank\" rel=\"noreferrer noopener\">La vente<\/a><\/td><td><a href=\"https:\/\/soundcloud.com\/asulf\/le-mot-juste-les-salutations?utm_source=clipboard&amp;utm_medium=text&amp;utm_campaign=social_sharing\" target=\"_blank\" rel=\"noreferrer noopener\">Le salutations<\/a><\/td><td><a href=\"https:\/\/soundcloud.com\/asulf\/le-mot-juste-executif?utm_source=clipboard&amp;utm_medium=text&amp;utm_campaign=social_sharing\" target=\"_blank\" rel=\"noreferrer noopener\">Ex\u00e9cutif<\/a><\/td><td><a href=\"https:\/\/soundcloud.com\/asulf\/le-mot-juste-le-payeur-de-taxes?utm_source=clipboard&amp;utm_medium=text&amp;utm_campaign=social_sharing\" target=\"_blank\" rel=\"noreferrer noopener\">Payeur de taxes<\/a><\/td><td><a href=\"https:\/\/soundcloud.com\/asulf\/le-mot-juste-regulier?utm_source=clipboard&amp;utm_medium=text&amp;utm_campaign=social_sharing\" target=\"_blank\" rel=\"noreferrer noopener\">R\u00e9gulier<\/a><\/td><td><a href=\"https:\/\/soundcloud.com\/asulf\/le-mot-juste-laddition?utm_source=clipboard&amp;utm_medium=text&amp;utm_campaign=social_sharing\" target=\"_blank\" rel=\"noreferrer noopener\">L&rsquo;addition<\/a><\/td><td><a href=\"https:\/\/soundcloud.com\/asulf\/le-mot-juste-civique?utm_source=clipboard&amp;utm_medium=text&amp;utm_campaign=social_sharing\" target=\"_blank\" rel=\"noreferrer noopener\">Civique<\/a><\/td><\/tr><tr><td><a href=\"https:\/\/soundcloud.com\/asulf\/le-mot-juste-voiturier-valet?utm_source=clipboard&amp;utm_medium=text&amp;utm_campaign=social_sharing\" target=\"_blank\" rel=\"noreferrer noopener\">Valet<\/a><\/td><td><a href=\"https:\/\/soundcloud.com\/asulf\/le-mot-juste-viaduc?utm_source=clipboard&amp;utm_medium=text&amp;utm_campaign=social_sharing\" target=\"_blank\" rel=\"noreferrer noopener\">Viaduc<\/a><\/td><td><a href=\"https:\/\/soundcloud.com\/asulf\/le-mot-juste-certificat?utm_source=clipboard&amp;utm_medium=text&amp;utm_campaign=social_sharing\" target=\"_blank\" rel=\"noreferrer noopener\">Certificat<\/a><\/td><td><\/td><td><\/td><td><\/td><td><\/td><td><\/td><\/tr><\/tbody><\/table><\/figure>\n\n\n\n<p><strong>Le naufrage du fran\u00e7ais le triomphe de l\u2019anglais !<\/strong><\/p>\n\n\n\n<p>Conf\u00e9rencier invit\u00e9 : Lionel Meney, professeur retrait\u00e9 de l\u2019Universit\u00e9 Laval de Qu\u00e9bec<\/p>\n\n\n\n<p>Capsule num\u00e9ro 1&nbsp;: La description de l\u2019omnipr\u00e9sence de l\u2019anglais dans l\u2019environnement visuel et auditif des Fran\u00e7ais.<\/p>\n\n\n\n<p>Capsule num\u00e9ro 2&nbsp;: Le concurrence et la p\u00e9n\u00e9tration de l\u2019anglais dans le domaine du corpus du fran\u00e7ais.<\/p>\n\n\n\n<p>Capsule num\u00e9ro 3&nbsp;: La concurrence et la supplantation progressive de l\u2019anglais dans le domaine du statut du fran\u00e7ais.<\/p>\n\n\n\n<figure class=\"wp-block-embed is-type-rich is-provider-soundcloud wp-block-embed-soundcloud\"><div class=\"wp-block-embed__wrapper\">\n<iframe loading=\"lazy\" title=\"ASULF - Capsule 1 de 3- Le naufrage du fran\u00e7ais le triomphe de l\u2019anglais ! by Radio \u00c9mergence\" width=\"640\" height=\"400\" scrolling=\"no\" frameborder=\"no\" src=\"https:\/\/w.soundcloud.com\/player\/?visual=true&#038;url=https%3A%2F%2Fapi.soundcloud.com%2Ftracks%2F1952700195&#038;show_artwork=true&#038;maxheight=960&#038;maxwidth=640\"><\/iframe>\n<\/div><\/figure>\n\n\n\n<figure class=\"wp-block-embed is-type-rich is-provider-soundcloud wp-block-embed-soundcloud\"><div class=\"wp-block-embed__wrapper\">\n<iframe loading=\"lazy\" title=\"ASULF - Capsule 2 de 3- Le naufrage du fran\u00e7ais le triomphe de l\u2019anglais ! by Radio \u00c9mergence\" width=\"640\" height=\"400\" scrolling=\"no\" frameborder=\"no\" src=\"https:\/\/w.soundcloud.com\/player\/?visual=true&#038;url=https%3A%2F%2Fapi.soundcloud.com%2Ftracks%2F1952702091&#038;show_artwork=true&#038;maxheight=960&#038;maxwidth=640\"><\/iframe>\n<\/div><\/figure>\n\n\n\n<figure class=\"wp-block-embed is-type-rich is-provider-soundcloud wp-block-embed-soundcloud\"><div class=\"wp-block-embed__wrapper\">\n<iframe loading=\"lazy\" title=\"ASULF - Capsule 3 de 3- Le naufrage du fran\u00e7ais le triomphe de l\u2019anglais ! by Radio \u00c9mergence\" width=\"640\" height=\"400\" scrolling=\"no\" frameborder=\"no\" src=\"https:\/\/w.soundcloud.com\/player\/?visual=true&#038;url=https%3A%2F%2Fapi.soundcloud.com%2Ftracks%2F1952703699&#038;show_artwork=true&#038;maxheight=960&#038;maxwidth=640\"><\/iframe>\n<\/div><\/figure>\n","protected":false},"excerpt":{"rendered":"<p>Auclair, Robert\u00abQuestion de langue; Gaston Bernier interroge le juge Robert Auclair sur la qualit\u00e9 de la langue de l\u2019\u00c9tat\u00bb, Bulletin de l\u2019Amicale des anciens parlementaires du Qu\u00e9bec, volume 10, num\u00e9ro 2, Automne-Hiver 2009-2010, p. 24-27. Voir pages 24-27 ___________________________________________________________________________ Le mot juste &#8211; \u00c9couter les capsules audio avec Pierrette Vachon-L&rsquo;Heureux enregistr\u00e9es en 2017 et toujours&#8230;<\/p>\n","protected":false},"author":11,"featured_media":0,"parent":0,"menu_order":0,"comment_status":"closed","ping_status":"closed","template":"","meta":{"footnotes":""},"class_list":["post-4030","page","type-page","status-publish","hentry"],"yoast_head":"<!-- This site is optimized with the Yoast SEO plugin v27.5 - https:\/\/yoast.com\/product\/yoast-seo-wordpress\/ -->\n<title>Chroniques, entrevues -<\/title>\n<meta name=\"robots\" content=\"index, follow, max-snippet:-1, max-image-preview:large, max-video-preview:-1\" \/>\n<link rel=\"canonical\" href=\"https:\/\/asulf.org\/entrevues\/\" \/>\n<meta property=\"og:locale\" content=\"fr_FR\" \/>\n<meta property=\"og:type\" content=\"article\" \/>\n<meta property=\"og:title\" content=\"Chroniques, entrevues -\" \/>\n<meta property=\"og:description\" content=\"Auclair, Robert\u00abQuestion de langue; Gaston Bernier interroge le juge Robert Auclair sur la qualit\u00e9 de la langue de l\u2019\u00c9tat\u00bb, Bulletin de l\u2019Amicale des anciens parlementaires du Qu\u00e9bec, volume 10, num\u00e9ro 2, Automne-Hiver 2009-2010, p. 24-27. Voir pages 24-27 ___________________________________________________________________________ Le mot juste &#8211; \u00c9couter les capsules audio avec Pierrette Vachon-L&rsquo;Heureux enregistr\u00e9es en 2017 et toujours...\" \/>\n<meta property=\"og:url\" content=\"https:\/\/asulf.org\/entrevues\/\" \/>\n<meta property=\"article:publisher\" content=\"https:\/\/www.facebook.com\/Association-pour-le-soutien-et-lusage-de-la-langue-fran%c3%a7aise-ASULF-1702235186671805\" \/>\n<meta property=\"article:modified_time\" content=\"2024-11-08T01:00:26+00:00\" \/>\n<meta name=\"twitter:card\" content=\"summary_large_image\" \/>\n<meta name=\"twitter:label1\" content=\"Dur\u00e9e de lecture estim\u00e9e\" \/>\n\t<meta name=\"twitter:data1\" content=\"1 minute\" \/>\n<script type=\"application\/ld+json\" class=\"yoast-schema-graph\">{\"@context\":\"https:\\\/\\\/schema.org\",\"@graph\":[{\"@type\":\"WebPage\",\"@id\":\"https:\\\/\\\/asulf.org\\\/entrevues\\\/\",\"url\":\"https:\\\/\\\/asulf.org\\\/entrevues\\\/\",\"name\":\"Chroniques, entrevues -\",\"isPartOf\":{\"@id\":\"https:\\\/\\\/asulf.org\\\/#website\"},\"datePublished\":\"2018-01-15T17:33:09+00:00\",\"dateModified\":\"2024-11-08T01:00:26+00:00\",\"breadcrumb\":{\"@id\":\"https:\\\/\\\/asulf.org\\\/entrevues\\\/#breadcrumb\"},\"inLanguage\":\"fr-FR\",\"potentialAction\":[{\"@type\":\"ReadAction\",\"target\":[\"https:\\\/\\\/asulf.org\\\/entrevues\\\/\"]}]},{\"@type\":\"BreadcrumbList\",\"@id\":\"https:\\\/\\\/asulf.org\\\/entrevues\\\/#breadcrumb\",\"itemListElement\":[{\"@type\":\"ListItem\",\"position\":1,\"name\":\"Accueil\",\"item\":\"https:\\\/\\\/asulf.org\\\/\"},{\"@type\":\"ListItem\",\"position\":2,\"name\":\"Chroniques, entrevues\"}]},{\"@type\":\"WebSite\",\"@id\":\"https:\\\/\\\/asulf.org\\\/#website\",\"url\":\"https:\\\/\\\/asulf.org\\\/\",\"name\":\"\",\"description\":\"Association pour le soutien et l\u2019usage de la langue fran\u00e7aise\",\"publisher\":{\"@id\":\"https:\\\/\\\/asulf.org\\\/#organization\"},\"potentialAction\":[{\"@type\":\"SearchAction\",\"target\":{\"@type\":\"EntryPoint\",\"urlTemplate\":\"https:\\\/\\\/asulf.org\\\/?s={search_term_string}\"},\"query-input\":{\"@type\":\"PropertyValueSpecification\",\"valueRequired\":true,\"valueName\":\"search_term_string\"}}],\"inLanguage\":\"fr-FR\"},{\"@type\":\"Organization\",\"@id\":\"https:\\\/\\\/asulf.org\\\/#organization\",\"name\":\"ASULF\",\"url\":\"https:\\\/\\\/asulf.org\\\/\",\"logo\":{\"@type\":\"ImageObject\",\"inLanguage\":\"fr-FR\",\"@id\":\"https:\\\/\\\/asulf.org\\\/#\\\/schema\\\/logo\\\/image\\\/\",\"url\":\"https:\\\/\\\/asulf.org\\\/wp-content\\\/uploads\\\/2021\\\/03\\\/cropped-asulf-logo-png-2.png\",\"contentUrl\":\"https:\\\/\\\/asulf.org\\\/wp-content\\\/uploads\\\/2021\\\/03\\\/cropped-asulf-logo-png-2.png\",\"width\":2068,\"height\":1086,\"caption\":\"ASULF\"},\"image\":{\"@id\":\"https:\\\/\\\/asulf.org\\\/#\\\/schema\\\/logo\\\/image\\\/\"},\"sameAs\":[\"https:\\\/\\\/www.facebook.com\\\/Association-pour-le-soutien-et-lusage-de-la-langue-fran\u00e7aise-ASULF-1702235186671805\"]}]}<\/script>\n<!-- \/ Yoast SEO plugin. -->","yoast_head_json":{"title":"Chroniques, entrevues -","robots":{"index":"index","follow":"follow","max-snippet":"max-snippet:-1","max-image-preview":"max-image-preview:large","max-video-preview":"max-video-preview:-1"},"canonical":"https:\/\/asulf.org\/entrevues\/","og_locale":"fr_FR","og_type":"article","og_title":"Chroniques, entrevues -","og_description":"Auclair, Robert\u00abQuestion de langue; Gaston Bernier interroge le juge Robert Auclair sur la qualit\u00e9 de la langue de l\u2019\u00c9tat\u00bb, Bulletin de l\u2019Amicale des anciens parlementaires du Qu\u00e9bec, volume 10, num\u00e9ro 2, Automne-Hiver 2009-2010, p. 24-27. Voir pages 24-27 ___________________________________________________________________________ Le mot juste &#8211; \u00c9couter les capsules audio avec Pierrette Vachon-L&rsquo;Heureux enregistr\u00e9es en 2017 et toujours...","og_url":"https:\/\/asulf.org\/entrevues\/","article_publisher":"https:\/\/www.facebook.com\/Association-pour-le-soutien-et-lusage-de-la-langue-fran%c3%a7aise-ASULF-1702235186671805","article_modified_time":"2024-11-08T01:00:26+00:00","twitter_card":"summary_large_image","twitter_misc":{"Dur\u00e9e de lecture estim\u00e9e":"1 minute"},"schema":{"@context":"https:\/\/schema.org","@graph":[{"@type":"WebPage","@id":"https:\/\/asulf.org\/entrevues\/","url":"https:\/\/asulf.org\/entrevues\/","name":"Chroniques, entrevues -","isPartOf":{"@id":"https:\/\/asulf.org\/#website"},"datePublished":"2018-01-15T17:33:09+00:00","dateModified":"2024-11-08T01:00:26+00:00","breadcrumb":{"@id":"https:\/\/asulf.org\/entrevues\/#breadcrumb"},"inLanguage":"fr-FR","potentialAction":[{"@type":"ReadAction","target":["https:\/\/asulf.org\/entrevues\/"]}]},{"@type":"BreadcrumbList","@id":"https:\/\/asulf.org\/entrevues\/#breadcrumb","itemListElement":[{"@type":"ListItem","position":1,"name":"Accueil","item":"https:\/\/asulf.org\/"},{"@type":"ListItem","position":2,"name":"Chroniques, entrevues"}]},{"@type":"WebSite","@id":"https:\/\/asulf.org\/#website","url":"https:\/\/asulf.org\/","name":"","description":"Association pour le soutien et l\u2019usage de la langue fran\u00e7aise","publisher":{"@id":"https:\/\/asulf.org\/#organization"},"potentialAction":[{"@type":"SearchAction","target":{"@type":"EntryPoint","urlTemplate":"https:\/\/asulf.org\/?s={search_term_string}"},"query-input":{"@type":"PropertyValueSpecification","valueRequired":true,"valueName":"search_term_string"}}],"inLanguage":"fr-FR"},{"@type":"Organization","@id":"https:\/\/asulf.org\/#organization","name":"ASULF","url":"https:\/\/asulf.org\/","logo":{"@type":"ImageObject","inLanguage":"fr-FR","@id":"https:\/\/asulf.org\/#\/schema\/logo\/image\/","url":"https:\/\/asulf.org\/wp-content\/uploads\/2021\/03\/cropped-asulf-logo-png-2.png","contentUrl":"https:\/\/asulf.org\/wp-content\/uploads\/2021\/03\/cropped-asulf-logo-png-2.png","width":2068,"height":1086,"caption":"ASULF"},"image":{"@id":"https:\/\/asulf.org\/#\/schema\/logo\/image\/"},"sameAs":["https:\/\/www.facebook.com\/Association-pour-le-soutien-et-lusage-de-la-langue-fran\u00e7aise-ASULF-1702235186671805"]}]}},"_links":{"self":[{"href":"https:\/\/asulf.org\/index.php?rest_route=\/wp\/v2\/pages\/4030","targetHints":{"allow":["GET"]}}],"collection":[{"href":"https:\/\/asulf.org\/index.php?rest_route=\/wp\/v2\/pages"}],"about":[{"href":"https:\/\/asulf.org\/index.php?rest_route=\/wp\/v2\/types\/page"}],"author":[{"embeddable":true,"href":"https:\/\/asulf.org\/index.php?rest_route=\/wp\/v2\/users\/11"}],"replies":[{"embeddable":true,"href":"https:\/\/asulf.org\/index.php?rest_route=%2Fwp%2Fv2%2Fcomments&post=4030"}],"version-history":[{"count":25,"href":"https:\/\/asulf.org\/index.php?rest_route=\/wp\/v2\/pages\/4030\/revisions"}],"predecessor-version":[{"id":11813,"href":"https:\/\/asulf.org\/index.php?rest_route=\/wp\/v2\/pages\/4030\/revisions\/11813"}],"wp:attachment":[{"href":"https:\/\/asulf.org\/index.php?rest_route=%2Fwp%2Fv2%2Fmedia&parent=4030"}],"curies":[{"name":"wp","href":"https:\/\/api.w.org\/{rel}","templated":true}]}}