{"id":4243,"date":"2018-02-15T14:55:34","date_gmt":"2018-02-15T19:55:34","guid":{"rendered":"http:\/\/asulf.ca\/?page_id=4243"},"modified":"2022-09-30T18:11:18","modified_gmt":"2022-09-30T22:11:18","slug":"memoires","status":"publish","type":"page","link":"https:\/\/asulf.org\/?page_id=4243","title":{"rendered":"M\u00e9moires"},"content":{"rendered":"\n<p><strong>Liste et <a href=\"https:\/\/asulf.org\/wp-content\/uploads\/2022\/08\/Asulf-Memoires-index.pdf\" target=\"_blank\" rel=\"noreferrer noopener\">table alphab\u00e9tique<\/a><\/strong><\/p>\n\n\n<p><a href=\"https:\/\/asulf.org\/wp-content\/uploads\/2021\/10\/ASULF-Memoire-portant-sur-le-projet-de-loi-96.pdf\" target=\"_blank\" rel=\"noopener\">M\u00e9moire soumis \u00e0 la Commission parlementaire portant sur le projet de loi 96<\/a>, qui vise \u00e0 renforcer la Charte de la langue fran\u00e7aise du Qu\u00e9bec, le 4 octobre 2021. 23 (1) p.<\/p>\n<p><a href=\"https:\/\/asulf.org\/wp-content\/uploads\/2018\/02\/ASULF-MEMOIRE-Citoyen-projet-de-loi_14_2013.pdf\" target=\"_blank\" rel=\"noopener\">M\u00e9moire soumis \u00e0 la Commission de la culture et de l\u2019\u00e9ducation portant sur le projet de loi no 14<\/a> par le citoyen Robert Auclair le 7 f\u00e9vrier 2013. 6 (1) p. (Consultable en ligne \/ Bibl. de l\u2019Ass. nat. du Qc)<\/p>\n<p><a href=\"https:\/\/asulf.org\/wp-content\/uploads\/2018\/02\/ASULF-M\u00e9moire-Charte-projet-de-loi-14-mars-2013.pdf\" target=\"_blank\" rel=\"noopener\">M\u00e9moire pr\u00e9sent\u00e9 \u00e0 l\u2019occasion de l\u2019\u00e9tude du projet de loi no 14 (2012) portant Loi modifiant la Charte de la langue fran\u00e7aise\u2026<\/a> \/Association pour le soutien et l\u2019usage de la langue fran\u00e7aise. 2013. (5) p. (Consultable en ligne \/ Bibl. de l\u2019Ass. nat. du Qc)<\/p>\n<p>Supplique aux membres de l\u2019Assembl\u00e9e nationale : la ministre refuse de corriger des fautes de fran\u00e7ais grossi\u00e8res dans le projet de loi no 33. 22 novembre 2011. 4 p.<\/p>\n<p>M\u00e9moire pr\u00e9sent\u00e9 \u00e0 la Commission de l\u2019\u00c9conomie et du Travail\u2026 projet de loi no 33. 26 octobre 2011. (17) p.\u00a0 (Consultable en ligne \/ Bibl. de l\u2019Ass. nat. du Qc)<\/p>\n<p>M\u00e9moire pr\u00e9sent\u00e9 \u00e0 la Commission de l\u2019\u00e9conomie et du travail concernant le projet de loi no 143 relatif aux normes du travail\u2026 2002. 4 f. (Consultable en ligne \/ Bibl. de l\u2019Ass. nat. du Qc)<\/p>\n<p>M\u00e9moire pr\u00e9sent\u00e9 \u00e0 la Commission des \u00c9tats g\u00e9n\u00e9raux sur la situation et l\u2019avenir de la langue fran\u00e7aise au Qu\u00e9bec par l\u2019Association pour le soutien et l\u2019usage de la langue fran\u00e7aise (Asulf). Mars 2001. 128 (13) p. (Consultable en ligne \/ Bibl. de l\u2019Ass. nat. du Qc)<\/p>\n<p>M\u00e9moire pr\u00e9sent\u00e9 \u00e0 la Commission des institutions par l\u2019Association pour le soutien et l\u2019usage de la langue fran\u00e7aise (Asulf) sur le projet de loi no 454 intitul\u00e9 Loi modifiant le Code des professions et d\u2019autres lois professionnelles. 25 septembre 1998. 21 p.<\/p>\n<p>M\u00e9moire pr\u00e9sent\u00e9 \u00e0 la Commission de la culture par l\u2019Association des usagers de la langue fran\u00e7aise (Asulf) sur le projet de loi no 40 et le Document de consultation \u00e9dit\u00e9 par le minist\u00e8re de la Culture et des Communications. 16 ao\u00fbt 1996. 61 p. (Consultable en ligne \/ Bibl. de l\u2019Ass. nat. du Qc)<\/p>\n<p>M\u00e9moire de l\u2019Association des usagers de la langue fran\u00e7aise (Asulf) \u00e0 la Commission des institutions sur les modifications \u00e0 la loi \u00e9lectorale. 9 f\u00e9vrier 1996. 7 f. (Consultable en ligne \/ Bibl. de l\u2019Ass. nat. du Qc)<\/p>\n<p>M\u00e9moire d\u00e9pos\u00e9 par l\u2019Association des usagers de la langue fran\u00e7aise \u00e0 la Commission de la Mauricie \u2013 Bois-Francs sur l\u2019avenir du Qu\u00e9bec. 1995. 5 (6) p. (Consultable en ligne \/ Bibl. de l\u2019Ass. nat. du Qc)<\/p>\n<p>M\u00e9moire de l\u2019Association des usagers de la langue fran\u00e7aise (Asulf) \u00e0 la Commission nationale sur l\u2019avenir du Qu\u00e9bec. 1995. 4 (4) p. (Consultable en ligne \/ Bibl. de l\u2019Ass. nat. du Qc)<\/p>\n<p>M\u00e9moire pr\u00e9sent\u00e9 \u00e0 la Commission de l\u2019\u00e9ducation par l\u2019Association des usagers de la langue fran\u00e7aise (Asulf) sur l\u2019avant-projet de loi intitul\u00e9 Loi modifiant le Code des professions et d\u2019autres lois professionnelles. 10 f\u00e9vrier 1993. 16 f. (Consultable en ligne \/ Bibl. de l\u2019Ass. nat. du Qc)<\/p>\n<p>M\u00e9moire pr\u00e9sent\u00e9 \u00e0 la Commission de l\u2019\u00e9conomie et du travail par l\u2019Association des usagers de la langue fran\u00e7aise (Asulf) sur le projet de loi no 185. 24 janvier 1992. 6 f. (Consultable en ligne \/ Bibl. de l\u2019Ass. nat. du Qc)<\/p>\n<p>M\u00e9moire pr\u00e9sent\u00e9 \u00e0 la Commission des affaires sociales par l\u2019Association des usagers de la langue fran\u00e7aise (Asulf) sur l\u2019avant-projet de loi concernant la Loi sur les normes du travail et d\u2019autres dispositions l\u00e9gislatives. 26 f\u00e9vrier 1990. 6 p. (Consultable en ligne \/ Bibl. de l\u2019Ass. nat. du Qc)<\/p>\n<p>M\u00e9moire pr\u00e9sent\u00e9 \u00e0 la Commission de l\u2019\u00e9ducation par l\u2019Association des usagers de la langue fran\u00e7aise (Asulf) sur les projets de loi nos 106 et 107. 29 f\u00e9vrier 1988. 29 f. (Consultable en ligne \/ Bibl. de l\u2019Ass. nat. du Qc) (Consultable en ligne \/ Bibl. de l\u2019Ass. nat. du Qc)<\/p>\n<p>M\u00e9moire de l\u2019Association de l\u2019Association des usagers de la langue fran\u00e7aise (Asulf) sur l\u2019avant-projet de loi relatif au code de proc\u00e9dure p\u00e9nale pr\u00e9sent\u00e9 \u00e0 la Commission parlementaires des institutions. 9 f\u00e9vrier 1987. 8 p. (Consultable en ligne \/ Bibl. de l\u2019Ass. nat. du Qc)<\/p>\n<p>M\u00e9moire de l\u2019Association des usagers de la langue fran\u00e7aise (Asulf) \u00e0 la Commission f\u00e9d\u00e9rale de d\u00e9limitation des circonscriptions \u00e9lectorales pour le Qu\u00e9bec. 13 novembre 1986. 4 f.<\/p>","protected":false},"excerpt":{"rendered":"<p>Liste et table alphab\u00e9tique M\u00e9moire soumis \u00e0 la Commission parlementaire portant sur le projet de loi 96, qui vise \u00e0 renforcer la Charte de la langue fran\u00e7aise du Qu\u00e9bec, le 4 octobre 2021. 23 (1) p. M\u00e9moire soumis \u00e0 la Commission de la culture et de l\u2019\u00e9ducation portant sur le projet de loi no 14&#8230;<\/p>\n","protected":false},"author":12,"featured_media":0,"parent":0,"menu_order":0,"comment_status":"closed","ping_status":"closed","template":"template-fullwidth.php","meta":{"footnotes":""},"class_list":["post-4243","page","type-page","status-publish","hentry"],"yoast_head":"<!-- This site is optimized with the Yoast SEO plugin v27.5 - https:\/\/yoast.com\/product\/yoast-seo-wordpress\/ -->\n<title>M\u00e9moires -<\/title>\n<meta name=\"robots\" content=\"index, follow, max-snippet:-1, max-image-preview:large, max-video-preview:-1\" \/>\n<link rel=\"canonical\" href=\"https:\/\/asulf.org\/?page_id=4243\" \/>\n<meta property=\"og:locale\" content=\"fr_FR\" \/>\n<meta property=\"og:type\" content=\"article\" \/>\n<meta property=\"og:title\" content=\"M\u00e9moires -\" \/>\n<meta property=\"og:description\" content=\"Liste et table alphab\u00e9tique M\u00e9moire soumis \u00e0 la Commission parlementaire portant sur le projet de loi 96, qui vise \u00e0 renforcer la Charte de la langue fran\u00e7aise du Qu\u00e9bec, le 4 octobre 2021. 23 (1) p. M\u00e9moire soumis \u00e0 la Commission de la culture et de l\u2019\u00e9ducation portant sur le projet de loi no 14...\" \/>\n<meta property=\"og:url\" content=\"https:\/\/asulf.org\/?page_id=4243\" \/>\n<meta property=\"article:publisher\" content=\"https:\/\/www.facebook.com\/Association-pour-le-soutien-et-lusage-de-la-langue-fran%c3%a7aise-ASULF-1702235186671805\" \/>\n<meta property=\"article:modified_time\" content=\"2022-09-30T22:11:18+00:00\" \/>\n<meta name=\"twitter:card\" content=\"summary_large_image\" \/>\n<meta name=\"twitter:label1\" content=\"Dur\u00e9e de lecture estim\u00e9e\" \/>\n\t<meta name=\"twitter:data1\" content=\"4 minutes\" \/>\n<script type=\"application\/ld+json\" class=\"yoast-schema-graph\">{\"@context\":\"https:\\\/\\\/schema.org\",\"@graph\":[{\"@type\":\"WebPage\",\"@id\":\"https:\\\/\\\/asulf.org\\\/?page_id=4243\",\"url\":\"https:\\\/\\\/asulf.org\\\/?page_id=4243\",\"name\":\"M\u00e9moires -\",\"isPartOf\":{\"@id\":\"https:\\\/\\\/asulf.org\\\/#website\"},\"datePublished\":\"2018-02-15T19:55:34+00:00\",\"dateModified\":\"2022-09-30T22:11:18+00:00\",\"breadcrumb\":{\"@id\":\"https:\\\/\\\/asulf.org\\\/?page_id=4243#breadcrumb\"},\"inLanguage\":\"fr-FR\",\"potentialAction\":[{\"@type\":\"ReadAction\",\"target\":[\"https:\\\/\\\/asulf.org\\\/?page_id=4243\"]}]},{\"@type\":\"BreadcrumbList\",\"@id\":\"https:\\\/\\\/asulf.org\\\/?page_id=4243#breadcrumb\",\"itemListElement\":[{\"@type\":\"ListItem\",\"position\":1,\"name\":\"Accueil\",\"item\":\"https:\\\/\\\/asulf.org\\\/\"},{\"@type\":\"ListItem\",\"position\":2,\"name\":\"M\u00e9moires\"}]},{\"@type\":\"WebSite\",\"@id\":\"https:\\\/\\\/asulf.org\\\/#website\",\"url\":\"https:\\\/\\\/asulf.org\\\/\",\"name\":\"\",\"description\":\"Association pour le soutien et l\u2019usage de la langue fran\u00e7aise\",\"publisher\":{\"@id\":\"https:\\\/\\\/asulf.org\\\/#organization\"},\"potentialAction\":[{\"@type\":\"SearchAction\",\"target\":{\"@type\":\"EntryPoint\",\"urlTemplate\":\"https:\\\/\\\/asulf.org\\\/?s={search_term_string}\"},\"query-input\":{\"@type\":\"PropertyValueSpecification\",\"valueRequired\":true,\"valueName\":\"search_term_string\"}}],\"inLanguage\":\"fr-FR\"},{\"@type\":\"Organization\",\"@id\":\"https:\\\/\\\/asulf.org\\\/#organization\",\"name\":\"ASULF\",\"url\":\"https:\\\/\\\/asulf.org\\\/\",\"logo\":{\"@type\":\"ImageObject\",\"inLanguage\":\"fr-FR\",\"@id\":\"https:\\\/\\\/asulf.org\\\/#\\\/schema\\\/logo\\\/image\\\/\",\"url\":\"https:\\\/\\\/asulf.org\\\/wp-content\\\/uploads\\\/2021\\\/03\\\/cropped-asulf-logo-png-2.png\",\"contentUrl\":\"https:\\\/\\\/asulf.org\\\/wp-content\\\/uploads\\\/2021\\\/03\\\/cropped-asulf-logo-png-2.png\",\"width\":2068,\"height\":1086,\"caption\":\"ASULF\"},\"image\":{\"@id\":\"https:\\\/\\\/asulf.org\\\/#\\\/schema\\\/logo\\\/image\\\/\"},\"sameAs\":[\"https:\\\/\\\/www.facebook.com\\\/Association-pour-le-soutien-et-lusage-de-la-langue-fran\u00e7aise-ASULF-1702235186671805\"]}]}<\/script>\n<!-- \/ Yoast SEO plugin. -->","yoast_head_json":{"title":"M\u00e9moires -","robots":{"index":"index","follow":"follow","max-snippet":"max-snippet:-1","max-image-preview":"max-image-preview:large","max-video-preview":"max-video-preview:-1"},"canonical":"https:\/\/asulf.org\/?page_id=4243","og_locale":"fr_FR","og_type":"article","og_title":"M\u00e9moires -","og_description":"Liste et table alphab\u00e9tique M\u00e9moire soumis \u00e0 la Commission parlementaire portant sur le projet de loi 96, qui vise \u00e0 renforcer la Charte de la langue fran\u00e7aise du Qu\u00e9bec, le 4 octobre 2021. 23 (1) p. M\u00e9moire soumis \u00e0 la Commission de la culture et de l\u2019\u00e9ducation portant sur le projet de loi no 14...","og_url":"https:\/\/asulf.org\/?page_id=4243","article_publisher":"https:\/\/www.facebook.com\/Association-pour-le-soutien-et-lusage-de-la-langue-fran%c3%a7aise-ASULF-1702235186671805","article_modified_time":"2022-09-30T22:11:18+00:00","twitter_card":"summary_large_image","twitter_misc":{"Dur\u00e9e de lecture estim\u00e9e":"4 minutes"},"schema":{"@context":"https:\/\/schema.org","@graph":[{"@type":"WebPage","@id":"https:\/\/asulf.org\/?page_id=4243","url":"https:\/\/asulf.org\/?page_id=4243","name":"M\u00e9moires -","isPartOf":{"@id":"https:\/\/asulf.org\/#website"},"datePublished":"2018-02-15T19:55:34+00:00","dateModified":"2022-09-30T22:11:18+00:00","breadcrumb":{"@id":"https:\/\/asulf.org\/?page_id=4243#breadcrumb"},"inLanguage":"fr-FR","potentialAction":[{"@type":"ReadAction","target":["https:\/\/asulf.org\/?page_id=4243"]}]},{"@type":"BreadcrumbList","@id":"https:\/\/asulf.org\/?page_id=4243#breadcrumb","itemListElement":[{"@type":"ListItem","position":1,"name":"Accueil","item":"https:\/\/asulf.org\/"},{"@type":"ListItem","position":2,"name":"M\u00e9moires"}]},{"@type":"WebSite","@id":"https:\/\/asulf.org\/#website","url":"https:\/\/asulf.org\/","name":"","description":"Association pour le soutien et l\u2019usage de la langue fran\u00e7aise","publisher":{"@id":"https:\/\/asulf.org\/#organization"},"potentialAction":[{"@type":"SearchAction","target":{"@type":"EntryPoint","urlTemplate":"https:\/\/asulf.org\/?s={search_term_string}"},"query-input":{"@type":"PropertyValueSpecification","valueRequired":true,"valueName":"search_term_string"}}],"inLanguage":"fr-FR"},{"@type":"Organization","@id":"https:\/\/asulf.org\/#organization","name":"ASULF","url":"https:\/\/asulf.org\/","logo":{"@type":"ImageObject","inLanguage":"fr-FR","@id":"https:\/\/asulf.org\/#\/schema\/logo\/image\/","url":"https:\/\/asulf.org\/wp-content\/uploads\/2021\/03\/cropped-asulf-logo-png-2.png","contentUrl":"https:\/\/asulf.org\/wp-content\/uploads\/2021\/03\/cropped-asulf-logo-png-2.png","width":2068,"height":1086,"caption":"ASULF"},"image":{"@id":"https:\/\/asulf.org\/#\/schema\/logo\/image\/"},"sameAs":["https:\/\/www.facebook.com\/Association-pour-le-soutien-et-lusage-de-la-langue-fran\u00e7aise-ASULF-1702235186671805"]}]}},"_links":{"self":[{"href":"https:\/\/asulf.org\/index.php?rest_route=\/wp\/v2\/pages\/4243","targetHints":{"allow":["GET"]}}],"collection":[{"href":"https:\/\/asulf.org\/index.php?rest_route=\/wp\/v2\/pages"}],"about":[{"href":"https:\/\/asulf.org\/index.php?rest_route=\/wp\/v2\/types\/page"}],"author":[{"embeddable":true,"href":"https:\/\/asulf.org\/index.php?rest_route=\/wp\/v2\/users\/12"}],"replies":[{"embeddable":true,"href":"https:\/\/asulf.org\/index.php?rest_route=%2Fwp%2Fv2%2Fcomments&post=4243"}],"version-history":[{"count":26,"href":"https:\/\/asulf.org\/index.php?rest_route=\/wp\/v2\/pages\/4243\/revisions"}],"predecessor-version":[{"id":9722,"href":"https:\/\/asulf.org\/index.php?rest_route=\/wp\/v2\/pages\/4243\/revisions\/9722"}],"wp:attachment":[{"href":"https:\/\/asulf.org\/index.php?rest_route=%2Fwp%2Fv2%2Fmedia&parent=4243"}],"curies":[{"name":"wp","href":"https:\/\/api.w.org\/{rel}","templated":true}]}}