{"id":4643,"date":"2018-05-03T14:17:31","date_gmt":"2018-05-03T18:17:31","guid":{"rendered":"http:\/\/asulf.ca\/?page_id=4643"},"modified":"2024-05-14T07:33:25","modified_gmt":"2024-05-14T11:33:25","slug":"shq-asulf","status":"publish","type":"page","link":"https:\/\/asulf.org\/?page_id=4643","title":{"rendered":"SHQ &#8211; Asulf 2018"},"content":{"rendered":"\n<div class=\"wp-block-columns is-layout-flex wp-container-core-columns-is-layout-9d6595d7 wp-block-columns-is-layout-flex\">\n<div class=\"wp-block-column is-layout-flow wp-block-column-is-layout-flow\" style=\"flex-basis:33.33%\">\n<p>Une bourse de 100 $ est offerte annuellement par l\u2019Asulf (Association pour le soutien et l\u2019usage de la langue fran\u00e7aise) pour r\u00e9compenser le texte qui s&rsquo;est d\u00e9marqu\u00e9 par la qualit\u00e9 de la langue fran\u00e7aise dans le cadre du concours d&rsquo;\u00e9criture historique de la Soci\u00e9t\u00e9 historique de Qu\u00e9bec.<\/p>\n\n\n\n<p>Texte de Christophe Pruneau :<\/p>\n\n\n\n<p><a href=\"https:\/\/asulf.org\/wp-content\/uploads\/2024\/05\/2018-La-fille-sans-nom.pdf\">La fille sans no<\/a><a href=\"https:\/\/asulf.org\/wp-content\/uploads\/2024\/05\/2018-La-fille-sans-nom.pdf\" target=\"_blank\" rel=\"noreferrer noopener\">m<\/a><\/p>\n<\/div>\n\n\n\n<div class=\"wp-block-column is-layout-flow wp-block-column-is-layout-flow\" style=\"flex-basis:66.66%\">\n<figure class=\"wp-block-image size-large\"><a href=\"https:\/\/asulf.org\/wp-content\/uploads\/2018\/11\/DSC01737-2-1.jpg\" target=\"_blank\" rel=\"noreferrer noopener\"><img loading=\"lazy\" decoding=\"async\" width=\"1030\" height=\"716\" src=\"https:\/\/asulf.org\/wp-content\/uploads\/2018\/11\/DSC01737-2-1-1030x716.jpg\" alt=\"\" class=\"wp-image-4828\" srcset=\"https:\/\/asulf.org\/wp-content\/uploads\/2018\/11\/DSC01737-2-1-1030x716.jpg 1030w, https:\/\/asulf.org\/wp-content\/uploads\/2018\/11\/DSC01737-2-1-300x208.jpg 300w, https:\/\/asulf.org\/wp-content\/uploads\/2018\/11\/DSC01737-2-1-768x534.jpg 768w, https:\/\/asulf.org\/wp-content\/uploads\/2018\/11\/DSC01737-2-1-1500x1042.jpg 1500w, https:\/\/asulf.org\/wp-content\/uploads\/2018\/11\/DSC01737-2-1-705x490.jpg 705w, https:\/\/asulf.org\/wp-content\/uploads\/2018\/11\/DSC01737-2-1-450x313.jpg 450w\" sizes=\"auto, (max-width: 1030px) 100vw, 1030px\" \/><\/a><\/figure>\n\n\n\n<div class=\"wp-block-columns is-layout-flex wp-container-core-columns-is-layout-9d6595d7 wp-block-columns-is-layout-flex\">\n<div class=\"wp-block-column is-layout-flow wp-block-column-is-layout-flow\" style=\"flex-basis:33.33%\">\n<p>Voir le nom des gagnants :<\/p>\n<\/div>\n\n\n\n<div class=\"wp-block-column is-layout-flow wp-block-column-is-layout-flow\" style=\"flex-basis:66.66%\">\n<figure class=\"wp-block-image size-large\"><a href=\"https:\/\/asulf.org\/wp-content\/uploads\/2018\/11\/DSC01767.jpg\" target=\"_blank\" rel=\"noreferrer noopener\"><img loading=\"lazy\" decoding=\"async\" width=\"1030\" height=\"773\" src=\"https:\/\/asulf.org\/wp-content\/uploads\/2018\/11\/DSC01767-1030x773.jpg\" alt=\"\" class=\"wp-image-4832\" srcset=\"https:\/\/asulf.org\/wp-content\/uploads\/2018\/11\/DSC01767-1030x773.jpg 1030w, https:\/\/asulf.org\/wp-content\/uploads\/2018\/11\/DSC01767-300x225.jpg 300w, https:\/\/asulf.org\/wp-content\/uploads\/2018\/11\/DSC01767-768x576.jpg 768w, https:\/\/asulf.org\/wp-content\/uploads\/2018\/11\/DSC01767-1500x1125.jpg 1500w, https:\/\/asulf.org\/wp-content\/uploads\/2018\/11\/DSC01767-705x529.jpg 705w, https:\/\/asulf.org\/wp-content\/uploads\/2018\/11\/DSC01767-450x338.jpg 450w\" sizes=\"auto, (max-width: 1030px) 100vw, 1030px\" \/><\/a><\/figure>\n<\/div>\n<\/div>\n<\/div>\n<\/div>\n\n\n\n<p><\/p>\n","protected":false},"excerpt":{"rendered":"<p>Une bourse de 100 $ est offerte annuellement par l\u2019Asulf (Association pour le soutien et l\u2019usage de la langue fran\u00e7aise) pour r\u00e9compenser le texte qui s&rsquo;est d\u00e9marqu\u00e9 par la qualit\u00e9 de la langue fran\u00e7aise dans le cadre du concours d&rsquo;\u00e9criture historique de la Soci\u00e9t\u00e9 historique de Qu\u00e9bec. Texte de Christophe Pruneau : La fille sans&#8230;<\/p>\n","protected":false},"author":12,"featured_media":0,"parent":0,"menu_order":0,"comment_status":"closed","ping_status":"closed","template":"","meta":{"footnotes":""},"class_list":["post-4643","page","type-page","status-publish","hentry"],"yoast_head":"<!-- This site is optimized with the Yoast SEO plugin v27.5 - https:\/\/yoast.com\/product\/yoast-seo-wordpress\/ -->\n<title>SHQ - Asulf 2018 -<\/title>\n<meta name=\"robots\" content=\"index, follow, max-snippet:-1, max-image-preview:large, max-video-preview:-1\" \/>\n<link rel=\"canonical\" href=\"https:\/\/asulf.org\/shq-asulf\/\" \/>\n<meta property=\"og:locale\" content=\"fr_FR\" \/>\n<meta property=\"og:type\" content=\"article\" \/>\n<meta property=\"og:title\" content=\"SHQ - Asulf 2018 -\" \/>\n<meta property=\"og:description\" content=\"Une bourse de 100 $ est offerte annuellement par l\u2019Asulf (Association pour le soutien et l\u2019usage de la langue fran\u00e7aise) pour r\u00e9compenser le texte qui s&rsquo;est d\u00e9marqu\u00e9 par la qualit\u00e9 de la langue fran\u00e7aise dans le cadre du concours d&rsquo;\u00e9criture historique de la Soci\u00e9t\u00e9 historique de Qu\u00e9bec. Texte de Christophe Pruneau : La fille sans...\" \/>\n<meta property=\"og:url\" content=\"https:\/\/asulf.org\/shq-asulf\/\" \/>\n<meta property=\"article:publisher\" content=\"https:\/\/www.facebook.com\/Association-pour-le-soutien-et-lusage-de-la-langue-fran%c3%a7aise-ASULF-1702235186671805\" \/>\n<meta property=\"article:modified_time\" content=\"2024-05-14T11:33:25+00:00\" \/>\n<meta property=\"og:image\" content=\"https:\/\/asulf.org\/wp-content\/uploads\/2018\/11\/DSC01737-2-1-1030x716.jpg\" \/>\n<meta name=\"twitter:card\" content=\"summary_large_image\" \/>\n<meta name=\"twitter:label1\" content=\"Dur\u00e9e de lecture estim\u00e9e\" \/>\n\t<meta name=\"twitter:data1\" content=\"1 minute\" \/>\n<script type=\"application\/ld+json\" class=\"yoast-schema-graph\">{\"@context\":\"https:\\\/\\\/schema.org\",\"@graph\":[{\"@type\":\"WebPage\",\"@id\":\"https:\\\/\\\/asulf.org\\\/shq-asulf\\\/\",\"url\":\"https:\\\/\\\/asulf.org\\\/shq-asulf\\\/\",\"name\":\"SHQ - Asulf 2018 -\",\"isPartOf\":{\"@id\":\"https:\\\/\\\/asulf.org\\\/#website\"},\"primaryImageOfPage\":{\"@id\":\"https:\\\/\\\/asulf.org\\\/shq-asulf\\\/#primaryimage\"},\"image\":{\"@id\":\"https:\\\/\\\/asulf.org\\\/shq-asulf\\\/#primaryimage\"},\"thumbnailUrl\":\"https:\\\/\\\/asulf.org\\\/wp-content\\\/uploads\\\/2018\\\/11\\\/DSC01737-2-1-1030x716.jpg\",\"datePublished\":\"2018-05-03T18:17:31+00:00\",\"dateModified\":\"2024-05-14T11:33:25+00:00\",\"breadcrumb\":{\"@id\":\"https:\\\/\\\/asulf.org\\\/shq-asulf\\\/#breadcrumb\"},\"inLanguage\":\"fr-FR\",\"potentialAction\":[{\"@type\":\"ReadAction\",\"target\":[\"https:\\\/\\\/asulf.org\\\/shq-asulf\\\/\"]}]},{\"@type\":\"ImageObject\",\"inLanguage\":\"fr-FR\",\"@id\":\"https:\\\/\\\/asulf.org\\\/shq-asulf\\\/#primaryimage\",\"url\":\"https:\\\/\\\/asulf.org\\\/wp-content\\\/uploads\\\/2018\\\/11\\\/DSC01737-2-1.jpg\",\"contentUrl\":\"https:\\\/\\\/asulf.org\\\/wp-content\\\/uploads\\\/2018\\\/11\\\/DSC01737-2-1.jpg\",\"width\":2352,\"height\":1634},{\"@type\":\"BreadcrumbList\",\"@id\":\"https:\\\/\\\/asulf.org\\\/shq-asulf\\\/#breadcrumb\",\"itemListElement\":[{\"@type\":\"ListItem\",\"position\":1,\"name\":\"Accueil\",\"item\":\"https:\\\/\\\/asulf.org\\\/\"},{\"@type\":\"ListItem\",\"position\":2,\"name\":\"SHQ &#8211; Asulf 2018\"}]},{\"@type\":\"WebSite\",\"@id\":\"https:\\\/\\\/asulf.org\\\/#website\",\"url\":\"https:\\\/\\\/asulf.org\\\/\",\"name\":\"\",\"description\":\"Association pour le soutien et l\u2019usage de la langue fran\u00e7aise\",\"publisher\":{\"@id\":\"https:\\\/\\\/asulf.org\\\/#organization\"},\"potentialAction\":[{\"@type\":\"SearchAction\",\"target\":{\"@type\":\"EntryPoint\",\"urlTemplate\":\"https:\\\/\\\/asulf.org\\\/?s={search_term_string}\"},\"query-input\":{\"@type\":\"PropertyValueSpecification\",\"valueRequired\":true,\"valueName\":\"search_term_string\"}}],\"inLanguage\":\"fr-FR\"},{\"@type\":\"Organization\",\"@id\":\"https:\\\/\\\/asulf.org\\\/#organization\",\"name\":\"ASULF\",\"url\":\"https:\\\/\\\/asulf.org\\\/\",\"logo\":{\"@type\":\"ImageObject\",\"inLanguage\":\"fr-FR\",\"@id\":\"https:\\\/\\\/asulf.org\\\/#\\\/schema\\\/logo\\\/image\\\/\",\"url\":\"https:\\\/\\\/asulf.org\\\/wp-content\\\/uploads\\\/2021\\\/03\\\/cropped-asulf-logo-png-2.png\",\"contentUrl\":\"https:\\\/\\\/asulf.org\\\/wp-content\\\/uploads\\\/2021\\\/03\\\/cropped-asulf-logo-png-2.png\",\"width\":2068,\"height\":1086,\"caption\":\"ASULF\"},\"image\":{\"@id\":\"https:\\\/\\\/asulf.org\\\/#\\\/schema\\\/logo\\\/image\\\/\"},\"sameAs\":[\"https:\\\/\\\/www.facebook.com\\\/Association-pour-le-soutien-et-lusage-de-la-langue-fran\u00e7aise-ASULF-1702235186671805\"]}]}<\/script>\n<!-- \/ Yoast SEO plugin. -->","yoast_head_json":{"title":"SHQ - Asulf 2018 -","robots":{"index":"index","follow":"follow","max-snippet":"max-snippet:-1","max-image-preview":"max-image-preview:large","max-video-preview":"max-video-preview:-1"},"canonical":"https:\/\/asulf.org\/shq-asulf\/","og_locale":"fr_FR","og_type":"article","og_title":"SHQ - Asulf 2018 -","og_description":"Une bourse de 100 $ est offerte annuellement par l\u2019Asulf (Association pour le soutien et l\u2019usage de la langue fran\u00e7aise) pour r\u00e9compenser le texte qui s&rsquo;est d\u00e9marqu\u00e9 par la qualit\u00e9 de la langue fran\u00e7aise dans le cadre du concours d&rsquo;\u00e9criture historique de la Soci\u00e9t\u00e9 historique de Qu\u00e9bec. Texte de Christophe Pruneau : La fille sans...","og_url":"https:\/\/asulf.org\/shq-asulf\/","article_publisher":"https:\/\/www.facebook.com\/Association-pour-le-soutien-et-lusage-de-la-langue-fran%c3%a7aise-ASULF-1702235186671805","article_modified_time":"2024-05-14T11:33:25+00:00","og_image":[{"url":"https:\/\/asulf.org\/wp-content\/uploads\/2018\/11\/DSC01737-2-1-1030x716.jpg","type":"","width":"","height":""}],"twitter_card":"summary_large_image","twitter_misc":{"Dur\u00e9e de lecture estim\u00e9e":"1 minute"},"schema":{"@context":"https:\/\/schema.org","@graph":[{"@type":"WebPage","@id":"https:\/\/asulf.org\/shq-asulf\/","url":"https:\/\/asulf.org\/shq-asulf\/","name":"SHQ - Asulf 2018 -","isPartOf":{"@id":"https:\/\/asulf.org\/#website"},"primaryImageOfPage":{"@id":"https:\/\/asulf.org\/shq-asulf\/#primaryimage"},"image":{"@id":"https:\/\/asulf.org\/shq-asulf\/#primaryimage"},"thumbnailUrl":"https:\/\/asulf.org\/wp-content\/uploads\/2018\/11\/DSC01737-2-1-1030x716.jpg","datePublished":"2018-05-03T18:17:31+00:00","dateModified":"2024-05-14T11:33:25+00:00","breadcrumb":{"@id":"https:\/\/asulf.org\/shq-asulf\/#breadcrumb"},"inLanguage":"fr-FR","potentialAction":[{"@type":"ReadAction","target":["https:\/\/asulf.org\/shq-asulf\/"]}]},{"@type":"ImageObject","inLanguage":"fr-FR","@id":"https:\/\/asulf.org\/shq-asulf\/#primaryimage","url":"https:\/\/asulf.org\/wp-content\/uploads\/2018\/11\/DSC01737-2-1.jpg","contentUrl":"https:\/\/asulf.org\/wp-content\/uploads\/2018\/11\/DSC01737-2-1.jpg","width":2352,"height":1634},{"@type":"BreadcrumbList","@id":"https:\/\/asulf.org\/shq-asulf\/#breadcrumb","itemListElement":[{"@type":"ListItem","position":1,"name":"Accueil","item":"https:\/\/asulf.org\/"},{"@type":"ListItem","position":2,"name":"SHQ &#8211; Asulf 2018"}]},{"@type":"WebSite","@id":"https:\/\/asulf.org\/#website","url":"https:\/\/asulf.org\/","name":"","description":"Association pour le soutien et l\u2019usage de la langue fran\u00e7aise","publisher":{"@id":"https:\/\/asulf.org\/#organization"},"potentialAction":[{"@type":"SearchAction","target":{"@type":"EntryPoint","urlTemplate":"https:\/\/asulf.org\/?s={search_term_string}"},"query-input":{"@type":"PropertyValueSpecification","valueRequired":true,"valueName":"search_term_string"}}],"inLanguage":"fr-FR"},{"@type":"Organization","@id":"https:\/\/asulf.org\/#organization","name":"ASULF","url":"https:\/\/asulf.org\/","logo":{"@type":"ImageObject","inLanguage":"fr-FR","@id":"https:\/\/asulf.org\/#\/schema\/logo\/image\/","url":"https:\/\/asulf.org\/wp-content\/uploads\/2021\/03\/cropped-asulf-logo-png-2.png","contentUrl":"https:\/\/asulf.org\/wp-content\/uploads\/2021\/03\/cropped-asulf-logo-png-2.png","width":2068,"height":1086,"caption":"ASULF"},"image":{"@id":"https:\/\/asulf.org\/#\/schema\/logo\/image\/"},"sameAs":["https:\/\/www.facebook.com\/Association-pour-le-soutien-et-lusage-de-la-langue-fran\u00e7aise-ASULF-1702235186671805"]}]}},"_links":{"self":[{"href":"https:\/\/asulf.org\/index.php?rest_route=\/wp\/v2\/pages\/4643","targetHints":{"allow":["GET"]}}],"collection":[{"href":"https:\/\/asulf.org\/index.php?rest_route=\/wp\/v2\/pages"}],"about":[{"href":"https:\/\/asulf.org\/index.php?rest_route=\/wp\/v2\/types\/page"}],"author":[{"embeddable":true,"href":"https:\/\/asulf.org\/index.php?rest_route=\/wp\/v2\/users\/12"}],"replies":[{"embeddable":true,"href":"https:\/\/asulf.org\/index.php?rest_route=%2Fwp%2Fv2%2Fcomments&post=4643"}],"version-history":[{"count":16,"href":"https:\/\/asulf.org\/index.php?rest_route=\/wp\/v2\/pages\/4643\/revisions"}],"predecessor-version":[{"id":11323,"href":"https:\/\/asulf.org\/index.php?rest_route=\/wp\/v2\/pages\/4643\/revisions\/11323"}],"wp:attachment":[{"href":"https:\/\/asulf.org\/index.php?rest_route=%2Fwp%2Fv2%2Fmedia&parent=4643"}],"curies":[{"name":"wp","href":"https:\/\/api.w.org\/{rel}","templated":true}]}}