{"id":7128,"date":"2021-01-02T11:57:04","date_gmt":"2021-01-02T16:57:04","guid":{"rendered":"http:\/\/asulf.org\/?page_id=7128"},"modified":"2024-01-25T18:18:09","modified_gmt":"2024-01-25T23:18:09","slug":"membres-2","status":"publish","type":"page","link":"https:\/\/asulf.org\/?page_id=7128","title":{"rendered":"Membres"},"content":{"rendered":"\n<p><strong>Membres du groupe 2024<\/strong><\/p>\n\n\n\n<p>Alain B\u00e9langer<\/p>\n\n\n\n<p>Gaston Bergeron<\/p>\n\n\n\n<p>Gaston Bernier<\/p>\n\n\n\n<p>Andr\u00e9 Cloutier<\/p>\n\n\n\n<p>Marcel Fourcaudot<\/p>\n\n\n\n<p>Raymond Gagnier<\/p>\n\n\n\n<p>Armand Labb\u00e9<\/p>\n\n\n\n<p>Pierre Lincourt<\/p>\n\n\n\n<p>Francine Morency<\/p>\n\n\n\n<p><strong>Membres du groupe (15 janvier 2021)<\/strong><\/p>\n\n\n\n<p>Robert Auclair<\/p>\n\n\n\n<p>Alain B\u00e9langer<\/p>\n\n\n\n<p>Gaston Bergeron<\/p>\n\n\n\n<p>Gaston Bernier<\/p>\n\n\n\n<p>Marcel Fourcaudot<\/p>\n\n\n\n<p>Raymond Gagnier<\/p>\n\n\n\n<p>Armand Labb\u00e9<\/p>\n\n\n\n<p>Pierre Lincourt<\/p>\n\n\n\n<p>Pierrette Vachon-L&rsquo;Heureux<\/p>\n\n\n\n<p><\/p>\n\n\n\n<p><strong>Membres du groupe (2014)<\/strong><\/p>\n\n\n\n<p>Robert Auclair<\/p>\n\n\n\n<p>Alain B\u00e9langer<\/p>\n\n\n\n<p>Gaston Bergeron<\/p>\n\n\n\n<p>Gaston Bernier<\/p>\n\n\n\n<p>Jean-Pierre Bourdeau<\/p>\n\n\n\n<p>Yvon Delisle<\/p>\n\n\n\n<p>Marcel Fourcaudot<\/p>\n\n\n\n<p>Raymond Gagnier<\/p>\n\n\n\n<p>Roger Garneau<\/p>\n\n\n\n<p>Pierre Lincourt<\/p>\n\n\n\n<p>Danielle Langelier<\/p>\n\n\n\n<p>Mario Paradis<\/p>\n\n\n\n<p>Pierrette Vachon-L&rsquo;Heureux<\/p>\n","protected":false},"excerpt":{"rendered":"<p>Membres du groupe 2024 Alain B\u00e9langer Gaston Bergeron Gaston Bernier Andr\u00e9 Cloutier Marcel Fourcaudot Raymond Gagnier Armand Labb\u00e9 Pierre Lincourt Francine Morency Membres du groupe (15 janvier 2021) Robert Auclair Alain B\u00e9langer Gaston Bergeron Gaston Bernier Marcel Fourcaudot Raymond Gagnier Armand Labb\u00e9 Pierre Lincourt Pierrette Vachon-L&rsquo;Heureux Membres du groupe (2014) Robert Auclair Alain B\u00e9langer Gaston&#8230;<\/p>\n","protected":false},"author":12,"featured_media":0,"parent":0,"menu_order":0,"comment_status":"closed","ping_status":"closed","template":"","meta":{"footnotes":""},"class_list":["post-7128","page","type-page","status-publish","hentry"],"yoast_head":"<!-- This site is optimized with the Yoast SEO plugin v27.5 - https:\/\/yoast.com\/product\/yoast-seo-wordpress\/ -->\n<title>Membres -<\/title>\n<meta name=\"robots\" content=\"index, follow, max-snippet:-1, max-image-preview:large, max-video-preview:-1\" \/>\n<link rel=\"canonical\" href=\"https:\/\/asulf.org\/membres-2\/\" \/>\n<meta property=\"og:locale\" content=\"fr_FR\" \/>\n<meta property=\"og:type\" content=\"article\" \/>\n<meta property=\"og:title\" content=\"Membres -\" \/>\n<meta property=\"og:description\" content=\"Membres du groupe 2024 Alain B\u00e9langer Gaston Bergeron Gaston Bernier Andr\u00e9 Cloutier Marcel Fourcaudot Raymond Gagnier Armand Labb\u00e9 Pierre Lincourt Francine Morency Membres du groupe (15 janvier 2021) Robert Auclair Alain B\u00e9langer Gaston Bergeron Gaston Bernier Marcel Fourcaudot Raymond Gagnier Armand Labb\u00e9 Pierre Lincourt Pierrette Vachon-L&rsquo;Heureux Membres du groupe (2014) Robert Auclair Alain B\u00e9langer Gaston...\" \/>\n<meta property=\"og:url\" content=\"https:\/\/asulf.org\/membres-2\/\" \/>\n<meta property=\"article:publisher\" content=\"https:\/\/www.facebook.com\/Association-pour-le-soutien-et-lusage-de-la-langue-fran%c3%a7aise-ASULF-1702235186671805\" \/>\n<meta property=\"article:modified_time\" content=\"2024-01-25T23:18:09+00:00\" \/>\n<meta name=\"twitter:card\" content=\"summary_large_image\" \/>\n<meta name=\"twitter:label1\" content=\"Dur\u00e9e de lecture estim\u00e9e\" \/>\n\t<meta name=\"twitter:data1\" content=\"1 minute\" \/>\n<script type=\"application\/ld+json\" class=\"yoast-schema-graph\">{\"@context\":\"https:\\\/\\\/schema.org\",\"@graph\":[{\"@type\":\"WebPage\",\"@id\":\"https:\\\/\\\/asulf.org\\\/membres-2\\\/\",\"url\":\"https:\\\/\\\/asulf.org\\\/membres-2\\\/\",\"name\":\"Membres -\",\"isPartOf\":{\"@id\":\"https:\\\/\\\/asulf.org\\\/#website\"},\"datePublished\":\"2021-01-02T16:57:04+00:00\",\"dateModified\":\"2024-01-25T23:18:09+00:00\",\"breadcrumb\":{\"@id\":\"https:\\\/\\\/asulf.org\\\/membres-2\\\/#breadcrumb\"},\"inLanguage\":\"fr-FR\",\"potentialAction\":[{\"@type\":\"ReadAction\",\"target\":[\"https:\\\/\\\/asulf.org\\\/membres-2\\\/\"]}]},{\"@type\":\"BreadcrumbList\",\"@id\":\"https:\\\/\\\/asulf.org\\\/membres-2\\\/#breadcrumb\",\"itemListElement\":[{\"@type\":\"ListItem\",\"position\":1,\"name\":\"Accueil\",\"item\":\"https:\\\/\\\/asulf.org\\\/\"},{\"@type\":\"ListItem\",\"position\":2,\"name\":\"Membres\"}]},{\"@type\":\"WebSite\",\"@id\":\"https:\\\/\\\/asulf.org\\\/#website\",\"url\":\"https:\\\/\\\/asulf.org\\\/\",\"name\":\"\",\"description\":\"Association pour le soutien et l\u2019usage de la langue fran\u00e7aise\",\"publisher\":{\"@id\":\"https:\\\/\\\/asulf.org\\\/#organization\"},\"potentialAction\":[{\"@type\":\"SearchAction\",\"target\":{\"@type\":\"EntryPoint\",\"urlTemplate\":\"https:\\\/\\\/asulf.org\\\/?s={search_term_string}\"},\"query-input\":{\"@type\":\"PropertyValueSpecification\",\"valueRequired\":true,\"valueName\":\"search_term_string\"}}],\"inLanguage\":\"fr-FR\"},{\"@type\":\"Organization\",\"@id\":\"https:\\\/\\\/asulf.org\\\/#organization\",\"name\":\"ASULF\",\"url\":\"https:\\\/\\\/asulf.org\\\/\",\"logo\":{\"@type\":\"ImageObject\",\"inLanguage\":\"fr-FR\",\"@id\":\"https:\\\/\\\/asulf.org\\\/#\\\/schema\\\/logo\\\/image\\\/\",\"url\":\"https:\\\/\\\/asulf.org\\\/wp-content\\\/uploads\\\/2021\\\/03\\\/cropped-asulf-logo-png-2.png\",\"contentUrl\":\"https:\\\/\\\/asulf.org\\\/wp-content\\\/uploads\\\/2021\\\/03\\\/cropped-asulf-logo-png-2.png\",\"width\":2068,\"height\":1086,\"caption\":\"ASULF\"},\"image\":{\"@id\":\"https:\\\/\\\/asulf.org\\\/#\\\/schema\\\/logo\\\/image\\\/\"},\"sameAs\":[\"https:\\\/\\\/www.facebook.com\\\/Association-pour-le-soutien-et-lusage-de-la-langue-fran\u00e7aise-ASULF-1702235186671805\"]}]}<\/script>\n<!-- \/ Yoast SEO plugin. -->","yoast_head_json":{"title":"Membres -","robots":{"index":"index","follow":"follow","max-snippet":"max-snippet:-1","max-image-preview":"max-image-preview:large","max-video-preview":"max-video-preview:-1"},"canonical":"https:\/\/asulf.org\/membres-2\/","og_locale":"fr_FR","og_type":"article","og_title":"Membres -","og_description":"Membres du groupe 2024 Alain B\u00e9langer Gaston Bergeron Gaston Bernier Andr\u00e9 Cloutier Marcel Fourcaudot Raymond Gagnier Armand Labb\u00e9 Pierre Lincourt Francine Morency Membres du groupe (15 janvier 2021) Robert Auclair Alain B\u00e9langer Gaston Bergeron Gaston Bernier Marcel Fourcaudot Raymond Gagnier Armand Labb\u00e9 Pierre Lincourt Pierrette Vachon-L&rsquo;Heureux Membres du groupe (2014) Robert Auclair Alain B\u00e9langer Gaston...","og_url":"https:\/\/asulf.org\/membres-2\/","article_publisher":"https:\/\/www.facebook.com\/Association-pour-le-soutien-et-lusage-de-la-langue-fran%c3%a7aise-ASULF-1702235186671805","article_modified_time":"2024-01-25T23:18:09+00:00","twitter_card":"summary_large_image","twitter_misc":{"Dur\u00e9e de lecture estim\u00e9e":"1 minute"},"schema":{"@context":"https:\/\/schema.org","@graph":[{"@type":"WebPage","@id":"https:\/\/asulf.org\/membres-2\/","url":"https:\/\/asulf.org\/membres-2\/","name":"Membres -","isPartOf":{"@id":"https:\/\/asulf.org\/#website"},"datePublished":"2021-01-02T16:57:04+00:00","dateModified":"2024-01-25T23:18:09+00:00","breadcrumb":{"@id":"https:\/\/asulf.org\/membres-2\/#breadcrumb"},"inLanguage":"fr-FR","potentialAction":[{"@type":"ReadAction","target":["https:\/\/asulf.org\/membres-2\/"]}]},{"@type":"BreadcrumbList","@id":"https:\/\/asulf.org\/membres-2\/#breadcrumb","itemListElement":[{"@type":"ListItem","position":1,"name":"Accueil","item":"https:\/\/asulf.org\/"},{"@type":"ListItem","position":2,"name":"Membres"}]},{"@type":"WebSite","@id":"https:\/\/asulf.org\/#website","url":"https:\/\/asulf.org\/","name":"","description":"Association pour le soutien et l\u2019usage de la langue fran\u00e7aise","publisher":{"@id":"https:\/\/asulf.org\/#organization"},"potentialAction":[{"@type":"SearchAction","target":{"@type":"EntryPoint","urlTemplate":"https:\/\/asulf.org\/?s={search_term_string}"},"query-input":{"@type":"PropertyValueSpecification","valueRequired":true,"valueName":"search_term_string"}}],"inLanguage":"fr-FR"},{"@type":"Organization","@id":"https:\/\/asulf.org\/#organization","name":"ASULF","url":"https:\/\/asulf.org\/","logo":{"@type":"ImageObject","inLanguage":"fr-FR","@id":"https:\/\/asulf.org\/#\/schema\/logo\/image\/","url":"https:\/\/asulf.org\/wp-content\/uploads\/2021\/03\/cropped-asulf-logo-png-2.png","contentUrl":"https:\/\/asulf.org\/wp-content\/uploads\/2021\/03\/cropped-asulf-logo-png-2.png","width":2068,"height":1086,"caption":"ASULF"},"image":{"@id":"https:\/\/asulf.org\/#\/schema\/logo\/image\/"},"sameAs":["https:\/\/www.facebook.com\/Association-pour-le-soutien-et-lusage-de-la-langue-fran\u00e7aise-ASULF-1702235186671805"]}]}},"_links":{"self":[{"href":"https:\/\/asulf.org\/index.php?rest_route=\/wp\/v2\/pages\/7128","targetHints":{"allow":["GET"]}}],"collection":[{"href":"https:\/\/asulf.org\/index.php?rest_route=\/wp\/v2\/pages"}],"about":[{"href":"https:\/\/asulf.org\/index.php?rest_route=\/wp\/v2\/types\/page"}],"author":[{"embeddable":true,"href":"https:\/\/asulf.org\/index.php?rest_route=\/wp\/v2\/users\/12"}],"replies":[{"embeddable":true,"href":"https:\/\/asulf.org\/index.php?rest_route=%2Fwp%2Fv2%2Fcomments&post=7128"}],"version-history":[{"count":10,"href":"https:\/\/asulf.org\/index.php?rest_route=\/wp\/v2\/pages\/7128\/revisions"}],"predecessor-version":[{"id":10934,"href":"https:\/\/asulf.org\/index.php?rest_route=\/wp\/v2\/pages\/7128\/revisions\/10934"}],"wp:attachment":[{"href":"https:\/\/asulf.org\/index.php?rest_route=%2Fwp%2Fv2%2Fmedia&parent=7128"}],"curies":[{"name":"wp","href":"https:\/\/api.w.org\/{rel}","templated":true}]}}