{"id":7132,"date":"2021-01-02T11:57:48","date_gmt":"2021-01-02T16:57:48","guid":{"rendered":"http:\/\/asulf.org\/?page_id=7132"},"modified":"2023-06-29T21:27:09","modified_gmt":"2023-06-30T01:27:09","slug":"vademecum","status":"publish","type":"page","link":"https:\/\/asulf.org\/?page_id=7132","title":{"rendered":"Vad\u00e9m\u00e9cum"},"content":{"rendered":"\n<p><em>\u00ab Les d\u00e9fenseurs de la langue font un m\u00e9tier ingrat. Ils<br>doivent souvent avoir l\u2019impression de pr\u00eacher dans le<br>d\u00e9sert. Ou de semer sur l\u2019onde \u00bb (Fr\u00e8delin Leroux fils)<\/em><\/p>\n\n\n\n<div data-wp-interactive=\"core\/file\" class=\"wp-block-file\"><object data-wp-bind--hidden=\"!state.hasPdfPreview\" hidden class=\"wp-block-file__embed\" data=\"https:\/\/asulf.org\/wp-content\/uploads\/2021\/01\/ASULF-Vademecum-VF-janvier-2014.pdf\" type=\"application\/pdf\" style=\"width:100%;height:600px\" aria-label=\"Contenu embarqu\u00e9 ASULF - Vad\u00e9m\u00e9cum - VF -janvier 2014.\"><\/object><a id=\"wp-block-file--media-83cf4273-159a-4464-a3fd-1328cedd894b\" href=\"https:\/\/asulf.org\/wp-content\/uploads\/2021\/01\/ASULF-Vademecum-VF-janvier-2014.pdf\">ASULF &#8211; Vad\u00e9m\u00e9cum &#8211; VF -janvier 2014<\/a><a href=\"https:\/\/asulf.org\/wp-content\/uploads\/2021\/01\/ASULF-Vademecum-VF-janvier-2014.pdf\" class=\"wp-block-file__button wp-element-button\" download aria-describedby=\"wp-block-file--media-83cf4273-159a-4464-a3fd-1328cedd894b\">T\u00e9l\u00e9charger<\/a><\/div>\n","protected":false},"excerpt":{"rendered":"<p>\u00ab Les d\u00e9fenseurs de la langue font un m\u00e9tier ingrat. Ilsdoivent souvent avoir l\u2019impression de pr\u00eacher dans led\u00e9sert. Ou de semer sur l\u2019onde \u00bb (Fr\u00e8delin Leroux fils)<\/p>\n","protected":false},"author":12,"featured_media":0,"parent":0,"menu_order":0,"comment_status":"closed","ping_status":"closed","template":"","meta":{"footnotes":""},"class_list":["post-7132","page","type-page","status-publish","hentry"],"yoast_head":"<!-- This site is optimized with the Yoast SEO plugin v27.5 - https:\/\/yoast.com\/product\/yoast-seo-wordpress\/ -->\n<title>Vad\u00e9m\u00e9cum -<\/title>\n<meta name=\"robots\" content=\"index, follow, max-snippet:-1, max-image-preview:large, max-video-preview:-1\" \/>\n<link rel=\"canonical\" href=\"https:\/\/asulf.org\/vademecum\/\" \/>\n<meta property=\"og:locale\" content=\"fr_FR\" \/>\n<meta property=\"og:type\" content=\"article\" \/>\n<meta property=\"og:title\" content=\"Vad\u00e9m\u00e9cum -\" \/>\n<meta property=\"og:description\" content=\"\u00ab Les d\u00e9fenseurs de la langue font un m\u00e9tier ingrat. Ilsdoivent souvent avoir l\u2019impression de pr\u00eacher dans led\u00e9sert. Ou de semer sur l\u2019onde \u00bb (Fr\u00e8delin Leroux fils)\" \/>\n<meta property=\"og:url\" content=\"https:\/\/asulf.org\/vademecum\/\" \/>\n<meta property=\"article:publisher\" content=\"https:\/\/www.facebook.com\/Association-pour-le-soutien-et-lusage-de-la-langue-fran%c3%a7aise-ASULF-1702235186671805\" \/>\n<meta property=\"article:modified_time\" content=\"2023-06-30T01:27:09+00:00\" \/>\n<meta name=\"twitter:card\" content=\"summary_large_image\" \/>\n<meta name=\"twitter:label1\" content=\"Dur\u00e9e de lecture estim\u00e9e\" \/>\n\t<meta name=\"twitter:data1\" content=\"1 minute\" \/>\n<script type=\"application\/ld+json\" class=\"yoast-schema-graph\">{\"@context\":\"https:\\\/\\\/schema.org\",\"@graph\":[{\"@type\":\"WebPage\",\"@id\":\"https:\\\/\\\/asulf.org\\\/vademecum\\\/\",\"url\":\"https:\\\/\\\/asulf.org\\\/vademecum\\\/\",\"name\":\"Vad\u00e9m\u00e9cum -\",\"isPartOf\":{\"@id\":\"https:\\\/\\\/asulf.org\\\/#website\"},\"datePublished\":\"2021-01-02T16:57:48+00:00\",\"dateModified\":\"2023-06-30T01:27:09+00:00\",\"breadcrumb\":{\"@id\":\"https:\\\/\\\/asulf.org\\\/vademecum\\\/#breadcrumb\"},\"inLanguage\":\"fr-FR\",\"potentialAction\":[{\"@type\":\"ReadAction\",\"target\":[\"https:\\\/\\\/asulf.org\\\/vademecum\\\/\"]}]},{\"@type\":\"BreadcrumbList\",\"@id\":\"https:\\\/\\\/asulf.org\\\/vademecum\\\/#breadcrumb\",\"itemListElement\":[{\"@type\":\"ListItem\",\"position\":1,\"name\":\"Accueil\",\"item\":\"https:\\\/\\\/asulf.org\\\/\"},{\"@type\":\"ListItem\",\"position\":2,\"name\":\"Vad\u00e9m\u00e9cum\"}]},{\"@type\":\"WebSite\",\"@id\":\"https:\\\/\\\/asulf.org\\\/#website\",\"url\":\"https:\\\/\\\/asulf.org\\\/\",\"name\":\"\",\"description\":\"Association pour le soutien et l\u2019usage de la langue fran\u00e7aise\",\"publisher\":{\"@id\":\"https:\\\/\\\/asulf.org\\\/#organization\"},\"potentialAction\":[{\"@type\":\"SearchAction\",\"target\":{\"@type\":\"EntryPoint\",\"urlTemplate\":\"https:\\\/\\\/asulf.org\\\/?s={search_term_string}\"},\"query-input\":{\"@type\":\"PropertyValueSpecification\",\"valueRequired\":true,\"valueName\":\"search_term_string\"}}],\"inLanguage\":\"fr-FR\"},{\"@type\":\"Organization\",\"@id\":\"https:\\\/\\\/asulf.org\\\/#organization\",\"name\":\"ASULF\",\"url\":\"https:\\\/\\\/asulf.org\\\/\",\"logo\":{\"@type\":\"ImageObject\",\"inLanguage\":\"fr-FR\",\"@id\":\"https:\\\/\\\/asulf.org\\\/#\\\/schema\\\/logo\\\/image\\\/\",\"url\":\"https:\\\/\\\/asulf.org\\\/wp-content\\\/uploads\\\/2021\\\/03\\\/cropped-asulf-logo-png-2.png\",\"contentUrl\":\"https:\\\/\\\/asulf.org\\\/wp-content\\\/uploads\\\/2021\\\/03\\\/cropped-asulf-logo-png-2.png\",\"width\":2068,\"height\":1086,\"caption\":\"ASULF\"},\"image\":{\"@id\":\"https:\\\/\\\/asulf.org\\\/#\\\/schema\\\/logo\\\/image\\\/\"},\"sameAs\":[\"https:\\\/\\\/www.facebook.com\\\/Association-pour-le-soutien-et-lusage-de-la-langue-fran\u00e7aise-ASULF-1702235186671805\"]}]}<\/script>\n<!-- \/ Yoast SEO plugin. -->","yoast_head_json":{"title":"Vad\u00e9m\u00e9cum -","robots":{"index":"index","follow":"follow","max-snippet":"max-snippet:-1","max-image-preview":"max-image-preview:large","max-video-preview":"max-video-preview:-1"},"canonical":"https:\/\/asulf.org\/vademecum\/","og_locale":"fr_FR","og_type":"article","og_title":"Vad\u00e9m\u00e9cum -","og_description":"\u00ab Les d\u00e9fenseurs de la langue font un m\u00e9tier ingrat. Ilsdoivent souvent avoir l\u2019impression de pr\u00eacher dans led\u00e9sert. Ou de semer sur l\u2019onde \u00bb (Fr\u00e8delin Leroux fils)","og_url":"https:\/\/asulf.org\/vademecum\/","article_publisher":"https:\/\/www.facebook.com\/Association-pour-le-soutien-et-lusage-de-la-langue-fran%c3%a7aise-ASULF-1702235186671805","article_modified_time":"2023-06-30T01:27:09+00:00","twitter_card":"summary_large_image","twitter_misc":{"Dur\u00e9e de lecture estim\u00e9e":"1 minute"},"schema":{"@context":"https:\/\/schema.org","@graph":[{"@type":"WebPage","@id":"https:\/\/asulf.org\/vademecum\/","url":"https:\/\/asulf.org\/vademecum\/","name":"Vad\u00e9m\u00e9cum -","isPartOf":{"@id":"https:\/\/asulf.org\/#website"},"datePublished":"2021-01-02T16:57:48+00:00","dateModified":"2023-06-30T01:27:09+00:00","breadcrumb":{"@id":"https:\/\/asulf.org\/vademecum\/#breadcrumb"},"inLanguage":"fr-FR","potentialAction":[{"@type":"ReadAction","target":["https:\/\/asulf.org\/vademecum\/"]}]},{"@type":"BreadcrumbList","@id":"https:\/\/asulf.org\/vademecum\/#breadcrumb","itemListElement":[{"@type":"ListItem","position":1,"name":"Accueil","item":"https:\/\/asulf.org\/"},{"@type":"ListItem","position":2,"name":"Vad\u00e9m\u00e9cum"}]},{"@type":"WebSite","@id":"https:\/\/asulf.org\/#website","url":"https:\/\/asulf.org\/","name":"","description":"Association pour le soutien et l\u2019usage de la langue fran\u00e7aise","publisher":{"@id":"https:\/\/asulf.org\/#organization"},"potentialAction":[{"@type":"SearchAction","target":{"@type":"EntryPoint","urlTemplate":"https:\/\/asulf.org\/?s={search_term_string}"},"query-input":{"@type":"PropertyValueSpecification","valueRequired":true,"valueName":"search_term_string"}}],"inLanguage":"fr-FR"},{"@type":"Organization","@id":"https:\/\/asulf.org\/#organization","name":"ASULF","url":"https:\/\/asulf.org\/","logo":{"@type":"ImageObject","inLanguage":"fr-FR","@id":"https:\/\/asulf.org\/#\/schema\/logo\/image\/","url":"https:\/\/asulf.org\/wp-content\/uploads\/2021\/03\/cropped-asulf-logo-png-2.png","contentUrl":"https:\/\/asulf.org\/wp-content\/uploads\/2021\/03\/cropped-asulf-logo-png-2.png","width":2068,"height":1086,"caption":"ASULF"},"image":{"@id":"https:\/\/asulf.org\/#\/schema\/logo\/image\/"},"sameAs":["https:\/\/www.facebook.com\/Association-pour-le-soutien-et-lusage-de-la-langue-fran\u00e7aise-ASULF-1702235186671805"]}]}},"_links":{"self":[{"href":"https:\/\/asulf.org\/index.php?rest_route=\/wp\/v2\/pages\/7132","targetHints":{"allow":["GET"]}}],"collection":[{"href":"https:\/\/asulf.org\/index.php?rest_route=\/wp\/v2\/pages"}],"about":[{"href":"https:\/\/asulf.org\/index.php?rest_route=\/wp\/v2\/types\/page"}],"author":[{"embeddable":true,"href":"https:\/\/asulf.org\/index.php?rest_route=\/wp\/v2\/users\/12"}],"replies":[{"embeddable":true,"href":"https:\/\/asulf.org\/index.php?rest_route=%2Fwp%2Fv2%2Fcomments&post=7132"}],"version-history":[{"count":5,"href":"https:\/\/asulf.org\/index.php?rest_route=\/wp\/v2\/pages\/7132\/revisions"}],"predecessor-version":[{"id":10590,"href":"https:\/\/asulf.org\/index.php?rest_route=\/wp\/v2\/pages\/7132\/revisions\/10590"}],"wp:attachment":[{"href":"https:\/\/asulf.org\/index.php?rest_route=%2Fwp%2Fv2%2Fmedia&parent=7132"}],"curies":[{"name":"wp","href":"https:\/\/api.w.org\/{rel}","templated":true}]}}