{"id":7136,"date":"2021-01-02T12:00:14","date_gmt":"2021-01-02T17:00:14","guid":{"rendered":"http:\/\/asulf.org\/?page_id=7136"},"modified":"2025-07-09T09:57:00","modified_gmt":"2025-07-09T13:57:00","slug":"boite-a-outils","status":"publish","type":"page","link":"https:\/\/asulf.org\/?page_id=7136","title":{"rendered":"Bo\u00eete \u00e0 outils"},"content":{"rendered":"\n<p><strong>Gr\u00e2ce \u00e0 une subvention de l\u2019Office qu\u00e9b\u00e9cois de la langue fran\u00e7aise, l\u2019Asulf \u00e9labore une liste s\u00e9lective d\u2019usuels propres \u00e0 servir aux besoins des intervenants. Le projet est coordonn\u00e9 par Igor Anate, un membre du conseil d\u2019administration. La bo\u00eete \u00e0 outils compte plus de trente usuels recommand\u00e9s.<\/strong><\/p>\n\n\n\n<p>Voici un nouvel usuel du coffre \u00e0 outils des membres et des citoyens d\u00e9sireux d\u2019intervenir en mati\u00e8re de qualit\u00e9 de la langue.<\/p>\n\n\n\n<p><strong><span class=\"has-inline-color has-vivid-red-color\">Nouvelle recommandation<\/span><\/strong> :<\/p>\n\n\n\n<p><strong>Acad\u00e9mie fran\u00e7aise. Dire, ne pas dire : du bon usage de la langue fran\u00e7aise; L\u2019int\u00e9grale.<\/strong> Nouvelle \u00e9dition augment\u00e9e. Paris : Philippe Rey, 2025. 742 p.<\/p>\n\n\n\n<p>Contenu : Environ 1000 avis et fiches correctives pr\u00e9sent\u00e9es sous le mod\u00e8le \u00ab Dire, ne pas dire \u00bb. On y rel\u00e8ve des formes fautives (Cons\u00e9quent), des abus de sens (Au niveau de, Futur pour avenir), des anglicismes (Bashing, Fake news), des confusions courantes (Expertise\/ Exp\u00e9rience), etc.<\/p>\n\n\n\n<p>Utilit\u00e9 : Le dessein correctif de l\u2019Acad\u00e9mie att\u00e9nue la neutralit\u00e9 l\u00e9gendaire des dictionnaires et particuli\u00e8rement celui de l\u2019institution. Par ailleurs, l\u2019imprim\u00e9 du pr\u00e9sent recueil sera utile \u00e0 ceux et celles qui n\u2019ont pas l\u2019habitude de l\u2019internet (https:\/\/www.academie-francaise.fr\/dire-ne-pas-dire).<\/p>\n\n\n\n<p>Utilisation. La pr\u00e9sente compilation des cinq volumes publi\u00e9s de 2014 \u00e0 2019 et des articles publi\u00e9s depuis facilite la recherche des expressions qui font probl\u00e8me. Le volume contient un index fort d\u00e9taill\u00e9 (42 pages) qui en fait un ouvrage de r\u00e9f\u00e9rence essentiel facilement consultable.<\/p>\n\n\n\n<p><strong><span style=\"background-color:rgba(0, 0, 0, 0)\" class=\"has-inline-color has-vivid-red-color\">Recommandations ant\u00e9rieures<\/span><\/strong> : <strong><a href=\"https:\/\/asulf.org\/wp-content\/uploads\/2025\/07\/Boite-a-outils-1-A.pdf\" target=\"_blank\" rel=\"noreferrer noopener\">cliquez ici<\/a><\/strong><\/p>\n\n\n\n<figure class=\"wp-block-image is-resized\"><img decoding=\"async\" src=\"https:\/\/asulf.org\/wp-content\/uploads\/2021\/05\/OQLF-3.jpg\" alt=\"L\u2019attribut alt de cette image est vide, son nom de fichier est OQLF-3.jpg.\" style=\"width:257px;height:110px\"\/><figcaption class=\"wp-element-caption\">S\u00e9lection \u00e9tablie gr\u00e2ce \u00e0 une subvention de l&rsquo;Office qu\u00e9b\u00e9cois de la langue fran\u00e7aise.&nbsp;<\/figcaption><\/figure>\n\n\n\n<div class=\"wp-block-columns is-layout-flex wp-container-core-columns-is-layout-9d6595d7 wp-block-columns-is-layout-flex\">\n<div class=\"wp-block-column is-layout-flow wp-block-column-is-layout-flow\" style=\"flex-basis:100%\">\n<div class=\"wp-block-themeisle-blocks-advanced-columns has-1-columns has-desktop-equal-layout has-tablet-equal-layout has-mobile-equal-layout has-default-gap has-vertical-unset\" id=\"wp-block-themeisle-blocks-advanced-columns-d5356362\"><div class=\"wp-block-themeisle-blocks-advanced-columns-overlay\"><\/div><div class=\"innerblocks-wrap\">\n\n<div class=\"wp-block-themeisle-blocks-advanced-column\" id=\"wp-block-themeisle-blocks-advanced-column-d5b7b317\"><\/div>\n\n<\/div><\/div>\n<\/div>\n<\/div>\n\n\n\n<p><\/p>\n","protected":false},"excerpt":{"rendered":"<p>Gr\u00e2ce \u00e0 une subvention de l\u2019Office qu\u00e9b\u00e9cois de la langue fran\u00e7aise, l\u2019Asulf \u00e9labore une liste s\u00e9lective d\u2019usuels propres \u00e0 servir aux besoins des intervenants. Le projet est coordonn\u00e9 par Igor Anate, un membre du conseil d\u2019administration. La bo\u00eete \u00e0 outils compte plus de trente usuels recommand\u00e9s. Voici un nouvel usuel du coffre \u00e0 outils des&#8230;<\/p>\n","protected":false},"author":12,"featured_media":7668,"parent":0,"menu_order":0,"comment_status":"closed","ping_status":"closed","template":"","meta":{"footnotes":""},"class_list":["post-7136","page","type-page","status-publish","has-post-thumbnail","hentry"],"yoast_head":"<!-- This site is optimized with the Yoast SEO plugin v27.5 - https:\/\/yoast.com\/product\/yoast-seo-wordpress\/ -->\n<title>Bo\u00eete \u00e0 outils -<\/title>\n<meta name=\"robots\" content=\"index, follow, max-snippet:-1, max-image-preview:large, max-video-preview:-1\" \/>\n<link rel=\"canonical\" href=\"https:\/\/asulf.org\/boite-a-outils\/\" \/>\n<meta property=\"og:locale\" content=\"fr_FR\" \/>\n<meta property=\"og:type\" content=\"article\" \/>\n<meta property=\"og:title\" content=\"Bo\u00eete \u00e0 outils -\" \/>\n<meta property=\"og:description\" content=\"Gr\u00e2ce \u00e0 une subvention de l\u2019Office qu\u00e9b\u00e9cois de la langue fran\u00e7aise, l\u2019Asulf \u00e9labore une liste s\u00e9lective d\u2019usuels propres \u00e0 servir aux besoins des intervenants. Le projet est coordonn\u00e9 par Igor Anate, un membre du conseil d\u2019administration. La bo\u00eete \u00e0 outils compte plus de trente usuels recommand\u00e9s. Voici un nouvel usuel du coffre \u00e0 outils des...\" \/>\n<meta property=\"og:url\" content=\"https:\/\/asulf.org\/boite-a-outils\/\" \/>\n<meta property=\"article:publisher\" content=\"https:\/\/www.facebook.com\/Association-pour-le-soutien-et-lusage-de-la-langue-fran%c3%a7aise-ASULF-1702235186671805\" \/>\n<meta property=\"article:modified_time\" content=\"2025-07-09T13:57:00+00:00\" \/>\n<meta property=\"og:image\" content=\"https:\/\/asulf.org\/wp-content\/uploads\/2021\/05\/OQLF-3.jpg\" \/>\n\t<meta property=\"og:image:width\" content=\"342\" \/>\n\t<meta property=\"og:image:height\" content=\"147\" \/>\n\t<meta property=\"og:image:type\" content=\"image\/jpeg\" \/>\n<meta name=\"twitter:card\" content=\"summary_large_image\" \/>\n<meta name=\"twitter:label1\" content=\"Dur\u00e9e de lecture estim\u00e9e\" \/>\n\t<meta name=\"twitter:data1\" content=\"2 minutes\" \/>\n<script type=\"application\/ld+json\" class=\"yoast-schema-graph\">{\"@context\":\"https:\\\/\\\/schema.org\",\"@graph\":[{\"@type\":\"WebPage\",\"@id\":\"https:\\\/\\\/asulf.org\\\/boite-a-outils\\\/\",\"url\":\"https:\\\/\\\/asulf.org\\\/boite-a-outils\\\/\",\"name\":\"Bo\u00eete \u00e0 outils -\",\"isPartOf\":{\"@id\":\"https:\\\/\\\/asulf.org\\\/#website\"},\"primaryImageOfPage\":{\"@id\":\"https:\\\/\\\/asulf.org\\\/boite-a-outils\\\/#primaryimage\"},\"image\":{\"@id\":\"https:\\\/\\\/asulf.org\\\/boite-a-outils\\\/#primaryimage\"},\"thumbnailUrl\":\"https:\\\/\\\/asulf.org\\\/wp-content\\\/uploads\\\/2021\\\/05\\\/OQLF-3.jpg\",\"datePublished\":\"2021-01-02T17:00:14+00:00\",\"dateModified\":\"2025-07-09T13:57:00+00:00\",\"breadcrumb\":{\"@id\":\"https:\\\/\\\/asulf.org\\\/boite-a-outils\\\/#breadcrumb\"},\"inLanguage\":\"fr-FR\",\"potentialAction\":[{\"@type\":\"ReadAction\",\"target\":[\"https:\\\/\\\/asulf.org\\\/boite-a-outils\\\/\"]}]},{\"@type\":\"ImageObject\",\"inLanguage\":\"fr-FR\",\"@id\":\"https:\\\/\\\/asulf.org\\\/boite-a-outils\\\/#primaryimage\",\"url\":\"https:\\\/\\\/asulf.org\\\/wp-content\\\/uploads\\\/2021\\\/05\\\/OQLF-3.jpg\",\"contentUrl\":\"https:\\\/\\\/asulf.org\\\/wp-content\\\/uploads\\\/2021\\\/05\\\/OQLF-3.jpg\",\"width\":342,\"height\":147},{\"@type\":\"BreadcrumbList\",\"@id\":\"https:\\\/\\\/asulf.org\\\/boite-a-outils\\\/#breadcrumb\",\"itemListElement\":[{\"@type\":\"ListItem\",\"position\":1,\"name\":\"Accueil\",\"item\":\"https:\\\/\\\/asulf.org\\\/\"},{\"@type\":\"ListItem\",\"position\":2,\"name\":\"Bo\u00eete \u00e0 outils\"}]},{\"@type\":\"WebSite\",\"@id\":\"https:\\\/\\\/asulf.org\\\/#website\",\"url\":\"https:\\\/\\\/asulf.org\\\/\",\"name\":\"\",\"description\":\"Association pour le soutien et l\u2019usage de la langue fran\u00e7aise\",\"publisher\":{\"@id\":\"https:\\\/\\\/asulf.org\\\/#organization\"},\"potentialAction\":[{\"@type\":\"SearchAction\",\"target\":{\"@type\":\"EntryPoint\",\"urlTemplate\":\"https:\\\/\\\/asulf.org\\\/?s={search_term_string}\"},\"query-input\":{\"@type\":\"PropertyValueSpecification\",\"valueRequired\":true,\"valueName\":\"search_term_string\"}}],\"inLanguage\":\"fr-FR\"},{\"@type\":\"Organization\",\"@id\":\"https:\\\/\\\/asulf.org\\\/#organization\",\"name\":\"ASULF\",\"url\":\"https:\\\/\\\/asulf.org\\\/\",\"logo\":{\"@type\":\"ImageObject\",\"inLanguage\":\"fr-FR\",\"@id\":\"https:\\\/\\\/asulf.org\\\/#\\\/schema\\\/logo\\\/image\\\/\",\"url\":\"https:\\\/\\\/asulf.org\\\/wp-content\\\/uploads\\\/2021\\\/03\\\/cropped-asulf-logo-png-2.png\",\"contentUrl\":\"https:\\\/\\\/asulf.org\\\/wp-content\\\/uploads\\\/2021\\\/03\\\/cropped-asulf-logo-png-2.png\",\"width\":2068,\"height\":1086,\"caption\":\"ASULF\"},\"image\":{\"@id\":\"https:\\\/\\\/asulf.org\\\/#\\\/schema\\\/logo\\\/image\\\/\"},\"sameAs\":[\"https:\\\/\\\/www.facebook.com\\\/Association-pour-le-soutien-et-lusage-de-la-langue-fran\u00e7aise-ASULF-1702235186671805\"]}]}<\/script>\n<!-- \/ Yoast SEO plugin. -->","yoast_head_json":{"title":"Bo\u00eete \u00e0 outils -","robots":{"index":"index","follow":"follow","max-snippet":"max-snippet:-1","max-image-preview":"max-image-preview:large","max-video-preview":"max-video-preview:-1"},"canonical":"https:\/\/asulf.org\/boite-a-outils\/","og_locale":"fr_FR","og_type":"article","og_title":"Bo\u00eete \u00e0 outils -","og_description":"Gr\u00e2ce \u00e0 une subvention de l\u2019Office qu\u00e9b\u00e9cois de la langue fran\u00e7aise, l\u2019Asulf \u00e9labore une liste s\u00e9lective d\u2019usuels propres \u00e0 servir aux besoins des intervenants. Le projet est coordonn\u00e9 par Igor Anate, un membre du conseil d\u2019administration. La bo\u00eete \u00e0 outils compte plus de trente usuels recommand\u00e9s. Voici un nouvel usuel du coffre \u00e0 outils des...","og_url":"https:\/\/asulf.org\/boite-a-outils\/","article_publisher":"https:\/\/www.facebook.com\/Association-pour-le-soutien-et-lusage-de-la-langue-fran%c3%a7aise-ASULF-1702235186671805","article_modified_time":"2025-07-09T13:57:00+00:00","og_image":[{"width":342,"height":147,"url":"https:\/\/asulf.org\/wp-content\/uploads\/2021\/05\/OQLF-3.jpg","type":"image\/jpeg"}],"twitter_card":"summary_large_image","twitter_misc":{"Dur\u00e9e de lecture estim\u00e9e":"2 minutes"},"schema":{"@context":"https:\/\/schema.org","@graph":[{"@type":"WebPage","@id":"https:\/\/asulf.org\/boite-a-outils\/","url":"https:\/\/asulf.org\/boite-a-outils\/","name":"Bo\u00eete \u00e0 outils -","isPartOf":{"@id":"https:\/\/asulf.org\/#website"},"primaryImageOfPage":{"@id":"https:\/\/asulf.org\/boite-a-outils\/#primaryimage"},"image":{"@id":"https:\/\/asulf.org\/boite-a-outils\/#primaryimage"},"thumbnailUrl":"https:\/\/asulf.org\/wp-content\/uploads\/2021\/05\/OQLF-3.jpg","datePublished":"2021-01-02T17:00:14+00:00","dateModified":"2025-07-09T13:57:00+00:00","breadcrumb":{"@id":"https:\/\/asulf.org\/boite-a-outils\/#breadcrumb"},"inLanguage":"fr-FR","potentialAction":[{"@type":"ReadAction","target":["https:\/\/asulf.org\/boite-a-outils\/"]}]},{"@type":"ImageObject","inLanguage":"fr-FR","@id":"https:\/\/asulf.org\/boite-a-outils\/#primaryimage","url":"https:\/\/asulf.org\/wp-content\/uploads\/2021\/05\/OQLF-3.jpg","contentUrl":"https:\/\/asulf.org\/wp-content\/uploads\/2021\/05\/OQLF-3.jpg","width":342,"height":147},{"@type":"BreadcrumbList","@id":"https:\/\/asulf.org\/boite-a-outils\/#breadcrumb","itemListElement":[{"@type":"ListItem","position":1,"name":"Accueil","item":"https:\/\/asulf.org\/"},{"@type":"ListItem","position":2,"name":"Bo\u00eete \u00e0 outils"}]},{"@type":"WebSite","@id":"https:\/\/asulf.org\/#website","url":"https:\/\/asulf.org\/","name":"","description":"Association pour le soutien et l\u2019usage de la langue fran\u00e7aise","publisher":{"@id":"https:\/\/asulf.org\/#organization"},"potentialAction":[{"@type":"SearchAction","target":{"@type":"EntryPoint","urlTemplate":"https:\/\/asulf.org\/?s={search_term_string}"},"query-input":{"@type":"PropertyValueSpecification","valueRequired":true,"valueName":"search_term_string"}}],"inLanguage":"fr-FR"},{"@type":"Organization","@id":"https:\/\/asulf.org\/#organization","name":"ASULF","url":"https:\/\/asulf.org\/","logo":{"@type":"ImageObject","inLanguage":"fr-FR","@id":"https:\/\/asulf.org\/#\/schema\/logo\/image\/","url":"https:\/\/asulf.org\/wp-content\/uploads\/2021\/03\/cropped-asulf-logo-png-2.png","contentUrl":"https:\/\/asulf.org\/wp-content\/uploads\/2021\/03\/cropped-asulf-logo-png-2.png","width":2068,"height":1086,"caption":"ASULF"},"image":{"@id":"https:\/\/asulf.org\/#\/schema\/logo\/image\/"},"sameAs":["https:\/\/www.facebook.com\/Association-pour-le-soutien-et-lusage-de-la-langue-fran\u00e7aise-ASULF-1702235186671805"]}]}},"_links":{"self":[{"href":"https:\/\/asulf.org\/index.php?rest_route=\/wp\/v2\/pages\/7136","targetHints":{"allow":["GET"]}}],"collection":[{"href":"https:\/\/asulf.org\/index.php?rest_route=\/wp\/v2\/pages"}],"about":[{"href":"https:\/\/asulf.org\/index.php?rest_route=\/wp\/v2\/types\/page"}],"author":[{"embeddable":true,"href":"https:\/\/asulf.org\/index.php?rest_route=\/wp\/v2\/users\/12"}],"replies":[{"embeddable":true,"href":"https:\/\/asulf.org\/index.php?rest_route=%2Fwp%2Fv2%2Fcomments&post=7136"}],"version-history":[{"count":96,"href":"https:\/\/asulf.org\/index.php?rest_route=\/wp\/v2\/pages\/7136\/revisions"}],"predecessor-version":[{"id":12374,"href":"https:\/\/asulf.org\/index.php?rest_route=\/wp\/v2\/pages\/7136\/revisions\/12374"}],"wp:featuredmedia":[{"embeddable":true,"href":"https:\/\/asulf.org\/index.php?rest_route=\/wp\/v2\/media\/7668"}],"wp:attachment":[{"href":"https:\/\/asulf.org\/index.php?rest_route=%2Fwp%2Fv2%2Fmedia&parent=7136"}],"curies":[{"name":"wp","href":"https:\/\/api.w.org\/{rel}","templated":true}]}}